{"id":35939,"date":"2017-10-17T10:17:52","date_gmt":"2019-03-15T13:02:53","guid":{"rendered":"https:\/\/www.batgroup.com\/?post_type=product&#038;p=35939"},"modified":"2023-08-01T15:42:58","modified_gmt":"2023-08-01T13:42:58","slug":"r-pitch","status":"publish","type":"product","link":"https:\/\/www.batgroup.com\/sv\/prodotto\/r-pitch\/","title":{"rendered":"R-PITCH"},"content":{"rendered":"<p>R-PITCH \u00e4r en vikarmsmarkis med galvat och lackat b\u00e4rr\u00f6r 40x40mm samt med band i kn\u00e4leden. Armarna \u00e4r individuellt st\u00e4llbara i vinkel (pitch kontroll). Markisen kan seriekopplas eller skarvas f\u00f6r att n\u00e5 st\u00f6rre bredder. Frontprofilen \u00e4r utbytbar till flera andra BAT frontprofiler.<\/p>\n<p>Markisen kan ocks\u00e5 utrustas med ett skyddstak i aluminium, special konsoler f\u00f6r undertaks montage och dukst\u00f6d vid st\u00f6rre bredder.<\/p>\n","protected":false},"excerpt":{"rendered":"<p>R &#8211; PITCH \u00e4r en \u00f6ppen terrassmarkis med ett 40 x 40 mm st\u00e5lb\u00e4rr\u00f6r f\u00f6rzinkat och lackerat och med Balteus armar med band kabel. Armklockorna med kuggst\u00e5ng som till\u00e5ter en kontinuerlig oberoende niv\u00e5reglering p\u00e5 upp till 70\u00b0 grader av varje arm. Flera olika tillbeh\u00f6r finns som ett skyddstak i pressgjuten aluminium och speciella f\u00f6r montering under tak.<\/p>\n","protected":false},"featured_media":117512,"template":"","meta":{"_acf_changed":false},"class_list":["post-35939","product","type-product","status-publish","has-post-thumbnail","hentry","product_cat-markiser","product_cat-terrassmarkiser-utan-kassett"],"acf":[],"yoast_head":"<!-- This site is optimized with the Yoast SEO plugin v27.0 - https:\/\/yoast.com\/product\/yoast-seo-wordpress\/ -->\n<title>Supporto Bracci Estensibili - R-PITCH - Bat Group<\/title>\n<meta name=\"description\" content=\"Sistema di supporto per tende a bracci estensibili a doppio cavetto inguainato e supporto braccio a cremagliera; regolazione continua fino a 70\u00b0 gradi.\" \/>\n<meta name=\"robots\" content=\"index, follow, max-snippet:-1, max-image-preview:large, max-video-preview:-1\" \/>\n<link rel=\"canonical\" href=\"https:\/\/www.batgroup.com\/sv\/prodotto\/r-pitch\/\" \/>\n<meta property=\"og:locale\" content=\"sv_SE\" \/>\n<meta property=\"og:type\" content=\"article\" \/>\n<meta property=\"og:title\" content=\"Supporto Bracci Estensibili - R-PITCH - Bat Group\" \/>\n<meta property=\"og:description\" content=\"Sistema di supporto per tende a bracci estensibili a doppio cavetto inguainato e supporto braccio a cremagliera; regolazione continua fino a 70\u00b0 gradi.\" \/>\n<meta property=\"og:url\" content=\"https:\/\/www.batgroup.com\/sv\/prodotto\/r-pitch\/\" \/>\n<meta property=\"og:site_name\" content=\"Bat Group\" \/>\n<meta property=\"article:modified_time\" content=\"2023-08-01T13:42:58+00:00\" \/>\n<meta property=\"og:image\" content=\"https:\/\/www.batgroup.com\/wp-content\/uploads\/2017\/10\/Tende_Sole_Braccio_Estensibile_R_Pitch_3.jpg\" \/>\n\t<meta property=\"og:image:width\" content=\"2000\" \/>\n\t<meta property=\"og:image:height\" content=\"1332\" \/>\n\t<meta property=\"og:image:type\" content=\"image\/jpeg\" \/>\n<meta name=\"twitter:card\" content=\"summary_large_image\" \/>\n<!-- \/ Yoast SEO plugin. -->","yoast_head_json":{"title":"Supporto Bracci Estensibili - R-PITCH - Bat Group","description":"Sistema di supporto per tende a bracci estensibili a doppio cavetto inguainato e supporto braccio a cremagliera; regolazione continua fino a 70\u00b0 gradi.","robots":{"index":"index","follow":"follow","max-snippet":"max-snippet:-1","max-image-preview":"max-image-preview:large","max-video-preview":"max-video-preview:-1"},"canonical":"https:\/\/www.batgroup.com\/sv\/prodotto\/r-pitch\/","og_locale":"sv_SE","og_type":"article","og_title":"Supporto Bracci Estensibili - R-PITCH - Bat Group","og_description":"Sistema di supporto per tende a bracci estensibili a doppio cavetto inguainato e supporto braccio a cremagliera; regolazione continua fino a 70\u00b0 gradi.","og_url":"https:\/\/www.batgroup.com\/sv\/prodotto\/r-pitch\/","og_site_name":"Bat Group","article_modified_time":"2023-08-01T13:42:58+00:00","og_image":[{"width":2000,"height":1332,"url":"https:\/\/www.batgroup.com\/wp-content\/uploads\/2017\/10\/Tende_Sole_Braccio_Estensibile_R_Pitch_3.jpg","type":"image\/jpeg"}],"twitter_card":"summary_large_image","schema":{"@context":"https:\/\/schema.org","@graph":[{"@type":"WebPage","@id":"https:\/\/www.batgroup.com\/sv\/prodotto\/r-pitch\/","url":"https:\/\/www.batgroup.com\/sv\/prodotto\/r-pitch\/","name":"Supporto Bracci Estensibili - R-PITCH - Bat Group","isPartOf":{"@id":"https:\/\/www.batgroup.com\/us\/#website"},"primaryImageOfPage":{"@id":"https:\/\/www.batgroup.com\/sv\/prodotto\/r-pitch\/#primaryimage"},"image":{"@id":"https:\/\/www.batgroup.com\/sv\/prodotto\/r-pitch\/#primaryimage"},"thumbnailUrl":"https:\/\/www.batgroup.com\/wp-content\/uploads\/2017\/10\/R-PITCH_22.jpg","datePublished":"2019-03-15T13:02:53+00:00","dateModified":"2023-08-01T13:42:58+00:00","description":"Sistema di supporto per tende a bracci estensibili a doppio cavetto inguainato e supporto braccio a cremagliera; regolazione continua fino a 70\u00b0 gradi.","breadcrumb":{"@id":"https:\/\/www.batgroup.com\/sv\/prodotto\/r-pitch\/#breadcrumb"},"inLanguage":"sv-SE","potentialAction":[{"@type":"ReadAction","target":["https:\/\/www.batgroup.com\/sv\/prodotto\/r-pitch\/"]}]},{"@type":"ImageObject","inLanguage":"sv-SE","@id":"https:\/\/www.batgroup.com\/sv\/prodotto\/r-pitch\/#primaryimage","url":"https:\/\/www.batgroup.com\/wp-content\/uploads\/2017\/10\/R-PITCH_22.jpg","contentUrl":"https:\/\/www.batgroup.com\/wp-content\/uploads\/2017\/10\/R-PITCH_22.jpg","width":2560,"height":1811},{"@type":"BreadcrumbList","@id":"https:\/\/www.batgroup.com\/sv\/prodotto\/r-pitch\/#breadcrumb","itemListElement":[{"@type":"ListItem","position":1,"name":"Home","item":"https:\/\/www.batgroup.com\/sv\/"},{"@type":"ListItem","position":2,"name":"Produkter","item":"https:\/\/www.batgroup.com\/sv\/produkter\/"},{"@type":"ListItem","position":3,"name":"R-PITCH"}]},{"@type":"WebSite","@id":"https:\/\/www.batgroup.com\/us\/#website","url":"https:\/\/www.batgroup.com\/us\/","name":"Bat Group","description":"Accessori e componenti per sistemi di schermatura solare","potentialAction":[{"@type":"SearchAction","target":{"@type":"EntryPoint","urlTemplate":"https:\/\/www.batgroup.com\/us\/?s={search_term_string}"},"query-input":{"@type":"PropertyValueSpecification","valueRequired":true,"valueName":"search_term_string"}}],"inLanguage":"sv-SE"}]}},"_links":{"self":[{"href":"https:\/\/www.batgroup.com\/sv\/wp-json\/wp\/v2\/product\/35939\/"}],"collection":[{"href":"https:\/\/www.batgroup.com\/sv\/wp-json\/wp\/v2\/product\/"}],"about":[{"href":"https:\/\/www.batgroup.com\/sv\/wp-json\/wp\/v2\/types\/product\/"}],"wp:featuredmedia":[{"embeddable":true,"href":"https:\/\/www.batgroup.com\/sv\/wp-json\/wp\/v2\/media\/117512\/"}],"wp:attachment":[{"href":"https:\/\/www.batgroup.com\/sv\/wp-json\/wp\/v2\/media\/?parent=35939"}],"curies":[{"name":"wp","href":"https:\/\/api.w.org\/{rel}","templated":true}]}}