{"id":35919,"date":"2017-10-03T16:44:44","date_gmt":"2019-03-15T13:11:06","guid":{"rendered":"https:\/\/www.batgroup.com\/?post_type=product&#038;p=35919"},"modified":"2022-09-05T15:18:20","modified_gmt":"2022-09-05T13:18:20","slug":"giant-bq","status":"publish","type":"product","link":"https:\/\/www.batgroup.com\/sv\/prodotto\/giant-bq\/","title":{"rendered":"GIANT BQ"},"content":{"rendered":"<p>GIANT \u00e4r en vikarmsmarkis med 50mm b\u00e4rr\u00f6r i st\u00e5l. Konsoler i aluminium med styrka och kompakt utformning ger ett elegant utseende. Storleken och designen p\u00e5 denna markis g\u00f6r den perfekt f\u00f6r b\u00e5de privat och offentlig milj\u00f6. Armarna \u00e4r speciella \u201cSpin\u201d armar utvecklade till denna markis med gjutna armklockor och kn\u00e4led.<\/p>\n","protected":false},"excerpt":{"rendered":"<p>GIANT PS \u00e4r en \u00f6ppen terrassmarkis med kraftiga armar och f\u00f6rzinkat och lackat b\u00e4rr\u00f6r f\u00f6r smidig installation. Armklockorna i pressgjuten aluminum garanterar stabilitet och styrka och gavlarna i lackerad aluminium ger ett elegant och diskret intryck. Styrka och design g\u00f6r den perfekt f\u00f6r att t\u00e4cka st\u00f6rre terrasser f\u00f6r b\u00e5de privat och offentlig milj\u00f6.<\/p>\n","protected":false},"featured_media":35920,"template":"","meta":{"_acf_changed":false},"class_list":["post-35919","product","type-product","status-publish","has-post-thumbnail","hentry","product_cat-markiser","product_cat-terrassmarkiser-utan-kassett","product_tag-giant-bq"],"acf":[],"yoast_head":"<!-- This site is optimized with the Yoast SEO plugin v27.3 - https:\/\/yoast.com\/product\/yoast-seo-wordpress\/ -->\n<title>Componenti Tenda a Bracci - Giant BQ - Bat Group<\/title>\n<meta name=\"description\" content=\"Un sistema adatto a tenda a bracci su barra quadra in acciaio 50 mm. Compattezza e design la rendono perfetta per coperture di terrazze pubbliche e patii privati\" \/>\n<meta name=\"robots\" content=\"index, follow, max-snippet:-1, max-image-preview:large, max-video-preview:-1\" \/>\n<link rel=\"canonical\" href=\"https:\/\/www.batgroup.com\/sv\/prodotto\/giant-bq\/\" \/>\n<meta property=\"og:locale\" content=\"sv_SE\" \/>\n<meta property=\"og:type\" content=\"article\" \/>\n<meta property=\"og:title\" content=\"Componenti Tenda a Bracci - Giant BQ - Bat Group\" \/>\n<meta property=\"og:description\" content=\"Un sistema adatto a tenda a bracci su barra quadra in acciaio 50 mm. Compattezza e design la rendono perfetta per coperture di terrazze pubbliche e patii privati\" \/>\n<meta property=\"og:url\" content=\"https:\/\/www.batgroup.com\/sv\/prodotto\/giant-bq\/\" \/>\n<meta property=\"og:site_name\" content=\"Bat Group\" \/>\n<meta property=\"article:modified_time\" content=\"2022-09-05T13:18:20+00:00\" \/>\n<meta property=\"og:image\" content=\"https:\/\/www.batgroup.com\/wp-content\/uploads\/2017\/10\/giant-bq.jpg\" \/>\n\t<meta property=\"og:image:width\" content=\"460\" \/>\n\t<meta property=\"og:image:height\" content=\"180\" \/>\n\t<meta property=\"og:image:type\" content=\"image\/jpeg\" \/>\n<meta name=\"twitter:card\" content=\"summary_large_image\" \/>\n<!-- \/ Yoast SEO plugin. -->","yoast_head_json":{"title":"Componenti Tenda a Bracci - Giant BQ - Bat Group","description":"Un sistema adatto a tenda a bracci su barra quadra in acciaio 50 mm. Compattezza e design la rendono perfetta per coperture di terrazze pubbliche e patii privati","robots":{"index":"index","follow":"follow","max-snippet":"max-snippet:-1","max-image-preview":"max-image-preview:large","max-video-preview":"max-video-preview:-1"},"canonical":"https:\/\/www.batgroup.com\/sv\/prodotto\/giant-bq\/","og_locale":"sv_SE","og_type":"article","og_title":"Componenti Tenda a Bracci - Giant BQ - Bat Group","og_description":"Un sistema adatto a tenda a bracci su barra quadra in acciaio 50 mm. Compattezza e design la rendono perfetta per coperture di terrazze pubbliche e patii privati","og_url":"https:\/\/www.batgroup.com\/sv\/prodotto\/giant-bq\/","og_site_name":"Bat Group","article_modified_time":"2022-09-05T13:18:20+00:00","og_image":[{"width":460,"height":180,"url":"https:\/\/www.batgroup.com\/wp-content\/uploads\/2017\/10\/giant-bq.jpg","type":"image\/jpeg"}],"twitter_card":"summary_large_image","schema":{"@context":"https:\/\/schema.org","@graph":[{"@type":"WebPage","@id":"https:\/\/www.batgroup.com\/sv\/prodotto\/giant-bq\/","url":"https:\/\/www.batgroup.com\/sv\/prodotto\/giant-bq\/","name":"Componenti Tenda a Bracci - Giant BQ - Bat Group","isPartOf":{"@id":"https:\/\/www.batgroup.com\/us\/#website"},"primaryImageOfPage":{"@id":"https:\/\/www.batgroup.com\/sv\/prodotto\/giant-bq\/#primaryimage"},"image":{"@id":"https:\/\/www.batgroup.com\/sv\/prodotto\/giant-bq\/#primaryimage"},"thumbnailUrl":"https:\/\/www.batgroup.com\/wp-content\/uploads\/2017\/10\/giant-bq.jpg","datePublished":"2019-03-15T13:11:06+00:00","dateModified":"2022-09-05T13:18:20+00:00","description":"Un sistema adatto a tenda a bracci su barra quadra in acciaio 50 mm. Compattezza e design la rendono perfetta per coperture di terrazze pubbliche e patii privati","breadcrumb":{"@id":"https:\/\/www.batgroup.com\/sv\/prodotto\/giant-bq\/#breadcrumb"},"inLanguage":"sv-SE","potentialAction":[{"@type":"ReadAction","target":["https:\/\/www.batgroup.com\/sv\/prodotto\/giant-bq\/"]}]},{"@type":"ImageObject","inLanguage":"sv-SE","@id":"https:\/\/www.batgroup.com\/sv\/prodotto\/giant-bq\/#primaryimage","url":"https:\/\/www.batgroup.com\/wp-content\/uploads\/2017\/10\/giant-bq.jpg","contentUrl":"https:\/\/www.batgroup.com\/wp-content\/uploads\/2017\/10\/giant-bq.jpg","width":460,"height":180},{"@type":"BreadcrumbList","@id":"https:\/\/www.batgroup.com\/sv\/prodotto\/giant-bq\/#breadcrumb","itemListElement":[{"@type":"ListItem","position":1,"name":"Home","item":"https:\/\/www.batgroup.com\/sv\/"},{"@type":"ListItem","position":2,"name":"Produkter","item":"https:\/\/www.batgroup.com\/sv\/produkter\/"},{"@type":"ListItem","position":3,"name":"GIANT BQ"}]},{"@type":"WebSite","@id":"https:\/\/www.batgroup.com\/us\/#website","url":"https:\/\/www.batgroup.com\/us\/","name":"Bat Group","description":"Accessori e componenti per sistemi di schermatura solare","potentialAction":[{"@type":"SearchAction","target":{"@type":"EntryPoint","urlTemplate":"https:\/\/www.batgroup.com\/us\/?s={search_term_string}"},"query-input":{"@type":"PropertyValueSpecification","valueRequired":true,"valueName":"search_term_string"}}],"inLanguage":"sv-SE"}]}},"_links":{"self":[{"href":"https:\/\/www.batgroup.com\/sv\/wp-json\/wp\/v2\/product\/35919\/"}],"collection":[{"href":"https:\/\/www.batgroup.com\/sv\/wp-json\/wp\/v2\/product\/"}],"about":[{"href":"https:\/\/www.batgroup.com\/sv\/wp-json\/wp\/v2\/types\/product\/"}],"wp:featuredmedia":[{"embeddable":true,"href":"https:\/\/www.batgroup.com\/sv\/wp-json\/wp\/v2\/media\/35920\/"}],"wp:attachment":[{"href":"https:\/\/www.batgroup.com\/sv\/wp-json\/wp\/v2\/media\/?parent=35919"}],"curies":[{"name":"wp","href":"https:\/\/api.w.org\/{rel}","templated":true}]}}