{"id":35900,"date":"2017-09-27T11:35:43","date_gmt":"2020-02-10T14:34:01","guid":{"rendered":"https:\/\/www.batgroup.com\/?post_type=product&#038;p=35900"},"modified":"2023-07-27T17:32:45","modified_gmt":"2023-07-27T15:32:45","slug":"zenith","status":"publish","type":"product","link":"https:\/\/www.batgroup.com\/sv\/prodotto\/zenith\/","title":{"rendered":"ZENITH"},"content":{"rendered":"","protected":false},"excerpt":{"rendered":"<p>ZENITH \u00e4r en markis med utdragbara armmar p\u00e5 kvadrat st\u00e5ng 50x30mm och med total markiskassett. P\u00e5litlig och funktionell tack vare f\u00f6rdelarna med installationen p\u00e5 fyrkantig st\u00e5ng och p\u00e5 BAT tippbara pantentskyddade system som alltid garanterar en perfekt st\u00e4ngning av \u00e4nddelen \u00e4ven vid maximal lutning.<\/p>\n<p><strong>Zenith kan idag f\u00f6rutses med en fr\u00e4mre markiskassetten som kan garantera utm\u00e4rkta prestanda och maximal vertikal st\u00e4ngning.<\/strong><\/p>\n","protected":false},"featured_media":103301,"template":"","meta":{"_acf_changed":false},"class_list":["post-35900","product","type-product","status-publish","has-post-thumbnail","hentry","product_cat-markiser","product_cat-terrassmarkiser-i-kassett"],"acf":[],"yoast_head":"<!-- This site is optimized with the Yoast SEO plugin v27.0 - https:\/\/yoast.com\/product\/yoast-seo-wordpress\/ -->\n<title>Sistema per Tende da Sole - Zenith - Bat Group<\/title>\n<meta name=\"description\" content=\"Zenith, sistema di supporto per tende da sole con cassonetto, integrabile di cassonetto a terminale. Prestazioni di eccellenza e massima chiusura verticale.\" \/>\n<meta name=\"robots\" content=\"index, follow, max-snippet:-1, max-image-preview:large, max-video-preview:-1\" \/>\n<link rel=\"canonical\" href=\"https:\/\/www.batgroup.com\/sv\/prodotto\/zenith\/\" \/>\n<meta property=\"og:locale\" content=\"sv_SE\" \/>\n<meta property=\"og:type\" content=\"article\" \/>\n<meta property=\"og:title\" content=\"Sistema per Tende da Sole - Zenith - Bat Group\" \/>\n<meta property=\"og:description\" content=\"Zenith, sistema di supporto per tende da sole con cassonetto, integrabile di cassonetto a terminale. Prestazioni di eccellenza e massima chiusura verticale.\" \/>\n<meta property=\"og:url\" content=\"https:\/\/www.batgroup.com\/sv\/prodotto\/zenith\/\" \/>\n<meta property=\"og:site_name\" content=\"Bat Group\" \/>\n<meta property=\"article:modified_time\" content=\"2023-07-27T15:32:45+00:00\" \/>\n<meta property=\"og:image\" content=\"https:\/\/www.batgroup.com\/wp-content\/uploads\/2017\/09\/Zenith_ALTA-ps.jpg\" \/>\n\t<meta property=\"og:image:width\" content=\"2136\" \/>\n\t<meta property=\"og:image:height\" content=\"1425\" \/>\n\t<meta property=\"og:image:type\" content=\"image\/jpeg\" \/>\n<meta name=\"twitter:card\" content=\"summary_large_image\" \/>\n<!-- \/ Yoast SEO plugin. -->","yoast_head_json":{"title":"Sistema per Tende da Sole - Zenith - Bat Group","description":"Zenith, sistema di supporto per tende da sole con cassonetto, integrabile di cassonetto a terminale. Prestazioni di eccellenza e massima chiusura verticale.","robots":{"index":"index","follow":"follow","max-snippet":"max-snippet:-1","max-image-preview":"max-image-preview:large","max-video-preview":"max-video-preview:-1"},"canonical":"https:\/\/www.batgroup.com\/sv\/prodotto\/zenith\/","og_locale":"sv_SE","og_type":"article","og_title":"Sistema per Tende da Sole - Zenith - Bat Group","og_description":"Zenith, sistema di supporto per tende da sole con cassonetto, integrabile di cassonetto a terminale. Prestazioni di eccellenza e massima chiusura verticale.","og_url":"https:\/\/www.batgroup.com\/sv\/prodotto\/zenith\/","og_site_name":"Bat Group","article_modified_time":"2023-07-27T15:32:45+00:00","og_image":[{"width":2136,"height":1425,"url":"https:\/\/www.batgroup.com\/wp-content\/uploads\/2017\/09\/Zenith_ALTA-ps.jpg","type":"image\/jpeg"}],"twitter_card":"summary_large_image","schema":{"@context":"https:\/\/schema.org","@graph":[{"@type":"WebPage","@id":"https:\/\/www.batgroup.com\/sv\/prodotto\/zenith\/","url":"https:\/\/www.batgroup.com\/sv\/prodotto\/zenith\/","name":"Sistema per Tende da Sole - Zenith - Bat Group","isPartOf":{"@id":"https:\/\/www.batgroup.com\/us\/#website"},"primaryImageOfPage":{"@id":"https:\/\/www.batgroup.com\/sv\/prodotto\/zenith\/#primaryimage"},"image":{"@id":"https:\/\/www.batgroup.com\/sv\/prodotto\/zenith\/#primaryimage"},"thumbnailUrl":"https:\/\/www.batgroup.com\/wp-content\/uploads\/2017\/09\/Zenith_22_low.jpg","datePublished":"2020-02-10T14:34:01+00:00","dateModified":"2023-07-27T15:32:45+00:00","description":"Zenith, sistema di supporto per tende da sole con cassonetto, integrabile di cassonetto a terminale. Prestazioni di eccellenza e massima chiusura verticale.","breadcrumb":{"@id":"https:\/\/www.batgroup.com\/sv\/prodotto\/zenith\/#breadcrumb"},"inLanguage":"sv-SE","potentialAction":[{"@type":"ReadAction","target":["https:\/\/www.batgroup.com\/sv\/prodotto\/zenith\/"]}]},{"@type":"ImageObject","inLanguage":"sv-SE","@id":"https:\/\/www.batgroup.com\/sv\/prodotto\/zenith\/#primaryimage","url":"https:\/\/www.batgroup.com\/wp-content\/uploads\/2017\/09\/Zenith_22_low.jpg","contentUrl":"https:\/\/www.batgroup.com\/wp-content\/uploads\/2017\/09\/Zenith_22_low.jpg","width":2560,"height":1810},{"@type":"BreadcrumbList","@id":"https:\/\/www.batgroup.com\/sv\/prodotto\/zenith\/#breadcrumb","itemListElement":[{"@type":"ListItem","position":1,"name":"Home","item":"https:\/\/www.batgroup.com\/sv\/"},{"@type":"ListItem","position":2,"name":"Produkter","item":"https:\/\/www.batgroup.com\/sv\/produkter\/"},{"@type":"ListItem","position":3,"name":"ZENITH"}]},{"@type":"WebSite","@id":"https:\/\/www.batgroup.com\/us\/#website","url":"https:\/\/www.batgroup.com\/us\/","name":"Bat Group","description":"Accessori e componenti per sistemi di schermatura solare","potentialAction":[{"@type":"SearchAction","target":{"@type":"EntryPoint","urlTemplate":"https:\/\/www.batgroup.com\/us\/?s={search_term_string}"},"query-input":{"@type":"PropertyValueSpecification","valueRequired":true,"valueName":"search_term_string"}}],"inLanguage":"sv-SE"}]}},"_links":{"self":[{"href":"https:\/\/www.batgroup.com\/sv\/wp-json\/wp\/v2\/product\/35900\/"}],"collection":[{"href":"https:\/\/www.batgroup.com\/sv\/wp-json\/wp\/v2\/product\/"}],"about":[{"href":"https:\/\/www.batgroup.com\/sv\/wp-json\/wp\/v2\/types\/product\/"}],"wp:featuredmedia":[{"embeddable":true,"href":"https:\/\/www.batgroup.com\/sv\/wp-json\/wp\/v2\/media\/103301\/"}],"wp:attachment":[{"href":"https:\/\/www.batgroup.com\/sv\/wp-json\/wp\/v2\/media\/?parent=35900"}],"curies":[{"name":"wp","href":"https:\/\/api.w.org\/{rel}","templated":true}]}}