{"id":127265,"date":"2023-12-07T12:11:26","date_gmt":"2023-12-07T11:11:26","guid":{"rendered":"https:\/\/www.batgroup.com\/?post_type=product&#038;p=127265"},"modified":"2023-12-07T12:19:20","modified_gmt":"2023-12-07T11:19:20","slug":"screeny-85-gpz-snap","status":"publish","type":"product","link":"https:\/\/www.batgroup.com\/sv\/prodotto\/screeny-85-gpz-snap\/","title":{"rendered":"SCREENY 85 GPZ SNAP"},"content":{"rendered":"<p>SCREENY SNAP \u00e4r det senaste tillskottet i BATs Screeny-sortiment. Den \u00e4r utvecklad speciellt f\u00f6r 85-boxen och avst\u00e5nd mellan styrskenorna\/Kassetten och v\u00e4ggen justeras med h\u00f6g precision tack vare en 1 cm klickbar distansprofil. Designad f\u00f6r att fungera sj\u00e4lvb\u00e4rande, Screeny Snaps maximala storleken \u00e4r 300\u00d7250cm. Den anv\u00e4nds med b\u00e5de rund\/fyrkantigformad box. Screeny Snapp skiljer sig fr\u00e5n \u00f6vriga produkter i prislistan eftersom den inte kr\u00e4ver lock, vilket g\u00f6r installationen b\u00e5de snabbare och effektivare.<\/p>\n","protected":false},"excerpt":{"rendered":"<p>SCREENY SNAP \u00e4r det senaste tillskottet i BATs Screeny-sortiment. Den \u00e4r utvecklad speciellt f\u00f6r 85-boxen och avst\u00e5nd mellan styrskenorna\/Kassetten och v\u00e4ggen justeras med h\u00f6g precision tack vare en 1 cm klickbar distansprofil. Designad f\u00f6r att fungera sj\u00e4lvb\u00e4rande, Screeny Snaps maximala storleken \u00e4r 300\u00d7250cm. Den anv\u00e4nds med b\u00e5de rund\/fyrkantigformad box. Screeny Snapp skiljer sig fr\u00e5n \u00f6vriga [&hellip;]<\/p>\n","protected":false},"featured_media":126553,"template":"","meta":{"_acf_changed":false},"class_list":["post-127265","product","type-product","status-publish","has-post-thumbnail","hentry","product_cat-screeny-85-sv"],"acf":[],"yoast_head":"<!-- This site is optimized with the Yoast SEO plugin v27.3 - https:\/\/yoast.com\/product\/yoast-seo-wordpress\/ -->\n<title>SCREENY 85 GPZ SNAP - Bat Group<\/title>\n<meta name=\"description\" content=\"SCREENY SNAP \u00e4r det senaste tillskottet i BAT:s Screeny-sortiment, utvecklat specifikt f\u00f6r kassett 85. Utforska sortimentet.\" \/>\n<meta name=\"robots\" content=\"index, follow, max-snippet:-1, max-image-preview:large, max-video-preview:-1\" \/>\n<link rel=\"canonical\" href=\"https:\/\/www.batgroup.com\/sv\/prodotto\/screeny-85-gpz-snap\/\" \/>\n<meta property=\"og:locale\" content=\"sv_SE\" \/>\n<meta property=\"og:type\" content=\"article\" \/>\n<meta property=\"og:title\" content=\"SCREENY 85 GPZ SNAP - Bat Group\" \/>\n<meta property=\"og:description\" content=\"SCREENY SNAP \u00e4r det senaste tillskottet i BAT:s Screeny-sortiment, utvecklat specifikt f\u00f6r kassett 85. Utforska sortimentet.\" \/>\n<meta property=\"og:url\" content=\"https:\/\/www.batgroup.com\/sv\/prodotto\/screeny-85-gpz-snap\/\" \/>\n<meta property=\"og:site_name\" content=\"Bat Group\" \/>\n<meta property=\"article:modified_time\" content=\"2023-12-07T11:19:20+00:00\" \/>\n<meta property=\"og:image\" content=\"https:\/\/www.batgroup.com\/wp-content\/uploads\/2023\/11\/Creeny-85-GPZ-Snap-2-1-1024x723.png\" \/>\n\t<meta property=\"og:image:width\" content=\"1024\" \/>\n\t<meta property=\"og:image:height\" content=\"723\" \/>\n\t<meta property=\"og:image:type\" content=\"image\/png\" \/>\n<meta name=\"twitter:card\" content=\"summary_large_image\" \/>\n<meta name=\"twitter:label1\" content=\"Ber\u00e4knad l\u00e4stid\" \/>\n\t<meta name=\"twitter:data1\" content=\"1 minut\" \/>\n<!-- \/ Yoast SEO plugin. -->","yoast_head_json":{"title":"SCREENY 85 GPZ SNAP - Bat Group","description":"SCREENY SNAP \u00e4r det senaste tillskottet i BAT:s Screeny-sortiment, utvecklat specifikt f\u00f6r kassett 85. Utforska sortimentet.","robots":{"index":"index","follow":"follow","max-snippet":"max-snippet:-1","max-image-preview":"max-image-preview:large","max-video-preview":"max-video-preview:-1"},"canonical":"https:\/\/www.batgroup.com\/sv\/prodotto\/screeny-85-gpz-snap\/","og_locale":"sv_SE","og_type":"article","og_title":"SCREENY 85 GPZ SNAP - Bat Group","og_description":"SCREENY SNAP \u00e4r det senaste tillskottet i BAT:s Screeny-sortiment, utvecklat specifikt f\u00f6r kassett 85. Utforska sortimentet.","og_url":"https:\/\/www.batgroup.com\/sv\/prodotto\/screeny-85-gpz-snap\/","og_site_name":"Bat Group","article_modified_time":"2023-12-07T11:19:20+00:00","og_image":[{"width":1024,"height":723,"url":"https:\/\/www.batgroup.com\/wp-content\/uploads\/2023\/11\/Creeny-85-GPZ-Snap-2-1-1024x723.png","type":"image\/png"}],"twitter_card":"summary_large_image","twitter_misc":{"Ber\u00e4knad l\u00e4stid":"1 minut"},"schema":{"@context":"https:\/\/schema.org","@graph":[{"@type":"WebPage","@id":"https:\/\/www.batgroup.com\/sv\/prodotto\/screeny-85-gpz-snap\/","url":"https:\/\/www.batgroup.com\/sv\/prodotto\/screeny-85-gpz-snap\/","name":"SCREENY 85 GPZ SNAP - Bat Group","isPartOf":{"@id":"https:\/\/www.batgroup.com\/us\/#website"},"primaryImageOfPage":{"@id":"https:\/\/www.batgroup.com\/sv\/prodotto\/screeny-85-gpz-snap\/#primaryimage"},"image":{"@id":"https:\/\/www.batgroup.com\/sv\/prodotto\/screeny-85-gpz-snap\/#primaryimage"},"thumbnailUrl":"https:\/\/www.batgroup.com\/wp-content\/uploads\/2023\/11\/Creeny-85-GPZ-Snap-2-1.png","datePublished":"2023-12-07T11:11:26+00:00","dateModified":"2023-12-07T11:19:20+00:00","description":"SCREENY SNAP \u00e4r det senaste tillskottet i BAT:s Screeny-sortiment, utvecklat specifikt f\u00f6r kassett 85. Utforska sortimentet.","breadcrumb":{"@id":"https:\/\/www.batgroup.com\/sv\/prodotto\/screeny-85-gpz-snap\/#breadcrumb"},"inLanguage":"sv-SE","potentialAction":[{"@type":"ReadAction","target":["https:\/\/www.batgroup.com\/sv\/prodotto\/screeny-85-gpz-snap\/"]}]},{"@type":"ImageObject","inLanguage":"sv-SE","@id":"https:\/\/www.batgroup.com\/sv\/prodotto\/screeny-85-gpz-snap\/#primaryimage","url":"https:\/\/www.batgroup.com\/wp-content\/uploads\/2023\/11\/Creeny-85-GPZ-Snap-2-1.png","contentUrl":"https:\/\/www.batgroup.com\/wp-content\/uploads\/2023\/11\/Creeny-85-GPZ-Snap-2-1.png","width":1756,"height":1239},{"@type":"BreadcrumbList","@id":"https:\/\/www.batgroup.com\/sv\/prodotto\/screeny-85-gpz-snap\/#breadcrumb","itemListElement":[{"@type":"ListItem","position":1,"name":"Home","item":"https:\/\/www.batgroup.com\/sv\/"},{"@type":"ListItem","position":2,"name":"Produkter","item":"https:\/\/www.batgroup.com\/sv\/produkter\/"},{"@type":"ListItem","position":3,"name":"SCREENY 85 GPZ SNAP"}]},{"@type":"WebSite","@id":"https:\/\/www.batgroup.com\/us\/#website","url":"https:\/\/www.batgroup.com\/us\/","name":"Bat Group","description":"Accessori e componenti per sistemi di schermatura solare","potentialAction":[{"@type":"SearchAction","target":{"@type":"EntryPoint","urlTemplate":"https:\/\/www.batgroup.com\/us\/?s={search_term_string}"},"query-input":{"@type":"PropertyValueSpecification","valueRequired":true,"valueName":"search_term_string"}}],"inLanguage":"sv-SE"}]}},"_links":{"self":[{"href":"https:\/\/www.batgroup.com\/sv\/wp-json\/wp\/v2\/product\/127265\/"}],"collection":[{"href":"https:\/\/www.batgroup.com\/sv\/wp-json\/wp\/v2\/product\/"}],"about":[{"href":"https:\/\/www.batgroup.com\/sv\/wp-json\/wp\/v2\/types\/product\/"}],"wp:featuredmedia":[{"embeddable":true,"href":"https:\/\/www.batgroup.com\/sv\/wp-json\/wp\/v2\/media\/126553\/"}],"wp:attachment":[{"href":"https:\/\/www.batgroup.com\/sv\/wp-json\/wp\/v2\/media\/?parent=127265"}],"curies":[{"name":"wp","href":"https:\/\/api.w.org\/{rel}","templated":true}]}}