{"id":67979,"date":"2020-04-16T14:59:29","date_gmt":"2020-11-06T14:09:58","guid":{"rendered":"https:\/\/www.batgroup.com\/?post_type=product&#038;p=67979"},"modified":"2024-08-01T17:50:32","modified_gmt":"2024-08-01T15:50:32","slug":"sirio","status":"publish","type":"product","link":"https:\/\/www.batgroup.com\/fr\/prodotto\/sirio\/","title":{"rendered":"SIRIO"},"content":{"rendered":"<p>Leader depuis plus de 35 ans sur le march\u00e9 mondial des accessoires pour protection solaire, BAT Group pr\u00e9sente sa premi\u00e8re nouveaut\u00e9 de 2020. Voici <strong>SIRIO<\/strong>, la nouvelle pergola adoss\u00e9e aux lignes \u00e9pur\u00e9es et au design minimaliste, avec fermeture ZIP\u00a8et toile enroulable.<\/p>\n<p>SIRIO by BAT est disponible aussi bien en version adoss\u00e9e au mur avec poteaux- <strong>SIRIO WALL<\/strong> &#8211; que dans la version \u00abtoit\u00bb qui peut \u00eatre int\u00e9gr\u00e9e \u00e0 une structure pr\u00e9existante. SIRIO a \u00e9t\u00e9 con\u00e7u pour \u00eatre combin\u00e9 avec des structures existantes avec un excellent impact esth\u00e9tique, gr\u00e2ce \u00e0 sa fixation murale parfaitement aboutie.<\/p>\n<p>Les dimensions atteignent un maximum de 6 x 5 m\u00e8tres. avec la possibilit\u00e9 de placer plusieurs modules c\u00f4te \u00e0 c\u00f4te. Il peut avoir une inclinaison variable de 10 \u00e0 30 \u00b0, avec une pente minimale de 10 \u00b0. SIRIO est \u00e9quip\u00e9 de vis en acier inoxydable et sans fixations apparentes pour un r\u00e9sultat final impeccable.<\/p>\n<p><u>SIRIO \u2013 D\u00e9tails techniques:<\/u><\/p>\n<ul>\n<li>Profil mural de jonction (en option)<\/li>\n<li>Bandeaux led sur les guides et sous coffre<\/li>\n<li>Profil suppl\u00e9mentaire sur le coffre pour cacher les transformateurs et tous les composants \u00e9lectriques<\/li>\n<li>Goutti\u00e8re dans la barre de charge pour acheminer l&#8217;eau de pluie vers les poteaux et l&#8217;\u00e9vacuer par le bas<\/li>\n<li>Grille de filtre dans la barre de charge pour \u00e9viter l&#8217;accumulation de salet\u00e9 sur le syst\u00e8me d\u2019\u00e9vacuation de l\u2019eau<\/li>\n<li>Pied r\u00e9glable en hauteur<\/li>\n<li>Lambrequin d\u00e9roulable (en option).<\/li>\n<\/ul>\n","protected":false},"excerpt":{"rendered":"[video width=\"1920\" height=\"1080\" mp4=\"https:\/\/www.batgroup.com\/wp-content\/uploads\/2020\/04\/SIRIO.mp4\"][\/video]\n","protected":false},"featured_media":138653,"template":"","meta":{"_acf_changed":false},"class_list":["post-67979","product","type-product","status-publish","has-post-thumbnail","hentry","product_cat-stores-pour-verandas","product_tag-sirio-fr"],"acf":[],"yoast_head":"<!-- This site is optimized with the Yoast SEO plugin v27.0 - https:\/\/yoast.com\/product\/yoast-seo-wordpress\/ -->\n<title>SIRIO - Bat Group<\/title>\n<meta name=\"description\" content=\"SIRIO \u00e8 la tenda a pergola novit\u00e0 2020 di BAT Group: una tenda a pergola dalle linee pulite e dal design minimale, con zip e telo avvolto. SIRIO \u00e8 stata progettata per essere accostata a strutture esistenti con un ottimo impatto estetico.\" \/>\n<meta name=\"robots\" content=\"index, follow, max-snippet:-1, max-image-preview:large, max-video-preview:-1\" \/>\n<link rel=\"canonical\" href=\"https:\/\/www.batgroup.com\/fr\/prodotto\/sirio\/\" \/>\n<meta property=\"og:locale\" content=\"fr_FR\" \/>\n<meta property=\"og:type\" content=\"article\" \/>\n<meta property=\"og:title\" content=\"SIRIO - Bat Group\" \/>\n<meta property=\"og:description\" content=\"SIRIO \u00e8 la tenda a pergola novit\u00e0 2020 di BAT Group: una tenda a pergola dalle linee pulite e dal design minimale, con zip e telo avvolto. SIRIO \u00e8 stata progettata per essere accostata a strutture esistenti con un ottimo impatto estetico.\" \/>\n<meta property=\"og:url\" content=\"https:\/\/www.batgroup.com\/fr\/prodotto\/sirio\/\" \/>\n<meta property=\"og:site_name\" content=\"Bat Group\" \/>\n<meta property=\"article:modified_time\" content=\"2024-08-01T15:50:32+00:00\" \/>\n<meta property=\"og:image\" content=\"https:\/\/www.batgroup.com\/wp-content\/uploads\/2020\/04\/BAT_SIRIO_ambiente-3_Low-1024x724.jpg\" \/>\n\t<meta property=\"og:image:width\" content=\"1024\" \/>\n\t<meta property=\"og:image:height\" content=\"724\" \/>\n\t<meta property=\"og:image:type\" content=\"image\/jpeg\" \/>\n<meta name=\"twitter:card\" content=\"summary_large_image\" \/>\n<meta name=\"twitter:label1\" content=\"Dur\u00e9e de lecture estim\u00e9e\" \/>\n\t<meta name=\"twitter:data1\" content=\"2 minutes\" \/>\n<!-- \/ Yoast SEO plugin. -->","yoast_head_json":{"title":"SIRIO - Bat Group","description":"SIRIO \u00e8 la tenda a pergola novit\u00e0 2020 di BAT Group: una tenda a pergola dalle linee pulite e dal design minimale, con zip e telo avvolto. SIRIO \u00e8 stata progettata per essere accostata a strutture esistenti con un ottimo impatto estetico.","robots":{"index":"index","follow":"follow","max-snippet":"max-snippet:-1","max-image-preview":"max-image-preview:large","max-video-preview":"max-video-preview:-1"},"canonical":"https:\/\/www.batgroup.com\/fr\/prodotto\/sirio\/","og_locale":"fr_FR","og_type":"article","og_title":"SIRIO - Bat Group","og_description":"SIRIO \u00e8 la tenda a pergola novit\u00e0 2020 di BAT Group: una tenda a pergola dalle linee pulite e dal design minimale, con zip e telo avvolto. SIRIO \u00e8 stata progettata per essere accostata a strutture esistenti con un ottimo impatto estetico.","og_url":"https:\/\/www.batgroup.com\/fr\/prodotto\/sirio\/","og_site_name":"Bat Group","article_modified_time":"2024-08-01T15:50:32+00:00","og_image":[{"width":1024,"height":724,"url":"https:\/\/www.batgroup.com\/wp-content\/uploads\/2020\/04\/BAT_SIRIO_ambiente-3_Low-1024x724.jpg","type":"image\/jpeg"}],"twitter_card":"summary_large_image","twitter_misc":{"Dur\u00e9e de lecture estim\u00e9e":"2 minutes"},"schema":{"@context":"https:\/\/schema.org","@graph":[{"@type":"WebPage","@id":"https:\/\/www.batgroup.com\/fr\/prodotto\/sirio\/","url":"https:\/\/www.batgroup.com\/fr\/prodotto\/sirio\/","name":"SIRIO - Bat Group","isPartOf":{"@id":"https:\/\/www.batgroup.com\/us\/#website"},"primaryImageOfPage":{"@id":"https:\/\/www.batgroup.com\/fr\/prodotto\/sirio\/#primaryimage"},"image":{"@id":"https:\/\/www.batgroup.com\/fr\/prodotto\/sirio\/#primaryimage"},"thumbnailUrl":"https:\/\/www.batgroup.com\/wp-content\/uploads\/2020\/04\/BAT_SIRIO_ambiente-3_Low.jpg","datePublished":"2020-11-06T14:09:58+00:00","dateModified":"2024-08-01T15:50:32+00:00","description":"SIRIO \u00e8 la tenda a pergola novit\u00e0 2020 di BAT Group: una tenda a pergola dalle linee pulite e dal design minimale, con zip e telo avvolto. SIRIO \u00e8 stata progettata per essere accostata a strutture esistenti con un ottimo impatto estetico.","breadcrumb":{"@id":"https:\/\/www.batgroup.com\/fr\/prodotto\/sirio\/#breadcrumb"},"inLanguage":"fr-FR","potentialAction":[{"@type":"ReadAction","target":["https:\/\/www.batgroup.com\/fr\/prodotto\/sirio\/"]}]},{"@type":"ImageObject","inLanguage":"fr-FR","@id":"https:\/\/www.batgroup.com\/fr\/prodotto\/sirio\/#primaryimage","url":"https:\/\/www.batgroup.com\/wp-content\/uploads\/2020\/04\/BAT_SIRIO_ambiente-3_Low.jpg","contentUrl":"https:\/\/www.batgroup.com\/wp-content\/uploads\/2020\/04\/BAT_SIRIO_ambiente-3_Low.jpg","width":2268,"height":1604},{"@type":"BreadcrumbList","@id":"https:\/\/www.batgroup.com\/fr\/prodotto\/sirio\/#breadcrumb","itemListElement":[{"@type":"ListItem","position":1,"name":"Home","item":"https:\/\/www.batgroup.com\/fr\/"},{"@type":"ListItem","position":2,"name":"Produits","item":"https:\/\/www.batgroup.com\/fr\/produits\/"},{"@type":"ListItem","position":3,"name":"SIRIO"}]},{"@type":"WebSite","@id":"https:\/\/www.batgroup.com\/us\/#website","url":"https:\/\/www.batgroup.com\/us\/","name":"Bat Group","description":"Accessori e componenti per sistemi di schermatura solare","potentialAction":[{"@type":"SearchAction","target":{"@type":"EntryPoint","urlTemplate":"https:\/\/www.batgroup.com\/us\/?s={search_term_string}"},"query-input":{"@type":"PropertyValueSpecification","valueRequired":true,"valueName":"search_term_string"}}],"inLanguage":"fr-FR"}]}},"_links":{"self":[{"href":"https:\/\/www.batgroup.com\/fr\/wp-json\/wp\/v2\/product\/67979\/"}],"collection":[{"href":"https:\/\/www.batgroup.com\/fr\/wp-json\/wp\/v2\/product\/"}],"about":[{"href":"https:\/\/www.batgroup.com\/fr\/wp-json\/wp\/v2\/types\/product\/"}],"wp:featuredmedia":[{"embeddable":true,"href":"https:\/\/www.batgroup.com\/fr\/wp-json\/wp\/v2\/media\/138653\/"}],"wp:attachment":[{"href":"https:\/\/www.batgroup.com\/fr\/wp-json\/wp\/v2\/media\/?parent=67979"}],"curies":[{"name":"wp","href":"https:\/\/api.w.org\/{rel}","templated":true}]}}