{"id":164527,"date":"2026-02-17T12:17:37","date_gmt":"2026-02-18T09:29:42","guid":{"rendered":"https:\/\/www.batgroup.com\/?post_type=product&#038;p=164527"},"modified":"2026-02-18T10:31:58","modified_gmt":"2026-02-18T09:31:58","slug":"base-q","status":"publish","type":"product","link":"https:\/\/www.batgroup.com\/fr\/prodotto\/base-q\/","title":{"rendered":"Base Q"},"content":{"rendered":"","protected":false},"excerpt":{"rendered":"<p><strong>BASE Q <\/strong>est le nouveau mod\u00e8le qui rejoint la famille BASE.<\/p>\n<p>BASE Q peut arriver jusqu\u2019\u00e0 <strong>4,5 m\u00e8tres de largeur<\/strong> et <strong>2,6 m\u00e8tres d\u2019avanc\u00e9e<\/strong>, avec une <strong>certification de r\u00e9sistance au vent classe 2<\/strong>. Le coffre, fourni en deux profils s\u00e9par\u00e9s, simplifie la phase d\u2019assemblage, tandis que le r\u00e9glage par vis continue permet un ajustement pr\u00e9cis de l\u2019inclinaison.<\/p>\n<p>L\u2019absence de vis et d\u2019\u00e9l\u00e9ments visibles, associ\u00e9e \u00e0 des dimensions r\u00e9duites, fait de ce store une solution id\u00e9ale pour les contextes architecturaux de derni\u00e8re g\u00e9n\u00e9ration. L\u2019ensemble des composants en aluminium laqu\u00e9 garantit durabilit\u00e9 et performance esth\u00e9tique dans le temps.<\/p>\n<p>Compatible avec les <strong>bras Balteus Lite<\/strong>, BASE Q peut \u00eatre configur\u00e9 en <strong>version manuelle ou motoris\u00e9e<\/strong>, en fonction des exigences sp\u00e9cifiques du projet.<\/p>\n","protected":false},"featured_media":163160,"template":"","meta":{"_acf_changed":false},"class_list":["post-164527","product","type-product","status-publish","has-post-thumbnail","hentry","product_cat-protections-solaires","product_cat-stores-coffres"],"acf":[],"yoast_head":"<!-- This site is optimized with the Yoast SEO plugin v27.3 - https:\/\/yoast.com\/product\/yoast-seo-wordpress\/ -->\n<title>Base Q - Bat Group<\/title>\n<meta name=\"description\" content=\"Le nouveau mod\u00e8le qui rejoint la famille BASE. Son design avec des lignes carr\u00e9es et des angles arrondis allie \u00e9l\u00e9gance et fonctionnalit\u00e9.\" \/>\n<meta name=\"robots\" content=\"index, follow, max-snippet:-1, max-image-preview:large, max-video-preview:-1\" \/>\n<link rel=\"canonical\" href=\"https:\/\/www.batgroup.com\/fr\/prodotto\/base-q\/\" \/>\n<meta property=\"og:locale\" content=\"fr_FR\" \/>\n<meta property=\"og:type\" content=\"article\" \/>\n<meta property=\"og:title\" content=\"Base Q - Bat Group\" \/>\n<meta property=\"og:description\" content=\"Le nouveau mod\u00e8le qui rejoint la famille BASE. Son design avec des lignes carr\u00e9es et des angles arrondis allie \u00e9l\u00e9gance et fonctionnalit\u00e9.\" \/>\n<meta property=\"og:url\" content=\"https:\/\/www.batgroup.com\/fr\/prodotto\/base-q\/\" \/>\n<meta property=\"og:site_name\" content=\"Bat Group\" \/>\n<meta property=\"article:modified_time\" content=\"2026-02-18T09:31:58+00:00\" \/>\n<meta property=\"og:image\" content=\"https:\/\/www.batgroup.com\/wp-content\/uploads\/2026\/01\/BAT_BASE-Q-2026-GENERALE_GIORNO__HD_02.jpeg\" \/>\n\t<meta property=\"og:image:width\" content=\"2560\" \/>\n\t<meta property=\"og:image:height\" content=\"1810\" \/>\n\t<meta property=\"og:image:type\" content=\"image\/jpeg\" \/>\n<meta name=\"twitter:card\" content=\"summary_large_image\" \/>\n<meta name=\"twitter:label1\" content=\"Dur\u00e9e de lecture estim\u00e9e\" \/>\n\t<meta name=\"twitter:data1\" content=\"1 minute\" \/>\n<!-- \/ Yoast SEO plugin. -->","yoast_head_json":{"title":"Base Q - Bat Group","description":"Le nouveau mod\u00e8le qui rejoint la famille BASE. Son design avec des lignes carr\u00e9es et des angles arrondis allie \u00e9l\u00e9gance et fonctionnalit\u00e9.","robots":{"index":"index","follow":"follow","max-snippet":"max-snippet:-1","max-image-preview":"max-image-preview:large","max-video-preview":"max-video-preview:-1"},"canonical":"https:\/\/www.batgroup.com\/fr\/prodotto\/base-q\/","og_locale":"fr_FR","og_type":"article","og_title":"Base Q - Bat Group","og_description":"Le nouveau mod\u00e8le qui rejoint la famille BASE. Son design avec des lignes carr\u00e9es et des angles arrondis allie \u00e9l\u00e9gance et fonctionnalit\u00e9.","og_url":"https:\/\/www.batgroup.com\/fr\/prodotto\/base-q\/","og_site_name":"Bat Group","article_modified_time":"2026-02-18T09:31:58+00:00","og_image":[{"width":2560,"height":1810,"url":"https:\/\/www.batgroup.com\/wp-content\/uploads\/2026\/01\/BAT_BASE-Q-2026-GENERALE_GIORNO__HD_02.jpeg","type":"image\/jpeg"}],"twitter_card":"summary_large_image","twitter_misc":{"Dur\u00e9e de lecture estim\u00e9e":"1 minute"},"schema":{"@context":"https:\/\/schema.org","@graph":[{"@type":"WebPage","@id":"https:\/\/www.batgroup.com\/fr\/prodotto\/base-q\/","url":"https:\/\/www.batgroup.com\/fr\/prodotto\/base-q\/","name":"Base Q - Bat Group","isPartOf":{"@id":"https:\/\/www.batgroup.com\/us\/#website"},"primaryImageOfPage":{"@id":"https:\/\/www.batgroup.com\/fr\/prodotto\/base-q\/#primaryimage"},"image":{"@id":"https:\/\/www.batgroup.com\/fr\/prodotto\/base-q\/#primaryimage"},"thumbnailUrl":"https:\/\/www.batgroup.com\/wp-content\/uploads\/2026\/01\/BAT_BASE-Q-2026-GENERALE_GIORNO__HD_02.jpeg","datePublished":"2026-02-18T09:29:42+00:00","dateModified":"2026-02-18T09:31:58+00:00","description":"Le nouveau mod\u00e8le qui rejoint la famille BASE. Son design avec des lignes carr\u00e9es et des angles arrondis allie \u00e9l\u00e9gance et fonctionnalit\u00e9.","breadcrumb":{"@id":"https:\/\/www.batgroup.com\/fr\/prodotto\/base-q\/#breadcrumb"},"inLanguage":"fr-FR","potentialAction":[{"@type":"ReadAction","target":["https:\/\/www.batgroup.com\/fr\/prodotto\/base-q\/"]}]},{"@type":"ImageObject","inLanguage":"fr-FR","@id":"https:\/\/www.batgroup.com\/fr\/prodotto\/base-q\/#primaryimage","url":"https:\/\/www.batgroup.com\/wp-content\/uploads\/2026\/01\/BAT_BASE-Q-2026-GENERALE_GIORNO__HD_02.jpeg","contentUrl":"https:\/\/www.batgroup.com\/wp-content\/uploads\/2026\/01\/BAT_BASE-Q-2026-GENERALE_GIORNO__HD_02.jpeg","width":2560,"height":1810},{"@type":"BreadcrumbList","@id":"https:\/\/www.batgroup.com\/fr\/prodotto\/base-q\/#breadcrumb","itemListElement":[{"@type":"ListItem","position":1,"name":"Home","item":"https:\/\/www.batgroup.com\/fr\/"},{"@type":"ListItem","position":2,"name":"Produits","item":"https:\/\/www.batgroup.com\/fr\/produits\/"},{"@type":"ListItem","position":3,"name":"Base Q"}]},{"@type":"WebSite","@id":"https:\/\/www.batgroup.com\/us\/#website","url":"https:\/\/www.batgroup.com\/us\/","name":"Bat Group","description":"Accessori e componenti per sistemi di schermatura solare","potentialAction":[{"@type":"SearchAction","target":{"@type":"EntryPoint","urlTemplate":"https:\/\/www.batgroup.com\/us\/?s={search_term_string}"},"query-input":{"@type":"PropertyValueSpecification","valueRequired":true,"valueName":"search_term_string"}}],"inLanguage":"fr-FR"}]}},"_links":{"self":[{"href":"https:\/\/www.batgroup.com\/fr\/wp-json\/wp\/v2\/product\/164527\/"}],"collection":[{"href":"https:\/\/www.batgroup.com\/fr\/wp-json\/wp\/v2\/product\/"}],"about":[{"href":"https:\/\/www.batgroup.com\/fr\/wp-json\/wp\/v2\/types\/product\/"}],"wp:featuredmedia":[{"embeddable":true,"href":"https:\/\/www.batgroup.com\/fr\/wp-json\/wp\/v2\/media\/163160\/"}],"wp:attachment":[{"href":"https:\/\/www.batgroup.com\/fr\/wp-json\/wp\/v2\/media\/?parent=164527"}],"curies":[{"name":"wp","href":"https:\/\/api.w.org\/{rel}","templated":true}]}}