{"id":163933,"date":"2026-02-05T10:33:04","date_gmt":"2026-02-05T09:33:05","guid":{"rendered":"https:\/\/www.batgroup.com\/?post_type=product&#038;p=163933"},"modified":"2026-02-18T10:20:54","modified_gmt":"2026-02-18T09:20:54","slug":"base-plus-copia","status":"publish","type":"product","link":"https:\/\/www.batgroup.com\/fr\/prodotto\/base-plus-copia\/","title":{"rendered":"BASE PLUS (Copia)"},"content":{"rendered":"","protected":false},"excerpt":{"rendered":"<p class=\"p1\">BASE PLUS est un store coffre avec bras extensibles qui est fix\u00e9 sur deux supports lat\u00e9raux avec une contre-plaques de fixage, bras Balteus ou spin. Le coffre, avec acc\u00e8s simple et facile, est fourni en trois profils s\u00e9par\u00e9s. Les supports peuvent \u00eatre mont\u00e9s au mur ou au plafond et<span class=\"Apple-converted-space\">\u00a0 <\/span>le r\u00e9glage peut \u00eatre fait d\u2019une seule fois, gra\u00e7e au syst\u00e8me vis passante Tous les composants sont r\u00e9alis\u00e9es en aluminium laqu\u00e9<span class=\"Apple-converted-space\">\u00a0 <\/span>qui garantissent une performance esth\u00e9tique et dur\u00e9e.<\/p>\n","protected":false},"featured_media":163160,"template":"","meta":{"_acf_changed":false},"class_list":["post-163933","product","type-product","status-publish","has-post-thumbnail","hentry","product_cat-tende-da-sole","product_cat-tende-a-bracci-estensibili-con-cassonetto"],"acf":[],"yoast_head":"<!-- This site is optimized with the Yoast SEO plugin v27.3 - https:\/\/yoast.com\/product\/yoast-seo-wordpress\/ -->\n<title>Sistema per Tende a Cassonetto - BASE PLUS - Bat Group<\/title>\n<meta name=\"description\" content=\"BASE PLUS, sistema di supporto per tende a bracci estensibili con cassonetto su supporti laterali fissi e ispezionabili. Viene fornito in tre profili separati.\" \/>\n<meta name=\"robots\" content=\"index, follow, max-snippet:-1, max-image-preview:large, max-video-preview:-1\" \/>\n<link rel=\"canonical\" href=\"https:\/\/www.batgroup.com\/fr\/prodotto\/base-plus-copia\/\" \/>\n<meta property=\"og:locale\" content=\"fr_FR\" \/>\n<meta property=\"og:type\" content=\"article\" \/>\n<meta property=\"og:title\" content=\"Sistema per Tende a Cassonetto - BASE PLUS - Bat Group\" \/>\n<meta property=\"og:description\" content=\"BASE PLUS, sistema di supporto per tende a bracci estensibili con cassonetto su supporti laterali fissi e ispezionabili. Viene fornito in tre profili separati.\" \/>\n<meta property=\"og:url\" content=\"https:\/\/www.batgroup.com\/fr\/prodotto\/base-plus-copia\/\" \/>\n<meta property=\"og:site_name\" content=\"Bat Group\" \/>\n<meta property=\"article:modified_time\" content=\"2026-02-18T09:20:54+00:00\" \/>\n<meta property=\"og:image\" content=\"https:\/\/www.batgroup.com\/wp-content\/uploads\/2026\/01\/BAT_BASE-Q-2026-GENERALE_GIORNO__HD_02.jpeg\" \/>\n\t<meta property=\"og:image:width\" content=\"2560\" \/>\n\t<meta property=\"og:image:height\" content=\"1810\" \/>\n\t<meta property=\"og:image:type\" content=\"image\/jpeg\" \/>\n<meta name=\"twitter:card\" content=\"summary_large_image\" \/>\n<meta name=\"twitter:label1\" content=\"Dur\u00e9e de lecture estim\u00e9e\" \/>\n\t<meta name=\"twitter:data1\" content=\"1 minute\" \/>\n<!-- \/ Yoast SEO plugin. -->","yoast_head_json":{"title":"Sistema per Tende a Cassonetto - BASE PLUS - Bat Group","description":"BASE PLUS, sistema di supporto per tende a bracci estensibili con cassonetto su supporti laterali fissi e ispezionabili. Viene fornito in tre profili separati.","robots":{"index":"index","follow":"follow","max-snippet":"max-snippet:-1","max-image-preview":"max-image-preview:large","max-video-preview":"max-video-preview:-1"},"canonical":"https:\/\/www.batgroup.com\/fr\/prodotto\/base-plus-copia\/","og_locale":"fr_FR","og_type":"article","og_title":"Sistema per Tende a Cassonetto - BASE PLUS - Bat Group","og_description":"BASE PLUS, sistema di supporto per tende a bracci estensibili con cassonetto su supporti laterali fissi e ispezionabili. Viene fornito in tre profili separati.","og_url":"https:\/\/www.batgroup.com\/fr\/prodotto\/base-plus-copia\/","og_site_name":"Bat Group","article_modified_time":"2026-02-18T09:20:54+00:00","og_image":[{"width":2560,"height":1810,"url":"https:\/\/www.batgroup.com\/wp-content\/uploads\/2026\/01\/BAT_BASE-Q-2026-GENERALE_GIORNO__HD_02.jpeg","type":"image\/jpeg"}],"twitter_card":"summary_large_image","twitter_misc":{"Dur\u00e9e de lecture estim\u00e9e":"1 minute"},"schema":{"@context":"https:\/\/schema.org","@graph":[{"@type":"WebPage","@id":"https:\/\/www.batgroup.com\/fr\/prodotto\/base-plus-copia\/","url":"https:\/\/www.batgroup.com\/fr\/prodotto\/base-plus-copia\/","name":"Sistema per Tende a Cassonetto - BASE PLUS - Bat Group","isPartOf":{"@id":"https:\/\/www.batgroup.com\/us\/#website"},"primaryImageOfPage":{"@id":"https:\/\/www.batgroup.com\/fr\/prodotto\/base-plus-copia\/#primaryimage"},"image":{"@id":"https:\/\/www.batgroup.com\/fr\/prodotto\/base-plus-copia\/#primaryimage"},"thumbnailUrl":"https:\/\/www.batgroup.com\/wp-content\/uploads\/2026\/01\/BAT_BASE-Q-2026-GENERALE_GIORNO__HD_02.jpeg","datePublished":"2026-02-05T09:33:05+00:00","dateModified":"2026-02-18T09:20:54+00:00","description":"BASE PLUS, sistema di supporto per tende a bracci estensibili con cassonetto su supporti laterali fissi e ispezionabili. Viene fornito in tre profili separati.","breadcrumb":{"@id":"https:\/\/www.batgroup.com\/fr\/prodotto\/base-plus-copia\/#breadcrumb"},"inLanguage":"fr-FR","potentialAction":[{"@type":"ReadAction","target":["https:\/\/www.batgroup.com\/fr\/prodotto\/base-plus-copia\/"]}]},{"@type":"ImageObject","inLanguage":"fr-FR","@id":"https:\/\/www.batgroup.com\/fr\/prodotto\/base-plus-copia\/#primaryimage","url":"https:\/\/www.batgroup.com\/wp-content\/uploads\/2026\/01\/BAT_BASE-Q-2026-GENERALE_GIORNO__HD_02.jpeg","contentUrl":"https:\/\/www.batgroup.com\/wp-content\/uploads\/2026\/01\/BAT_BASE-Q-2026-GENERALE_GIORNO__HD_02.jpeg","width":2560,"height":1810},{"@type":"BreadcrumbList","@id":"https:\/\/www.batgroup.com\/fr\/prodotto\/base-plus-copia\/#breadcrumb","itemListElement":[{"@type":"ListItem","position":1,"name":"Home","item":"https:\/\/www.batgroup.com\/fr\/"},{"@type":"ListItem","position":2,"name":"Produits","item":"https:\/\/www.batgroup.com\/fr\/produits\/"},{"@type":"ListItem","position":3,"name":"BASE PLUS (Copia)"}]},{"@type":"WebSite","@id":"https:\/\/www.batgroup.com\/us\/#website","url":"https:\/\/www.batgroup.com\/us\/","name":"Bat Group","description":"Accessori e componenti per sistemi di schermatura solare","potentialAction":[{"@type":"SearchAction","target":{"@type":"EntryPoint","urlTemplate":"https:\/\/www.batgroup.com\/us\/?s={search_term_string}"},"query-input":{"@type":"PropertyValueSpecification","valueRequired":true,"valueName":"search_term_string"}}],"inLanguage":"fr-FR"}]}},"_links":{"self":[{"href":"https:\/\/www.batgroup.com\/fr\/wp-json\/wp\/v2\/product\/163933\/"}],"collection":[{"href":"https:\/\/www.batgroup.com\/fr\/wp-json\/wp\/v2\/product\/"}],"about":[{"href":"https:\/\/www.batgroup.com\/fr\/wp-json\/wp\/v2\/types\/product\/"}],"wp:featuredmedia":[{"embeddable":true,"href":"https:\/\/www.batgroup.com\/fr\/wp-json\/wp\/v2\/media\/163160\/"}],"wp:attachment":[{"href":"https:\/\/www.batgroup.com\/fr\/wp-json\/wp\/v2\/media\/?parent=163933"}],"curies":[{"name":"wp","href":"https:\/\/api.w.org\/{rel}","templated":true}]}}