{"id":163237,"date":"2026-01-21T10:57:08","date_gmt":"2026-01-21T09:57:09","guid":{"rendered":"https:\/\/www.batgroup.com\/?post_type=product&#038;p=163237"},"modified":"2026-03-26T09:24:10","modified_gmt":"2026-03-26T08:24:10","slug":"base-q-max","status":"publish","type":"product","link":"https:\/\/www.batgroup.com\/fr\/prodotto\/base-q-max\/","title":{"rendered":"BASE Q MAX"},"content":{"rendered":"","protected":false},"excerpt":{"rendered":"<p class=\"p1\"><strong>BASE Q MAX<\/strong> est un store \u00e0 bras extensibles avec coffre, mont\u00e9 sur des supports lat\u00e9raux fixes avec contre-plaque d\u2019ancrage, \u00e9quip\u00e9 de bras Balteus ou Spin. Le design carr\u00e9 du coffre est con\u00e7u pour s\u2019int\u00e9grer \u00e0 l\u2019esth\u00e9tique moderne et lin\u00e9aire des nouvelles architectures. Le coffre est inspectable. Les supports permettent<br \/>\nd\u2019installer le store aussi bien au mur qu\u2019au plafond, et le r\u00e9glage peut \u00eatre effectu\u00e9 en une seule op\u00e9ration gr\u00e2ce au syst\u00e8me \u00e0 vis traversante. Le produit peut \u00eatre compl\u00e9t\u00e9 par un kit d\u2019\u00e9clairage optionnel sur le coffre et les supports. Tous les composants sont r\u00e9alis\u00e9s en aluminium peint, garantissant une finition esth\u00e9tique et ne grande durabilit\u00e9.<\/p>\n","protected":false},"featured_media":163259,"template":"","meta":{"_acf_changed":false},"class_list":["post-163237","product","type-product","status-publish","has-post-thumbnail","hentry","product_cat-protections-solaires","product_cat-stores-coffres","product_cat-tende-da-sole","product_cat-tende-a-bracci-estensibili-con-cassonetto"],"acf":[],"yoast_head":"<!-- This site is optimized with the Yoast SEO plugin v27.3 - https:\/\/yoast.com\/product\/yoast-seo-wordpress\/ -->\n<title>Stores Coffres - BASE Q MAX - Bat Group<\/title>\n<meta name=\"description\" content=\"BASE Q MAX est un store \u00e0 bras extensibles avec coffre, mont\u00e9sur des supports lat\u00e9raux fixes avec contre-plaque d\u2019ancrage,\u00e9quip\u00e9 de bras Balteus ou Spin.\" \/>\n<meta name=\"robots\" content=\"index, follow, max-snippet:-1, max-image-preview:large, max-video-preview:-1\" \/>\n<link rel=\"canonical\" href=\"https:\/\/www.batgroup.com\/fr\/prodotto\/base-q-max\/\" \/>\n<meta property=\"og:locale\" content=\"fr_FR\" \/>\n<meta property=\"og:type\" content=\"article\" \/>\n<meta property=\"og:title\" content=\"Stores Coffres - BASE Q MAX - Bat Group\" \/>\n<meta property=\"og:description\" content=\"BASE Q MAX est un store \u00e0 bras extensibles avec coffre, mont\u00e9sur des supports lat\u00e9raux fixes avec contre-plaque d\u2019ancrage,\u00e9quip\u00e9 de bras Balteus ou Spin.\" \/>\n<meta property=\"og:url\" content=\"https:\/\/www.batgroup.com\/fr\/prodotto\/base-q-max\/\" \/>\n<meta property=\"og:site_name\" content=\"Bat Group\" \/>\n<meta property=\"article:modified_time\" content=\"2026-03-26T08:24:10+00:00\" \/>\n<meta property=\"og:image\" content=\"https:\/\/www.batgroup.com\/wp-content\/uploads\/2026\/01\/BAT_BASE-Q-MAX-2026-A-PARETE-LED_NOTTE_PARTICOLARE-2_HD_02.jpeg\" \/>\n\t<meta property=\"og:image:width\" content=\"2560\" \/>\n\t<meta property=\"og:image:height\" content=\"1810\" \/>\n\t<meta property=\"og:image:type\" content=\"image\/jpeg\" \/>\n<meta name=\"twitter:card\" content=\"summary_large_image\" \/>\n<meta name=\"twitter:label1\" content=\"Dur\u00e9e de lecture estim\u00e9e\" \/>\n\t<meta name=\"twitter:data1\" content=\"1 minute\" \/>\n<!-- \/ Yoast SEO plugin. -->","yoast_head_json":{"title":"Stores Coffres - BASE Q MAX - Bat Group","description":"BASE Q MAX est un store \u00e0 bras extensibles avec coffre, mont\u00e9sur des supports lat\u00e9raux fixes avec contre-plaque d\u2019ancrage,\u00e9quip\u00e9 de bras Balteus ou Spin.","robots":{"index":"index","follow":"follow","max-snippet":"max-snippet:-1","max-image-preview":"max-image-preview:large","max-video-preview":"max-video-preview:-1"},"canonical":"https:\/\/www.batgroup.com\/fr\/prodotto\/base-q-max\/","og_locale":"fr_FR","og_type":"article","og_title":"Stores Coffres - BASE Q MAX - Bat Group","og_description":"BASE Q MAX est un store \u00e0 bras extensibles avec coffre, mont\u00e9sur des supports lat\u00e9raux fixes avec contre-plaque d\u2019ancrage,\u00e9quip\u00e9 de bras Balteus ou Spin.","og_url":"https:\/\/www.batgroup.com\/fr\/prodotto\/base-q-max\/","og_site_name":"Bat Group","article_modified_time":"2026-03-26T08:24:10+00:00","og_image":[{"width":2560,"height":1810,"url":"https:\/\/www.batgroup.com\/wp-content\/uploads\/2026\/01\/BAT_BASE-Q-MAX-2026-A-PARETE-LED_NOTTE_PARTICOLARE-2_HD_02.jpeg","type":"image\/jpeg"}],"twitter_card":"summary_large_image","twitter_misc":{"Dur\u00e9e de lecture estim\u00e9e":"1 minute"},"schema":{"@context":"https:\/\/schema.org","@graph":[{"@type":"WebPage","@id":"https:\/\/www.batgroup.com\/fr\/prodotto\/base-q-max\/","url":"https:\/\/www.batgroup.com\/fr\/prodotto\/base-q-max\/","name":"Stores Coffres - BASE Q MAX - Bat Group","isPartOf":{"@id":"https:\/\/www.batgroup.com\/us\/#website"},"primaryImageOfPage":{"@id":"https:\/\/www.batgroup.com\/fr\/prodotto\/base-q-max\/#primaryimage"},"image":{"@id":"https:\/\/www.batgroup.com\/fr\/prodotto\/base-q-max\/#primaryimage"},"thumbnailUrl":"https:\/\/www.batgroup.com\/wp-content\/uploads\/2026\/01\/BAT_BASE-Q-MAX-2026-A-PARETE-LED_NOTTE_PARTICOLARE-2_HD_02.jpeg","datePublished":"2026-01-21T09:57:09+00:00","dateModified":"2026-03-26T08:24:10+00:00","description":"BASE Q MAX est un store \u00e0 bras extensibles avec coffre, mont\u00e9sur des supports lat\u00e9raux fixes avec contre-plaque d\u2019ancrage,\u00e9quip\u00e9 de bras Balteus ou Spin.","breadcrumb":{"@id":"https:\/\/www.batgroup.com\/fr\/prodotto\/base-q-max\/#breadcrumb"},"inLanguage":"fr-FR","potentialAction":[{"@type":"ReadAction","target":["https:\/\/www.batgroup.com\/fr\/prodotto\/base-q-max\/"]}]},{"@type":"ImageObject","inLanguage":"fr-FR","@id":"https:\/\/www.batgroup.com\/fr\/prodotto\/base-q-max\/#primaryimage","url":"https:\/\/www.batgroup.com\/wp-content\/uploads\/2026\/01\/BAT_BASE-Q-MAX-2026-A-PARETE-LED_NOTTE_PARTICOLARE-2_HD_02.jpeg","contentUrl":"https:\/\/www.batgroup.com\/wp-content\/uploads\/2026\/01\/BAT_BASE-Q-MAX-2026-A-PARETE-LED_NOTTE_PARTICOLARE-2_HD_02.jpeg","width":2560,"height":1810},{"@type":"BreadcrumbList","@id":"https:\/\/www.batgroup.com\/fr\/prodotto\/base-q-max\/#breadcrumb","itemListElement":[{"@type":"ListItem","position":1,"name":"Home","item":"https:\/\/www.batgroup.com\/fr\/"},{"@type":"ListItem","position":2,"name":"Produits","item":"https:\/\/www.batgroup.com\/fr\/produits\/"},{"@type":"ListItem","position":3,"name":"BASE Q MAX"}]},{"@type":"WebSite","@id":"https:\/\/www.batgroup.com\/us\/#website","url":"https:\/\/www.batgroup.com\/us\/","name":"Bat Group","description":"Accessori e componenti per sistemi di schermatura solare","potentialAction":[{"@type":"SearchAction","target":{"@type":"EntryPoint","urlTemplate":"https:\/\/www.batgroup.com\/us\/?s={search_term_string}"},"query-input":{"@type":"PropertyValueSpecification","valueRequired":true,"valueName":"search_term_string"}}],"inLanguage":"fr-FR"}]}},"_links":{"self":[{"href":"https:\/\/www.batgroup.com\/fr\/wp-json\/wp\/v2\/product\/163237\/"}],"collection":[{"href":"https:\/\/www.batgroup.com\/fr\/wp-json\/wp\/v2\/product\/"}],"about":[{"href":"https:\/\/www.batgroup.com\/fr\/wp-json\/wp\/v2\/types\/product\/"}],"wp:featuredmedia":[{"embeddable":true,"href":"https:\/\/www.batgroup.com\/fr\/wp-json\/wp\/v2\/media\/163259\/"}],"wp:attachment":[{"href":"https:\/\/www.batgroup.com\/fr\/wp-json\/wp\/v2\/media\/?parent=163237"}],"curies":[{"name":"wp","href":"https:\/\/api.w.org\/{rel}","templated":true}]}}