{"id":132962,"date":"2024-04-18T17:00:36","date_gmt":"2024-04-18T15:00:36","guid":{"rendered":"https:\/\/www.batgroup.com\/prodotto\/screeny-4-0-110-gp-unica-a-m\/"},"modified":"2024-05-02T11:11:38","modified_gmt":"2024-05-02T09:11:38","slug":"screeny-4-0-110-gp-unica-a-m","status":"publish","type":"product","link":"https:\/\/www.batgroup.com\/fr\/prodotto\/screeny-4-0-110-gp-unica-a-m\/","title":{"rendered":"SCREENY 4.0 110 GP UNICA A\/M"},"content":{"rendered":"","protected":false},"excerpt":{"rendered":"<p>Store avec un coffre de 110mm et barre de charge r\u00e9tractable, equip\u00e9 d\u2019un syst\u00e8me de guide libre et d\u2019un coffre autoportante. Il s\u2019adapte \u00e0 tous les types d\u2019installations. Il est rapide et facile \u00e0 installer et inspecter. Le guide est compos\u00e9 de deux profils: porteur et couverture; il a \u00e9t\u00e9 d\u00e9velopp\u00e9 pour des syst\u00e8mes \u00e0 treuil ou motoris\u00e9.<\/p>\n","protected":false},"featured_media":132935,"template":"","meta":{"_acf_changed":false},"class_list":["post-132962","product","type-product","status-publish","has-post-thumbnail","hentry","product_cat-screeny-fr","product_cat-screeny-4-0-110-fr-screeny-fr"],"acf":[],"yoast_head":"<!-- This site is optimized with the Yoast SEO plugin v27.3 - https:\/\/yoast.com\/product\/yoast-seo-wordpress\/ -->\n<title>SCREENY 4.0 110 GP UNICA A\/M - Bat Group<\/title>\n<meta name=\"description\" content=\"Store avec un coffre de 110mm et barre de charge r\u00e9tractable,equip\u00e9 d\u2019un syst\u00e8me de guide libre et d\u2019un coffre autoportante.\" \/>\n<meta name=\"robots\" content=\"index, follow, max-snippet:-1, max-image-preview:large, max-video-preview:-1\" \/>\n<link rel=\"canonical\" href=\"https:\/\/www.batgroup.com\/fr\/prodotto\/screeny-4-0-110-gp-unica-a-m\/\" \/>\n<meta property=\"og:locale\" content=\"fr_FR\" \/>\n<meta property=\"og:type\" content=\"article\" \/>\n<meta property=\"og:title\" content=\"SCREENY 4.0 110 GP UNICA A\/M - Bat Group\" \/>\n<meta property=\"og:description\" content=\"Store avec un coffre de 110mm et barre de charge r\u00e9tractable,equip\u00e9 d\u2019un syst\u00e8me de guide libre et d\u2019un coffre autoportante.\" \/>\n<meta property=\"og:url\" content=\"https:\/\/www.batgroup.com\/fr\/prodotto\/screeny-4-0-110-gp-unica-a-m\/\" \/>\n<meta property=\"og:site_name\" content=\"Bat Group\" \/>\n<meta property=\"article:modified_time\" content=\"2024-05-02T09:11:38+00:00\" \/>\n<meta property=\"og:image\" content=\"https:\/\/www.batgroup.com\/wp-content\/uploads\/2024\/04\/911.55.300.jpg\" \/>\n\t<meta property=\"og:image:width\" content=\"2102\" \/>\n\t<meta property=\"og:image:height\" content=\"2560\" \/>\n\t<meta property=\"og:image:type\" content=\"image\/jpeg\" \/>\n<meta name=\"twitter:card\" content=\"summary_large_image\" \/>\n<!-- \/ Yoast SEO plugin. -->","yoast_head_json":{"title":"SCREENY 4.0 110 GP UNICA A\/M - Bat Group","description":"Store avec un coffre de 110mm et barre de charge r\u00e9tractable,equip\u00e9 d\u2019un syst\u00e8me de guide libre et d\u2019un coffre autoportante.","robots":{"index":"index","follow":"follow","max-snippet":"max-snippet:-1","max-image-preview":"max-image-preview:large","max-video-preview":"max-video-preview:-1"},"canonical":"https:\/\/www.batgroup.com\/fr\/prodotto\/screeny-4-0-110-gp-unica-a-m\/","og_locale":"fr_FR","og_type":"article","og_title":"SCREENY 4.0 110 GP UNICA A\/M - Bat Group","og_description":"Store avec un coffre de 110mm et barre de charge r\u00e9tractable,equip\u00e9 d\u2019un syst\u00e8me de guide libre et d\u2019un coffre autoportante.","og_url":"https:\/\/www.batgroup.com\/fr\/prodotto\/screeny-4-0-110-gp-unica-a-m\/","og_site_name":"Bat Group","article_modified_time":"2024-05-02T09:11:38+00:00","og_image":[{"width":2102,"height":2560,"url":"https:\/\/www.batgroup.com\/wp-content\/uploads\/2024\/04\/911.55.300.jpg","type":"image\/jpeg"}],"twitter_card":"summary_large_image","schema":{"@context":"https:\/\/schema.org","@graph":[{"@type":"WebPage","@id":"https:\/\/www.batgroup.com\/fr\/prodotto\/screeny-4-0-110-gp-unica-a-m\/","url":"https:\/\/www.batgroup.com\/fr\/prodotto\/screeny-4-0-110-gp-unica-a-m\/","name":"SCREENY 4.0 110 GP UNICA A\/M - Bat Group","isPartOf":{"@id":"https:\/\/www.batgroup.com\/us\/#website"},"primaryImageOfPage":{"@id":"https:\/\/www.batgroup.com\/fr\/prodotto\/screeny-4-0-110-gp-unica-a-m\/#primaryimage"},"image":{"@id":"https:\/\/www.batgroup.com\/fr\/prodotto\/screeny-4-0-110-gp-unica-a-m\/#primaryimage"},"thumbnailUrl":"https:\/\/www.batgroup.com\/wp-content\/uploads\/2024\/04\/911.55.300.jpg","datePublished":"2024-04-18T15:00:36+00:00","dateModified":"2024-05-02T09:11:38+00:00","description":"Store avec un coffre de 110mm et barre de charge r\u00e9tractable,equip\u00e9 d\u2019un syst\u00e8me de guide libre et d\u2019un coffre autoportante.","breadcrumb":{"@id":"https:\/\/www.batgroup.com\/fr\/prodotto\/screeny-4-0-110-gp-unica-a-m\/#breadcrumb"},"inLanguage":"fr-FR","potentialAction":[{"@type":"ReadAction","target":["https:\/\/www.batgroup.com\/fr\/prodotto\/screeny-4-0-110-gp-unica-a-m\/"]}]},{"@type":"ImageObject","inLanguage":"fr-FR","@id":"https:\/\/www.batgroup.com\/fr\/prodotto\/screeny-4-0-110-gp-unica-a-m\/#primaryimage","url":"https:\/\/www.batgroup.com\/wp-content\/uploads\/2024\/04\/911.55.300.jpg","contentUrl":"https:\/\/www.batgroup.com\/wp-content\/uploads\/2024\/04\/911.55.300.jpg","width":2102,"height":2560},{"@type":"BreadcrumbList","@id":"https:\/\/www.batgroup.com\/fr\/prodotto\/screeny-4-0-110-gp-unica-a-m\/#breadcrumb","itemListElement":[{"@type":"ListItem","position":1,"name":"Home","item":"https:\/\/www.batgroup.com\/fr\/"},{"@type":"ListItem","position":2,"name":"Produits","item":"https:\/\/www.batgroup.com\/fr\/produits\/"},{"@type":"ListItem","position":3,"name":"SCREENY 4.0 110 GP UNICA A\/M"}]},{"@type":"WebSite","@id":"https:\/\/www.batgroup.com\/us\/#website","url":"https:\/\/www.batgroup.com\/us\/","name":"Bat Group","description":"Accessori e componenti per sistemi di schermatura solare","potentialAction":[{"@type":"SearchAction","target":{"@type":"EntryPoint","urlTemplate":"https:\/\/www.batgroup.com\/us\/?s={search_term_string}"},"query-input":{"@type":"PropertyValueSpecification","valueRequired":true,"valueName":"search_term_string"}}],"inLanguage":"fr-FR"}]}},"_links":{"self":[{"href":"https:\/\/www.batgroup.com\/fr\/wp-json\/wp\/v2\/product\/132962\/"}],"collection":[{"href":"https:\/\/www.batgroup.com\/fr\/wp-json\/wp\/v2\/product\/"}],"about":[{"href":"https:\/\/www.batgroup.com\/fr\/wp-json\/wp\/v2\/types\/product\/"}],"wp:featuredmedia":[{"embeddable":true,"href":"https:\/\/www.batgroup.com\/fr\/wp-json\/wp\/v2\/media\/132935\/"}],"wp:attachment":[{"href":"https:\/\/www.batgroup.com\/fr\/wp-json\/wp\/v2\/media\/?parent=132962"}],"curies":[{"name":"wp","href":"https:\/\/api.w.org\/{rel}","templated":true}]}}