{"id":10626,"date":"2017-10-24T09:22:26","date_gmt":"2017-11-06T09:22:31","guid":{"rendered":"http:\/\/bat.itpowernet.it\/?post_type=product&#038;p=10626"},"modified":"2023-08-02T09:43:11","modified_gmt":"2023-08-02T07:43:11","slug":"catty","status":"publish","type":"product","link":"https:\/\/www.batgroup.com\/fr\/prodotto\/catty\/","title":{"rendered":"CATTY"},"content":{"rendered":"","protected":false},"excerpt":{"rendered":"<p>CATTY est une corbeille en aluminium \u00e0 secteur circulaire avec aur\u00e9ole \u00e0 angle de 90\u00b0. Les accessoires sont modulaires et interchangeables avec ceux des autres corbeilles BAT. Les dimensions sont variables selon les exigences.<\/p>\n","protected":false},"featured_media":7593,"template":"","meta":{"_acf_changed":false},"class_list":["post-10626","product","type-product","status-publish","has-post-thumbnail","hentry","product_cat-protections-solaires","product_cat-store-corbeille"],"acf":[],"yoast_head":"<!-- This site is optimized with the Yoast SEO plugin v27.0 - https:\/\/yoast.com\/product\/yoast-seo-wordpress\/ -->\n<title>Capottine in Alluminio - CATTY - Bat Group<\/title>\n<meta name=\"description\" content=\"CATTY \u00e8 una cappottina in alluminio a settore circolare con raggiera ad angolo di 90\u00b0. Le dimensioni sono variabili in base alle esigenze. Vedi il modello.\" \/>\n<meta name=\"robots\" content=\"index, follow, max-snippet:-1, max-image-preview:large, max-video-preview:-1\" \/>\n<link rel=\"canonical\" href=\"https:\/\/www.batgroup.com\/fr\/prodotto\/catty\/\" \/>\n<meta property=\"og:locale\" content=\"fr_FR\" \/>\n<meta property=\"og:type\" content=\"article\" \/>\n<meta property=\"og:title\" content=\"Capottine in Alluminio - CATTY - Bat Group\" \/>\n<meta property=\"og:description\" content=\"CATTY \u00e8 una cappottina in alluminio a settore circolare con raggiera ad angolo di 90\u00b0. Le dimensioni sono variabili in base alle esigenze. Vedi il modello.\" \/>\n<meta property=\"og:url\" content=\"https:\/\/www.batgroup.com\/fr\/prodotto\/catty\/\" \/>\n<meta property=\"og:site_name\" content=\"Bat Group\" \/>\n<meta property=\"article:modified_time\" content=\"2023-08-02T07:43:11+00:00\" \/>\n<meta property=\"og:image\" content=\"https:\/\/www.batgroup.com\/wp-content\/uploads\/2017\/10\/tende_sole_cappottine_Catty-3.jpg\" \/>\n\t<meta property=\"og:image:width\" content=\"460\" \/>\n\t<meta property=\"og:image:height\" content=\"180\" \/>\n\t<meta property=\"og:image:type\" content=\"image\/jpeg\" \/>\n<meta name=\"twitter:card\" content=\"summary_large_image\" \/>\n<!-- \/ Yoast SEO plugin. -->","yoast_head_json":{"title":"Capottine in Alluminio - CATTY - Bat Group","description":"CATTY \u00e8 una cappottina in alluminio a settore circolare con raggiera ad angolo di 90\u00b0. Le dimensioni sono variabili in base alle esigenze. Vedi il modello.","robots":{"index":"index","follow":"follow","max-snippet":"max-snippet:-1","max-image-preview":"max-image-preview:large","max-video-preview":"max-video-preview:-1"},"canonical":"https:\/\/www.batgroup.com\/fr\/prodotto\/catty\/","og_locale":"fr_FR","og_type":"article","og_title":"Capottine in Alluminio - CATTY - Bat Group","og_description":"CATTY \u00e8 una cappottina in alluminio a settore circolare con raggiera ad angolo di 90\u00b0. Le dimensioni sono variabili in base alle esigenze. Vedi il modello.","og_url":"https:\/\/www.batgroup.com\/fr\/prodotto\/catty\/","og_site_name":"Bat Group","article_modified_time":"2023-08-02T07:43:11+00:00","og_image":[{"width":460,"height":180,"url":"https:\/\/www.batgroup.com\/wp-content\/uploads\/2017\/10\/tende_sole_cappottine_Catty-3.jpg","type":"image\/jpeg"}],"twitter_card":"summary_large_image","schema":{"@context":"https:\/\/schema.org","@graph":[{"@type":"WebPage","@id":"https:\/\/www.batgroup.com\/fr\/prodotto\/catty\/","url":"https:\/\/www.batgroup.com\/fr\/prodotto\/catty\/","name":"Capottine in Alluminio - CATTY - Bat Group","isPartOf":{"@id":"https:\/\/www.batgroup.com\/us\/#website"},"primaryImageOfPage":{"@id":"https:\/\/www.batgroup.com\/fr\/prodotto\/catty\/#primaryimage"},"image":{"@id":"https:\/\/www.batgroup.com\/fr\/prodotto\/catty\/#primaryimage"},"thumbnailUrl":"https:\/\/www.batgroup.com\/wp-content\/uploads\/2017\/10\/tende_sole_cappottine_Catty-3.jpg","datePublished":"2017-11-06T09:22:31+00:00","dateModified":"2023-08-02T07:43:11+00:00","description":"CATTY \u00e8 una cappottina in alluminio a settore circolare con raggiera ad angolo di 90\u00b0. Le dimensioni sono variabili in base alle esigenze. Vedi il modello.","breadcrumb":{"@id":"https:\/\/www.batgroup.com\/fr\/prodotto\/catty\/#breadcrumb"},"inLanguage":"fr-FR","potentialAction":[{"@type":"ReadAction","target":["https:\/\/www.batgroup.com\/fr\/prodotto\/catty\/"]}]},{"@type":"ImageObject","inLanguage":"fr-FR","@id":"https:\/\/www.batgroup.com\/fr\/prodotto\/catty\/#primaryimage","url":"https:\/\/www.batgroup.com\/wp-content\/uploads\/2017\/10\/tende_sole_cappottine_Catty-3.jpg","contentUrl":"https:\/\/www.batgroup.com\/wp-content\/uploads\/2017\/10\/tende_sole_cappottine_Catty-3.jpg","width":460,"height":180},{"@type":"BreadcrumbList","@id":"https:\/\/www.batgroup.com\/fr\/prodotto\/catty\/#breadcrumb","itemListElement":[{"@type":"ListItem","position":1,"name":"Home","item":"https:\/\/www.batgroup.com\/fr\/"},{"@type":"ListItem","position":2,"name":"Produits","item":"https:\/\/www.batgroup.com\/fr\/produits\/"},{"@type":"ListItem","position":3,"name":"CATTY"}]},{"@type":"WebSite","@id":"https:\/\/www.batgroup.com\/us\/#website","url":"https:\/\/www.batgroup.com\/us\/","name":"Bat Group","description":"Accessori e componenti per sistemi di schermatura solare","potentialAction":[{"@type":"SearchAction","target":{"@type":"EntryPoint","urlTemplate":"https:\/\/www.batgroup.com\/us\/?s={search_term_string}"},"query-input":{"@type":"PropertyValueSpecification","valueRequired":true,"valueName":"search_term_string"}}],"inLanguage":"fr-FR"}]}},"_links":{"self":[{"href":"https:\/\/www.batgroup.com\/fr\/wp-json\/wp\/v2\/product\/10626\/"}],"collection":[{"href":"https:\/\/www.batgroup.com\/fr\/wp-json\/wp\/v2\/product\/"}],"about":[{"href":"https:\/\/www.batgroup.com\/fr\/wp-json\/wp\/v2\/types\/product\/"}],"wp:featuredmedia":[{"embeddable":true,"href":"https:\/\/www.batgroup.com\/fr\/wp-json\/wp\/v2\/media\/7593\/"}],"wp:attachment":[{"href":"https:\/\/www.batgroup.com\/fr\/wp-json\/wp\/v2\/media\/?parent=10626"}],"curies":[{"name":"wp","href":"https:\/\/api.w.org\/{rel}","templated":true}]}}