{"id":10623,"date":"2017-10-17T10:25:18","date_gmt":"2017-11-06T09:18:15","guid":{"rendered":"http:\/\/bat.itpowernet.it\/?post_type=product&#038;p=10623"},"modified":"2024-10-11T14:45:01","modified_gmt":"2024-10-11T12:45:01","slug":"r-90","status":"publish","type":"product","link":"https:\/\/www.batgroup.com\/fr\/prodotto\/r-90\/","title":{"rendered":"R-90"},"content":{"rendered":"","protected":false},"excerpt":{"rendered":"<p>R-90 est une store banne \u00e0 bras extensibles mont\u00e9 sur barre carr\u00e9e 40mm zingu\u00e9e et laqu\u00e9e, avec bras \u00e0 double ables gain\u00e9s ou cha\u00eene inox avec un support bras \u00e0 cr\u00e9maill\u00e8re pour le r\u00e9glage individuel de chaque bras. La barre de charge est interchangeable parmi celles disponibles dans le catalogue BAT. Il existe aussi un auvent de protection et un support pour la pose sous-toit.<\/p>\n","protected":false},"featured_media":141750,"template":"","meta":{"_acf_changed":false},"class_list":["post-10623","product","type-product","status-publish","has-post-thumbnail","hentry","product_cat-protections-solaires","product_cat-stores-a-bras-extensibles"],"acf":[],"yoast_head":"<!-- This site is optimized with the Yoast SEO plugin v27.3 - https:\/\/yoast.com\/product\/yoast-seo-wordpress\/ -->\n<title>Supporto per Tende a Bracci Estensibili - R-90 - Bat Group<\/title>\n<meta name=\"description\" content=\"R-90 \u00e8 un supporto per tende a bracci su barra quadra 40mm in acciaio zincato e verniciato, con bracci a doppio cavetto inguainato a catena inox o a cinghia.\" \/>\n<meta name=\"robots\" content=\"index, follow, max-snippet:-1, max-image-preview:large, max-video-preview:-1\" \/>\n<link rel=\"canonical\" href=\"https:\/\/www.batgroup.com\/fr\/prodotto\/r-90\/\" \/>\n<meta property=\"og:locale\" content=\"fr_FR\" \/>\n<meta property=\"og:type\" content=\"article\" \/>\n<meta property=\"og:title\" content=\"Supporto per Tende a Bracci Estensibili - R-90 - Bat Group\" \/>\n<meta property=\"og:description\" content=\"R-90 \u00e8 un supporto per tende a bracci su barra quadra 40mm in acciaio zincato e verniciato, con bracci a doppio cavetto inguainato a catena inox o a cinghia.\" \/>\n<meta property=\"og:url\" content=\"https:\/\/www.batgroup.com\/fr\/prodotto\/r-90\/\" \/>\n<meta property=\"og:site_name\" content=\"Bat Group\" \/>\n<meta property=\"article:modified_time\" content=\"2024-10-11T12:45:01+00:00\" \/>\n<meta property=\"og:image\" content=\"https:\/\/www.batgroup.com\/wp-content\/uploads\/2017\/10\/BAT_R_90-1024x779.jpg\" \/>\n\t<meta property=\"og:image:width\" content=\"1024\" \/>\n\t<meta property=\"og:image:height\" content=\"779\" \/>\n\t<meta property=\"og:image:type\" content=\"image\/jpeg\" \/>\n<meta name=\"twitter:card\" content=\"summary_large_image\" \/>\n<!-- \/ Yoast SEO plugin. -->","yoast_head_json":{"title":"Supporto per Tende a Bracci Estensibili - R-90 - Bat Group","description":"R-90 \u00e8 un supporto per tende a bracci su barra quadra 40mm in acciaio zincato e verniciato, con bracci a doppio cavetto inguainato a catena inox o a cinghia.","robots":{"index":"index","follow":"follow","max-snippet":"max-snippet:-1","max-image-preview":"max-image-preview:large","max-video-preview":"max-video-preview:-1"},"canonical":"https:\/\/www.batgroup.com\/fr\/prodotto\/r-90\/","og_locale":"fr_FR","og_type":"article","og_title":"Supporto per Tende a Bracci Estensibili - R-90 - Bat Group","og_description":"R-90 \u00e8 un supporto per tende a bracci su barra quadra 40mm in acciaio zincato e verniciato, con bracci a doppio cavetto inguainato a catena inox o a cinghia.","og_url":"https:\/\/www.batgroup.com\/fr\/prodotto\/r-90\/","og_site_name":"Bat Group","article_modified_time":"2024-10-11T12:45:01+00:00","og_image":[{"width":1024,"height":779,"url":"https:\/\/www.batgroup.com\/wp-content\/uploads\/2017\/10\/BAT_R_90-1024x779.jpg","type":"image\/jpeg"}],"twitter_card":"summary_large_image","schema":{"@context":"https:\/\/schema.org","@graph":[{"@type":"WebPage","@id":"https:\/\/www.batgroup.com\/fr\/prodotto\/r-90\/","url":"https:\/\/www.batgroup.com\/fr\/prodotto\/r-90\/","name":"Supporto per Tende a Bracci Estensibili - R-90 - Bat Group","isPartOf":{"@id":"https:\/\/www.batgroup.com\/us\/#website"},"primaryImageOfPage":{"@id":"https:\/\/www.batgroup.com\/fr\/prodotto\/r-90\/#primaryimage"},"image":{"@id":"https:\/\/www.batgroup.com\/fr\/prodotto\/r-90\/#primaryimage"},"thumbnailUrl":"https:\/\/www.batgroup.com\/wp-content\/uploads\/2017\/10\/R90_24-Low.jpg","datePublished":"2017-11-06T09:18:15+00:00","dateModified":"2024-10-11T12:45:01+00:00","description":"R-90 \u00e8 un supporto per tende a bracci su barra quadra 40mm in acciaio zincato e verniciato, con bracci a doppio cavetto inguainato a catena inox o a cinghia.","breadcrumb":{"@id":"https:\/\/www.batgroup.com\/fr\/prodotto\/r-90\/#breadcrumb"},"inLanguage":"fr-FR","potentialAction":[{"@type":"ReadAction","target":["https:\/\/www.batgroup.com\/fr\/prodotto\/r-90\/"]}]},{"@type":"ImageObject","inLanguage":"fr-FR","@id":"https:\/\/www.batgroup.com\/fr\/prodotto\/r-90\/#primaryimage","url":"https:\/\/www.batgroup.com\/wp-content\/uploads\/2017\/10\/R90_24-Low.jpg","contentUrl":"https:\/\/www.batgroup.com\/wp-content\/uploads\/2017\/10\/R90_24-Low.jpg","width":1753,"height":1240},{"@type":"BreadcrumbList","@id":"https:\/\/www.batgroup.com\/fr\/prodotto\/r-90\/#breadcrumb","itemListElement":[{"@type":"ListItem","position":1,"name":"Home","item":"https:\/\/www.batgroup.com\/fr\/"},{"@type":"ListItem","position":2,"name":"Produits","item":"https:\/\/www.batgroup.com\/fr\/produits\/"},{"@type":"ListItem","position":3,"name":"R-90"}]},{"@type":"WebSite","@id":"https:\/\/www.batgroup.com\/us\/#website","url":"https:\/\/www.batgroup.com\/us\/","name":"Bat Group","description":"Accessori e componenti per sistemi di schermatura solare","potentialAction":[{"@type":"SearchAction","target":{"@type":"EntryPoint","urlTemplate":"https:\/\/www.batgroup.com\/us\/?s={search_term_string}"},"query-input":{"@type":"PropertyValueSpecification","valueRequired":true,"valueName":"search_term_string"}}],"inLanguage":"fr-FR"}]}},"_links":{"self":[{"href":"https:\/\/www.batgroup.com\/fr\/wp-json\/wp\/v2\/product\/10623\/"}],"collection":[{"href":"https:\/\/www.batgroup.com\/fr\/wp-json\/wp\/v2\/product\/"}],"about":[{"href":"https:\/\/www.batgroup.com\/fr\/wp-json\/wp\/v2\/types\/product\/"}],"wp:featuredmedia":[{"embeddable":true,"href":"https:\/\/www.batgroup.com\/fr\/wp-json\/wp\/v2\/media\/141750\/"}],"wp:attachment":[{"href":"https:\/\/www.batgroup.com\/fr\/wp-json\/wp\/v2\/media\/?parent=10623"}],"curies":[{"name":"wp","href":"https:\/\/api.w.org\/{rel}","templated":true}]}}