{"id":10593,"date":"2017-10-20T15:08:11","date_gmt":"2017-11-06T08:35:32","guid":{"rendered":"http:\/\/bat.itpowernet.it\/?post_type=product&#038;p=10593"},"modified":"2022-09-05T15:54:42","modified_gmt":"2022-09-05T13:54:42","slug":"patio-v4","status":"publish","type":"product","link":"https:\/\/www.batgroup.com\/fr\/prodotto\/patio-v4\/","title":{"rendered":"PATIO V4"},"content":{"rendered":"","protected":false},"excerpt":{"rendered":"<p>PATIO V4 est une structure pour couvrir une terrasse, un solarium. Elle peut \u00eatre adapt\u00e9e \u00e0 une structure existante. Le mouvement de la toile se fait manuellement. La Patio est caract\u00e9ris\u00e9e par la presence classique \u00ab de vagues \u00bb et peut \u00eatre empaquet\u00e9e soit d\u2019un cot\u00e9 ou de l\u2019autre. L\u2019attention particuli\u00e8re apport\u00e9e au design et \u00e0 la qualit\u00e9 technique rend le syst\u00e9me adaptable \u00e0 une large gamme de structure portante.<\/p>\n","protected":false},"featured_media":7397,"template":"","meta":{"_acf_changed":false},"class_list":["post-10593","product","type-product","status-publish","has-post-thumbnail","hentry","product_cat-protections-solaires","product_cat-stores-pour-verandas"],"acf":[],"yoast_head":"<!-- This site is optimized with the Yoast SEO plugin v27.3 - https:\/\/yoast.com\/product\/yoast-seo-wordpress\/ -->\n<title>Coperture Verande - PATIO V4 - Bat Group<\/title>\n<meta name=\"description\" content=\"PATIO V4: una struttura per la copertura di verande, terrazze, attici da abbinarsi ad una struttura portante di supporto. Vedi il modello e contattaci per info.\" \/>\n<meta name=\"robots\" content=\"index, follow, max-snippet:-1, max-image-preview:large, max-video-preview:-1\" \/>\n<link rel=\"canonical\" href=\"https:\/\/www.batgroup.com\/fr\/prodotto\/patio-v4\/\" \/>\n<meta property=\"og:locale\" content=\"fr_FR\" \/>\n<meta property=\"og:type\" content=\"article\" \/>\n<meta property=\"og:title\" content=\"Coperture Verande - PATIO V4 - Bat Group\" \/>\n<meta property=\"og:description\" content=\"PATIO V4: una struttura per la copertura di verande, terrazze, attici da abbinarsi ad una struttura portante di supporto. Vedi il modello e contattaci per info.\" \/>\n<meta property=\"og:url\" content=\"https:\/\/www.batgroup.com\/fr\/prodotto\/patio-v4\/\" \/>\n<meta property=\"og:site_name\" content=\"Bat Group\" \/>\n<meta property=\"article:modified_time\" content=\"2022-09-05T13:54:42+00:00\" \/>\n<meta property=\"og:image\" content=\"https:\/\/www.batgroup.com\/wp-content\/uploads\/2017\/10\/tende_sole_Attici_Verande_Patio_V4.jpg\" \/>\n\t<meta property=\"og:image:width\" content=\"460\" \/>\n\t<meta property=\"og:image:height\" content=\"180\" \/>\n\t<meta property=\"og:image:type\" content=\"image\/jpeg\" \/>\n<meta name=\"twitter:card\" content=\"summary_large_image\" \/>\n<!-- \/ Yoast SEO plugin. -->","yoast_head_json":{"title":"Coperture Verande - PATIO V4 - Bat Group","description":"PATIO V4: una struttura per la copertura di verande, terrazze, attici da abbinarsi ad una struttura portante di supporto. Vedi il modello e contattaci per info.","robots":{"index":"index","follow":"follow","max-snippet":"max-snippet:-1","max-image-preview":"max-image-preview:large","max-video-preview":"max-video-preview:-1"},"canonical":"https:\/\/www.batgroup.com\/fr\/prodotto\/patio-v4\/","og_locale":"fr_FR","og_type":"article","og_title":"Coperture Verande - PATIO V4 - Bat Group","og_description":"PATIO V4: una struttura per la copertura di verande, terrazze, attici da abbinarsi ad una struttura portante di supporto. Vedi il modello e contattaci per info.","og_url":"https:\/\/www.batgroup.com\/fr\/prodotto\/patio-v4\/","og_site_name":"Bat Group","article_modified_time":"2022-09-05T13:54:42+00:00","og_image":[{"width":460,"height":180,"url":"https:\/\/www.batgroup.com\/wp-content\/uploads\/2017\/10\/tende_sole_Attici_Verande_Patio_V4.jpg","type":"image\/jpeg"}],"twitter_card":"summary_large_image","schema":{"@context":"https:\/\/schema.org","@graph":[{"@type":"WebPage","@id":"https:\/\/www.batgroup.com\/fr\/prodotto\/patio-v4\/","url":"https:\/\/www.batgroup.com\/fr\/prodotto\/patio-v4\/","name":"Coperture Verande - PATIO V4 - Bat Group","isPartOf":{"@id":"https:\/\/www.batgroup.com\/us\/#website"},"primaryImageOfPage":{"@id":"https:\/\/www.batgroup.com\/fr\/prodotto\/patio-v4\/#primaryimage"},"image":{"@id":"https:\/\/www.batgroup.com\/fr\/prodotto\/patio-v4\/#primaryimage"},"thumbnailUrl":"https:\/\/www.batgroup.com\/wp-content\/uploads\/2017\/10\/tende_sole_Attici_Verande_Patio_V4.jpg","datePublished":"2017-11-06T08:35:32+00:00","dateModified":"2022-09-05T13:54:42+00:00","description":"PATIO V4: una struttura per la copertura di verande, terrazze, attici da abbinarsi ad una struttura portante di supporto. Vedi il modello e contattaci per info.","breadcrumb":{"@id":"https:\/\/www.batgroup.com\/fr\/prodotto\/patio-v4\/#breadcrumb"},"inLanguage":"fr-FR","potentialAction":[{"@type":"ReadAction","target":["https:\/\/www.batgroup.com\/fr\/prodotto\/patio-v4\/"]}]},{"@type":"ImageObject","inLanguage":"fr-FR","@id":"https:\/\/www.batgroup.com\/fr\/prodotto\/patio-v4\/#primaryimage","url":"https:\/\/www.batgroup.com\/wp-content\/uploads\/2017\/10\/tende_sole_Attici_Verande_Patio_V4.jpg","contentUrl":"https:\/\/www.batgroup.com\/wp-content\/uploads\/2017\/10\/tende_sole_Attici_Verande_Patio_V4.jpg","width":460,"height":180},{"@type":"BreadcrumbList","@id":"https:\/\/www.batgroup.com\/fr\/prodotto\/patio-v4\/#breadcrumb","itemListElement":[{"@type":"ListItem","position":1,"name":"Home","item":"https:\/\/www.batgroup.com\/fr\/"},{"@type":"ListItem","position":2,"name":"Produits","item":"https:\/\/www.batgroup.com\/fr\/produits\/"},{"@type":"ListItem","position":3,"name":"PATIO V4"}]},{"@type":"WebSite","@id":"https:\/\/www.batgroup.com\/us\/#website","url":"https:\/\/www.batgroup.com\/us\/","name":"Bat Group","description":"Accessori e componenti per sistemi di schermatura solare","potentialAction":[{"@type":"SearchAction","target":{"@type":"EntryPoint","urlTemplate":"https:\/\/www.batgroup.com\/us\/?s={search_term_string}"},"query-input":{"@type":"PropertyValueSpecification","valueRequired":true,"valueName":"search_term_string"}}],"inLanguage":"fr-FR"}]}},"_links":{"self":[{"href":"https:\/\/www.batgroup.com\/fr\/wp-json\/wp\/v2\/product\/10593\/"}],"collection":[{"href":"https:\/\/www.batgroup.com\/fr\/wp-json\/wp\/v2\/product\/"}],"about":[{"href":"https:\/\/www.batgroup.com\/fr\/wp-json\/wp\/v2\/types\/product\/"}],"wp:featuredmedia":[{"embeddable":true,"href":"https:\/\/www.batgroup.com\/fr\/wp-json\/wp\/v2\/media\/7397\/"}],"wp:attachment":[{"href":"https:\/\/www.batgroup.com\/fr\/wp-json\/wp\/v2\/media\/?parent=10593"}],"curies":[{"name":"wp","href":"https:\/\/api.w.org\/{rel}","templated":true}]}}