{"id":10585,"date":"2017-10-20T13:32:24","date_gmt":"2017-11-06T08:24:12","guid":{"rendered":"http:\/\/bat.itpowernet.it\/?post_type=product&#038;p=10585"},"modified":"2017-11-07T18:27:14","modified_gmt":"2017-11-07T17:27:14","slug":"eco-tendal","status":"publish","type":"product","link":"https:\/\/www.batgroup.com\/fr\/prodotto\/eco-tendal\/","title":{"rendered":"ECO TENDAL"},"content":{"rendered":"","protected":false},"excerpt":{"rendered":"<p>ECO TENDAL est une structure pour la couverture de terrasses, v\u00e9randas et toits en verre. Le tissu glisse lat\u00e9ralement dans un \u00e9pais profil guide de 80x56mm. L\u2019hauteur minimum de terre est de 250cm aux termes de la loi, l\u2019inclinaison de la partie sup\u00e9rieure est variable selon les diff\u00e9rentes exigences d\u2019installation.<\/p>\n","protected":false},"featured_media":7194,"template":"","meta":{"_acf_changed":false},"class_list":["post-10585","product","type-product","status-publish","has-post-thumbnail","hentry","product_cat-protections-solaires","product_cat-stores-pour-verandas"],"acf":[],"yoast_head":"<!-- This site is optimized with the Yoast SEO plugin v27.3 - https:\/\/yoast.com\/product\/yoast-seo-wordpress\/ -->\n<title>Struttura per Veranda - ECO TENDAL - Bat Group<\/title>\n<meta name=\"description\" content=\"ECO TENDAL \u00e8 una struttura per la copertura di verande, terrazze, attici. Pendenza regolabile in base alle diverse esigenze di installazione. Vedi il modello.\" \/>\n<meta name=\"robots\" content=\"index, follow, max-snippet:-1, max-image-preview:large, max-video-preview:-1\" \/>\n<link rel=\"canonical\" href=\"https:\/\/www.batgroup.com\/fr\/prodotto\/eco-tendal\/\" \/>\n<meta property=\"og:locale\" content=\"fr_FR\" \/>\n<meta property=\"og:type\" content=\"article\" \/>\n<meta property=\"og:title\" content=\"Struttura per Veranda - ECO TENDAL - Bat Group\" \/>\n<meta property=\"og:description\" content=\"ECO TENDAL \u00e8 una struttura per la copertura di verande, terrazze, attici. Pendenza regolabile in base alle diverse esigenze di installazione. Vedi il modello.\" \/>\n<meta property=\"og:url\" content=\"https:\/\/www.batgroup.com\/fr\/prodotto\/eco-tendal\/\" \/>\n<meta property=\"og:site_name\" content=\"Bat Group\" \/>\n<meta property=\"article:modified_time\" content=\"2017-11-07T17:27:14+00:00\" \/>\n<meta property=\"og:image\" content=\"https:\/\/www.batgroup.com\/wp-content\/uploads\/2017\/10\/tende_sole_Attici_Verande_Eco_Tendal.jpg\" \/>\n\t<meta property=\"og:image:width\" content=\"460\" \/>\n\t<meta property=\"og:image:height\" content=\"180\" \/>\n\t<meta property=\"og:image:type\" content=\"image\/jpeg\" \/>\n<meta name=\"twitter:card\" content=\"summary_large_image\" \/>\n<!-- \/ Yoast SEO plugin. -->","yoast_head_json":{"title":"Struttura per Veranda - ECO TENDAL - Bat Group","description":"ECO TENDAL \u00e8 una struttura per la copertura di verande, terrazze, attici. Pendenza regolabile in base alle diverse esigenze di installazione. Vedi il modello.","robots":{"index":"index","follow":"follow","max-snippet":"max-snippet:-1","max-image-preview":"max-image-preview:large","max-video-preview":"max-video-preview:-1"},"canonical":"https:\/\/www.batgroup.com\/fr\/prodotto\/eco-tendal\/","og_locale":"fr_FR","og_type":"article","og_title":"Struttura per Veranda - ECO TENDAL - Bat Group","og_description":"ECO TENDAL \u00e8 una struttura per la copertura di verande, terrazze, attici. Pendenza regolabile in base alle diverse esigenze di installazione. Vedi il modello.","og_url":"https:\/\/www.batgroup.com\/fr\/prodotto\/eco-tendal\/","og_site_name":"Bat Group","article_modified_time":"2017-11-07T17:27:14+00:00","og_image":[{"width":460,"height":180,"url":"https:\/\/www.batgroup.com\/wp-content\/uploads\/2017\/10\/tende_sole_Attici_Verande_Eco_Tendal.jpg","type":"image\/jpeg"}],"twitter_card":"summary_large_image","schema":{"@context":"https:\/\/schema.org","@graph":[{"@type":"WebPage","@id":"https:\/\/www.batgroup.com\/fr\/prodotto\/eco-tendal\/","url":"https:\/\/www.batgroup.com\/fr\/prodotto\/eco-tendal\/","name":"Struttura per Veranda - ECO TENDAL - Bat Group","isPartOf":{"@id":"https:\/\/www.batgroup.com\/us\/#website"},"primaryImageOfPage":{"@id":"https:\/\/www.batgroup.com\/fr\/prodotto\/eco-tendal\/#primaryimage"},"image":{"@id":"https:\/\/www.batgroup.com\/fr\/prodotto\/eco-tendal\/#primaryimage"},"thumbnailUrl":"https:\/\/www.batgroup.com\/wp-content\/uploads\/2017\/10\/tende_sole_Attici_Verande_Eco_Tendal.jpg","datePublished":"2017-11-06T08:24:12+00:00","dateModified":"2017-11-07T17:27:14+00:00","description":"ECO TENDAL \u00e8 una struttura per la copertura di verande, terrazze, attici. Pendenza regolabile in base alle diverse esigenze di installazione. Vedi il modello.","breadcrumb":{"@id":"https:\/\/www.batgroup.com\/fr\/prodotto\/eco-tendal\/#breadcrumb"},"inLanguage":"fr-FR","potentialAction":[{"@type":"ReadAction","target":["https:\/\/www.batgroup.com\/fr\/prodotto\/eco-tendal\/"]}]},{"@type":"ImageObject","inLanguage":"fr-FR","@id":"https:\/\/www.batgroup.com\/fr\/prodotto\/eco-tendal\/#primaryimage","url":"https:\/\/www.batgroup.com\/wp-content\/uploads\/2017\/10\/tende_sole_Attici_Verande_Eco_Tendal.jpg","contentUrl":"https:\/\/www.batgroup.com\/wp-content\/uploads\/2017\/10\/tende_sole_Attici_Verande_Eco_Tendal.jpg","width":460,"height":180},{"@type":"BreadcrumbList","@id":"https:\/\/www.batgroup.com\/fr\/prodotto\/eco-tendal\/#breadcrumb","itemListElement":[{"@type":"ListItem","position":1,"name":"Home","item":"https:\/\/www.batgroup.com\/fr\/"},{"@type":"ListItem","position":2,"name":"Produits","item":"https:\/\/www.batgroup.com\/fr\/produits\/"},{"@type":"ListItem","position":3,"name":"ECO TENDAL"}]},{"@type":"WebSite","@id":"https:\/\/www.batgroup.com\/us\/#website","url":"https:\/\/www.batgroup.com\/us\/","name":"Bat Group","description":"Accessori e componenti per sistemi di schermatura solare","potentialAction":[{"@type":"SearchAction","target":{"@type":"EntryPoint","urlTemplate":"https:\/\/www.batgroup.com\/us\/?s={search_term_string}"},"query-input":{"@type":"PropertyValueSpecification","valueRequired":true,"valueName":"search_term_string"}}],"inLanguage":"fr-FR"}]}},"_links":{"self":[{"href":"https:\/\/www.batgroup.com\/fr\/wp-json\/wp\/v2\/product\/10585\/"}],"collection":[{"href":"https:\/\/www.batgroup.com\/fr\/wp-json\/wp\/v2\/product\/"}],"about":[{"href":"https:\/\/www.batgroup.com\/fr\/wp-json\/wp\/v2\/types\/product\/"}],"wp:featuredmedia":[{"embeddable":true,"href":"https:\/\/www.batgroup.com\/fr\/wp-json\/wp\/v2\/media\/7194\/"}],"wp:attachment":[{"href":"https:\/\/www.batgroup.com\/fr\/wp-json\/wp\/v2\/media\/?parent=10585"}],"curies":[{"name":"wp","href":"https:\/\/api.w.org\/{rel}","templated":true}]}}