{"id":10495,"date":"2017-10-25T10:13:08","date_gmt":"2017-11-03T11:29:15","guid":{"rendered":"http:\/\/bat.itpowernet.it\/?post_type=product&#038;p=10495"},"modified":"2017-11-07T18:25:41","modified_gmt":"2017-11-07T17:25:41","slug":"screeny-130-gp-unica-m","status":"publish","type":"product","link":"https:\/\/www.batgroup.com\/fr\/prodotto\/screeny-130-gp-unica-m\/","title":{"rendered":"SCREENY 130 GP UNICA M"},"content":{"rendered":"","protected":false},"excerpt":{"rendered":"<p>Store coffre de 130 mm disponible en 2 versions (Carr\u00e9 et Rond) equip\u00e9 de syst\u00e9me de guide libre. Le guide, compos\u00e9 de deux profils, porteur ou couverture, est indiqu\u00e9 pour installation sur fen\u00eatre en niche ou fa\u00e7ade. Rapide et facile \u00e0 installer et inspecter. Elle a \u00e9t\u00e9 d\u00e9velopp\u00e9 pour seuls syst\u00e9mes motoris\u00e9 en reduisant la largeur de 36 mm.<\/p>\n","protected":false},"featured_media":8778,"template":"","meta":{"_acf_changed":false},"class_list":["post-10495","product","type-product","status-publish","has-post-thumbnail","hentry","product_cat-screeny-fr","product_cat-screeny-130-fr"],"acf":[],"yoast_head":"<!-- This site is optimized with the Yoast SEO plugin v27.3 - https:\/\/yoast.com\/product\/yoast-seo-wordpress\/ -->\n<title>Tende da Sole con Cassonetto Completo - SCREENY 130 GP UNICA M - Bat Group<\/title>\n<meta name=\"description\" content=\"SCREENY 130 GP \u00e8 la tenda da sole con cassonetto completo per eccellenza, moderna e facile da installare. Guarda la scheda tecnica e il resto della gamma.\" \/>\n<meta name=\"robots\" content=\"index, follow, max-snippet:-1, max-image-preview:large, max-video-preview:-1\" \/>\n<link rel=\"canonical\" href=\"https:\/\/www.batgroup.com\/fr\/prodotto\/screeny-130-gp-unica-m\/\" \/>\n<meta property=\"og:locale\" content=\"fr_FR\" \/>\n<meta property=\"og:type\" content=\"article\" \/>\n<meta property=\"og:title\" content=\"Tende da Sole con Cassonetto Completo - SCREENY 130 GP UNICA M - Bat Group\" \/>\n<meta property=\"og:description\" content=\"SCREENY 130 GP \u00e8 la tenda da sole con cassonetto completo per eccellenza, moderna e facile da installare. Guarda la scheda tecnica e il resto della gamma.\" \/>\n<meta property=\"og:url\" content=\"https:\/\/www.batgroup.com\/fr\/prodotto\/screeny-130-gp-unica-m\/\" \/>\n<meta property=\"og:site_name\" content=\"Bat Group\" \/>\n<meta property=\"article:modified_time\" content=\"2017-11-07T17:25:41+00:00\" \/>\n<meta property=\"og:image\" content=\"https:\/\/www.batgroup.com\/wp-content\/uploads\/2017\/10\/tende_rullo_verticale_Screeny130_Gp_Unica_M.jpg\" \/>\n\t<meta property=\"og:image:width\" content=\"460\" \/>\n\t<meta property=\"og:image:height\" content=\"180\" \/>\n\t<meta property=\"og:image:type\" content=\"image\/jpeg\" \/>\n<meta name=\"twitter:card\" content=\"summary_large_image\" \/>\n<!-- \/ Yoast SEO plugin. -->","yoast_head_json":{"title":"Tende da Sole con Cassonetto Completo - SCREENY 130 GP UNICA M - Bat Group","description":"SCREENY 130 GP \u00e8 la tenda da sole con cassonetto completo per eccellenza, moderna e facile da installare. Guarda la scheda tecnica e il resto della gamma.","robots":{"index":"index","follow":"follow","max-snippet":"max-snippet:-1","max-image-preview":"max-image-preview:large","max-video-preview":"max-video-preview:-1"},"canonical":"https:\/\/www.batgroup.com\/fr\/prodotto\/screeny-130-gp-unica-m\/","og_locale":"fr_FR","og_type":"article","og_title":"Tende da Sole con Cassonetto Completo - SCREENY 130 GP UNICA M - Bat Group","og_description":"SCREENY 130 GP \u00e8 la tenda da sole con cassonetto completo per eccellenza, moderna e facile da installare. Guarda la scheda tecnica e il resto della gamma.","og_url":"https:\/\/www.batgroup.com\/fr\/prodotto\/screeny-130-gp-unica-m\/","og_site_name":"Bat Group","article_modified_time":"2017-11-07T17:25:41+00:00","og_image":[{"width":460,"height":180,"url":"https:\/\/www.batgroup.com\/wp-content\/uploads\/2017\/10\/tende_rullo_verticale_Screeny130_Gp_Unica_M.jpg","type":"image\/jpeg"}],"twitter_card":"summary_large_image","schema":{"@context":"https:\/\/schema.org","@graph":[{"@type":"WebPage","@id":"https:\/\/www.batgroup.com\/fr\/prodotto\/screeny-130-gp-unica-m\/","url":"https:\/\/www.batgroup.com\/fr\/prodotto\/screeny-130-gp-unica-m\/","name":"Tende da Sole con Cassonetto Completo - SCREENY 130 GP UNICA M - Bat Group","isPartOf":{"@id":"https:\/\/www.batgroup.com\/us\/#website"},"primaryImageOfPage":{"@id":"https:\/\/www.batgroup.com\/fr\/prodotto\/screeny-130-gp-unica-m\/#primaryimage"},"image":{"@id":"https:\/\/www.batgroup.com\/fr\/prodotto\/screeny-130-gp-unica-m\/#primaryimage"},"thumbnailUrl":"https:\/\/www.batgroup.com\/wp-content\/uploads\/2017\/10\/tende_rullo_verticale_Screeny130_Gp_Unica_M.jpg","datePublished":"2017-11-03T11:29:15+00:00","dateModified":"2017-11-07T17:25:41+00:00","description":"SCREENY 130 GP \u00e8 la tenda da sole con cassonetto completo per eccellenza, moderna e facile da installare. Guarda la scheda tecnica e il resto della gamma.","breadcrumb":{"@id":"https:\/\/www.batgroup.com\/fr\/prodotto\/screeny-130-gp-unica-m\/#breadcrumb"},"inLanguage":"fr-FR","potentialAction":[{"@type":"ReadAction","target":["https:\/\/www.batgroup.com\/fr\/prodotto\/screeny-130-gp-unica-m\/"]}]},{"@type":"ImageObject","inLanguage":"fr-FR","@id":"https:\/\/www.batgroup.com\/fr\/prodotto\/screeny-130-gp-unica-m\/#primaryimage","url":"https:\/\/www.batgroup.com\/wp-content\/uploads\/2017\/10\/tende_rullo_verticale_Screeny130_Gp_Unica_M.jpg","contentUrl":"https:\/\/www.batgroup.com\/wp-content\/uploads\/2017\/10\/tende_rullo_verticale_Screeny130_Gp_Unica_M.jpg","width":460,"height":180},{"@type":"BreadcrumbList","@id":"https:\/\/www.batgroup.com\/fr\/prodotto\/screeny-130-gp-unica-m\/#breadcrumb","itemListElement":[{"@type":"ListItem","position":1,"name":"Home","item":"https:\/\/www.batgroup.com\/fr\/"},{"@type":"ListItem","position":2,"name":"Produits","item":"https:\/\/www.batgroup.com\/fr\/produits\/"},{"@type":"ListItem","position":3,"name":"SCREENY 130 GP UNICA M"}]},{"@type":"WebSite","@id":"https:\/\/www.batgroup.com\/us\/#website","url":"https:\/\/www.batgroup.com\/us\/","name":"Bat Group","description":"Accessori e componenti per sistemi di schermatura solare","potentialAction":[{"@type":"SearchAction","target":{"@type":"EntryPoint","urlTemplate":"https:\/\/www.batgroup.com\/us\/?s={search_term_string}"},"query-input":{"@type":"PropertyValueSpecification","valueRequired":true,"valueName":"search_term_string"}}],"inLanguage":"fr-FR"}]}},"_links":{"self":[{"href":"https:\/\/www.batgroup.com\/fr\/wp-json\/wp\/v2\/product\/10495\/"}],"collection":[{"href":"https:\/\/www.batgroup.com\/fr\/wp-json\/wp\/v2\/product\/"}],"about":[{"href":"https:\/\/www.batgroup.com\/fr\/wp-json\/wp\/v2\/types\/product\/"}],"wp:featuredmedia":[{"embeddable":true,"href":"https:\/\/www.batgroup.com\/fr\/wp-json\/wp\/v2\/media\/8778\/"}],"wp:attachment":[{"href":"https:\/\/www.batgroup.com\/fr\/wp-json\/wp\/v2\/media\/?parent=10495"}],"curies":[{"name":"wp","href":"https:\/\/api.w.org\/{rel}","templated":true}]}}