{"id":10482,"date":"2017-10-24T12:57:01","date_gmt":"2017-11-03T11:13:40","guid":{"rendered":"http:\/\/bat.itpowernet.it\/?post_type=product&#038;p=10482"},"modified":"2017-11-07T18:26:20","modified_gmt":"2017-11-07T17:26:20","slug":"screeny-110-gpz-tens-t","status":"publish","type":"product","link":"https:\/\/www.batgroup.com\/fr\/prodotto\/screeny-110-gpz-tens-t\/","title":{"rendered":"SCREENY 110 GPZ TENS T"},"content":{"rendered":"","protected":false},"excerpt":{"rendered":"<p>Store coffre 110 est disponible dans la seule variante Carr\u00e9e, avec le syst\u00e8me de guide ZIP et coffre autoportant. Adapte \u00e0 l\u2019installation des b\u00e2tis, \u00e0 niche ou \u00e0 mur. Grace au syst\u00e8me de mise sous tension elle fonctionne \u00e9galement dans une position inclin\u00e9e. Fonctionnement seulement motoris\u00e9.<\/p>\n","protected":false},"featured_media":8407,"template":"","meta":{"_acf_changed":false},"class_list":["post-10482","product","type-product","status-publish","has-post-thumbnail","hentry","product_cat-screeny-fr","product_cat-screeny-110-fr"],"acf":[],"yoast_head":"<!-- This site is optimized with the Yoast SEO plugin v27.3 - https:\/\/yoast.com\/product\/yoast-seo-wordpress\/ -->\n<title>Tenda da Sole con Motore - SCREENY 110 GPZ TENS T - Bat Group<\/title>\n<meta name=\"description\" content=\"&quot;Questa tenda da sole funziona esclusivamente con motore ma grazieal sistema di tensionamento lavora anche in posizione inclinata. Vedi la scheda tecnica.&quot;\" \/>\n<meta name=\"robots\" content=\"index, follow, max-snippet:-1, max-image-preview:large, max-video-preview:-1\" \/>\n<link rel=\"canonical\" href=\"https:\/\/www.batgroup.com\/fr\/prodotto\/screeny-110-gpz-tens-t\/\" \/>\n<meta property=\"og:locale\" content=\"fr_FR\" \/>\n<meta property=\"og:type\" content=\"article\" \/>\n<meta property=\"og:title\" content=\"Tenda da Sole con Motore - SCREENY 110 GPZ TENS T - Bat Group\" \/>\n<meta property=\"og:description\" content=\"&quot;Questa tenda da sole funziona esclusivamente con motore ma grazieal sistema di tensionamento lavora anche in posizione inclinata. Vedi la scheda tecnica.&quot;\" \/>\n<meta property=\"og:url\" content=\"https:\/\/www.batgroup.com\/fr\/prodotto\/screeny-110-gpz-tens-t\/\" \/>\n<meta property=\"og:site_name\" content=\"Bat Group\" \/>\n<meta property=\"article:modified_time\" content=\"2017-11-07T17:26:20+00:00\" \/>\n<meta property=\"og:image\" content=\"https:\/\/www.batgroup.com\/wp-content\/uploads\/2017\/10\/tende_rullo_verticale_Screeny110_Gpz_Tens_T.jpg\" \/>\n\t<meta property=\"og:image:width\" content=\"460\" \/>\n\t<meta property=\"og:image:height\" content=\"180\" \/>\n\t<meta property=\"og:image:type\" content=\"image\/jpeg\" \/>\n<meta name=\"twitter:card\" content=\"summary_large_image\" \/>\n<!-- \/ Yoast SEO plugin. -->","yoast_head_json":{"title":"Tenda da Sole con Motore - SCREENY 110 GPZ TENS T - Bat Group","description":"\"Questa tenda da sole funziona esclusivamente con motore ma grazieal sistema di tensionamento lavora anche in posizione inclinata. Vedi la scheda tecnica.\"","robots":{"index":"index","follow":"follow","max-snippet":"max-snippet:-1","max-image-preview":"max-image-preview:large","max-video-preview":"max-video-preview:-1"},"canonical":"https:\/\/www.batgroup.com\/fr\/prodotto\/screeny-110-gpz-tens-t\/","og_locale":"fr_FR","og_type":"article","og_title":"Tenda da Sole con Motore - SCREENY 110 GPZ TENS T - Bat Group","og_description":"\"Questa tenda da sole funziona esclusivamente con motore ma grazieal sistema di tensionamento lavora anche in posizione inclinata. Vedi la scheda tecnica.\"","og_url":"https:\/\/www.batgroup.com\/fr\/prodotto\/screeny-110-gpz-tens-t\/","og_site_name":"Bat Group","article_modified_time":"2017-11-07T17:26:20+00:00","og_image":[{"width":460,"height":180,"url":"https:\/\/www.batgroup.com\/wp-content\/uploads\/2017\/10\/tende_rullo_verticale_Screeny110_Gpz_Tens_T.jpg","type":"image\/jpeg"}],"twitter_card":"summary_large_image","schema":{"@context":"https:\/\/schema.org","@graph":[{"@type":"WebPage","@id":"https:\/\/www.batgroup.com\/fr\/prodotto\/screeny-110-gpz-tens-t\/","url":"https:\/\/www.batgroup.com\/fr\/prodotto\/screeny-110-gpz-tens-t\/","name":"Tenda da Sole con Motore - SCREENY 110 GPZ TENS T - Bat Group","isPartOf":{"@id":"https:\/\/www.batgroup.com\/us\/#website"},"primaryImageOfPage":{"@id":"https:\/\/www.batgroup.com\/fr\/prodotto\/screeny-110-gpz-tens-t\/#primaryimage"},"image":{"@id":"https:\/\/www.batgroup.com\/fr\/prodotto\/screeny-110-gpz-tens-t\/#primaryimage"},"thumbnailUrl":"https:\/\/www.batgroup.com\/wp-content\/uploads\/2017\/10\/tende_rullo_verticale_Screeny110_Gpz_Tens_T.jpg","datePublished":"2017-11-03T11:13:40+00:00","dateModified":"2017-11-07T17:26:20+00:00","description":"\"Questa tenda da sole funziona esclusivamente con motore ma grazieal sistema di tensionamento lavora anche in posizione inclinata. Vedi la scheda tecnica.\"","breadcrumb":{"@id":"https:\/\/www.batgroup.com\/fr\/prodotto\/screeny-110-gpz-tens-t\/#breadcrumb"},"inLanguage":"fr-FR","potentialAction":[{"@type":"ReadAction","target":["https:\/\/www.batgroup.com\/fr\/prodotto\/screeny-110-gpz-tens-t\/"]}]},{"@type":"ImageObject","inLanguage":"fr-FR","@id":"https:\/\/www.batgroup.com\/fr\/prodotto\/screeny-110-gpz-tens-t\/#primaryimage","url":"https:\/\/www.batgroup.com\/wp-content\/uploads\/2017\/10\/tende_rullo_verticale_Screeny110_Gpz_Tens_T.jpg","contentUrl":"https:\/\/www.batgroup.com\/wp-content\/uploads\/2017\/10\/tende_rullo_verticale_Screeny110_Gpz_Tens_T.jpg","width":460,"height":180},{"@type":"BreadcrumbList","@id":"https:\/\/www.batgroup.com\/fr\/prodotto\/screeny-110-gpz-tens-t\/#breadcrumb","itemListElement":[{"@type":"ListItem","position":1,"name":"Home","item":"https:\/\/www.batgroup.com\/fr\/"},{"@type":"ListItem","position":2,"name":"Produits","item":"https:\/\/www.batgroup.com\/fr\/produits\/"},{"@type":"ListItem","position":3,"name":"SCREENY 110 GPZ TENS T"}]},{"@type":"WebSite","@id":"https:\/\/www.batgroup.com\/us\/#website","url":"https:\/\/www.batgroup.com\/us\/","name":"Bat Group","description":"Accessori e componenti per sistemi di schermatura solare","potentialAction":[{"@type":"SearchAction","target":{"@type":"EntryPoint","urlTemplate":"https:\/\/www.batgroup.com\/us\/?s={search_term_string}"},"query-input":{"@type":"PropertyValueSpecification","valueRequired":true,"valueName":"search_term_string"}}],"inLanguage":"fr-FR"}]}},"_links":{"self":[{"href":"https:\/\/www.batgroup.com\/fr\/wp-json\/wp\/v2\/product\/10482\/"}],"collection":[{"href":"https:\/\/www.batgroup.com\/fr\/wp-json\/wp\/v2\/product\/"}],"about":[{"href":"https:\/\/www.batgroup.com\/fr\/wp-json\/wp\/v2\/types\/product\/"}],"wp:featuredmedia":[{"embeddable":true,"href":"https:\/\/www.batgroup.com\/fr\/wp-json\/wp\/v2\/media\/8407\/"}],"wp:attachment":[{"href":"https:\/\/www.batgroup.com\/fr\/wp-json\/wp\/v2\/media\/?parent=10482"}],"curies":[{"name":"wp","href":"https:\/\/api.w.org\/{rel}","templated":true}]}}