{"id":19450,"date":"2018-01-31T15:39:04","date_gmt":"2018-01-31T14:59:49","guid":{"rendered":"https:\/\/www.batgroup.com\/?post_type=product&#038;p=19450"},"modified":"2023-08-10T12:13:37","modified_gmt":"2023-08-10T10:13:37","slug":"space","status":"publish","type":"product","link":"https:\/\/www.batgroup.com\/es\/prodotto\/space\/","title":{"rendered":"SPACE"},"content":{"rendered":"","protected":false},"excerpt":{"rendered":"<p class=\"p1\">SPACE Sistema veranda para techos y lucernarios. El tejido desliza por la parte superior sobre unas gu\u00edas cuya posici\u00f3n se puede regular, adem\u00e1s incorpora el sistema de tensi\u00f3n con pistones de gas.<br \/>\nExisten opciones disponibles como el sistema de bloqueo mec\u00e1nico as\u00ed como el sistema flotante para el tubo de enrolle. Dimensiones m\u00e1ximas de 500&#215;700 cm y con gu\u00eda central hasta 700&#215;700 cm.<\/p>\n","protected":false},"featured_media":138676,"template":"","meta":{"_acf_changed":false},"class_list":["post-19450","product","type-product","status-publish","has-post-thumbnail","hentry","product_cat-toldos-para-barandillas-y-techos-de-cristal-invernaderos"],"acf":[],"yoast_head":"<!-- This site is optimized with the Yoast SEO plugin v27.0 - https:\/\/yoast.com\/product\/yoast-seo-wordpress\/ -->\n<title>Copertura per Verande e Attici - SPACE - Bat Group<\/title>\n<meta name=\"description\" content=\"SPACE - struttura di copertura per verande e attici, regolabile in larghezza e contenente il sistema di tensionamento con molle a gas. Vedi il modello.\" \/>\n<meta name=\"robots\" content=\"index, follow, max-snippet:-1, max-image-preview:large, max-video-preview:-1\" \/>\n<link rel=\"canonical\" href=\"https:\/\/www.batgroup.com\/es\/prodotto\/space\/\" \/>\n<meta property=\"og:locale\" content=\"es_ES\" \/>\n<meta property=\"og:type\" content=\"article\" \/>\n<meta property=\"og:title\" content=\"Copertura per Verande e Attici - SPACE - Bat Group\" \/>\n<meta property=\"og:description\" content=\"SPACE - struttura di copertura per verande e attici, regolabile in larghezza e contenente il sistema di tensionamento con molle a gas. Vedi il modello.\" \/>\n<meta property=\"og:url\" content=\"https:\/\/www.batgroup.com\/es\/prodotto\/space\/\" \/>\n<meta property=\"og:site_name\" content=\"Bat Group\" \/>\n<meta property=\"article:modified_time\" content=\"2023-08-10T10:13:37+00:00\" \/>\n<meta property=\"og:image\" content=\"https:\/\/www.batgroup.com\/wp-content\/uploads\/2018\/01\/Space_22_low.jpg\" \/>\n\t<meta property=\"og:image:width\" content=\"2560\" \/>\n\t<meta property=\"og:image:height\" content=\"1810\" \/>\n\t<meta property=\"og:image:type\" content=\"image\/jpeg\" \/>\n<meta name=\"twitter:card\" content=\"summary_large_image\" \/>\n<!-- \/ Yoast SEO plugin. -->","yoast_head_json":{"title":"Copertura per Verande e Attici - SPACE - Bat Group","description":"SPACE - struttura di copertura per verande e attici, regolabile in larghezza e contenente il sistema di tensionamento con molle a gas. Vedi il modello.","robots":{"index":"index","follow":"follow","max-snippet":"max-snippet:-1","max-image-preview":"max-image-preview:large","max-video-preview":"max-video-preview:-1"},"canonical":"https:\/\/www.batgroup.com\/es\/prodotto\/space\/","og_locale":"es_ES","og_type":"article","og_title":"Copertura per Verande e Attici - SPACE - Bat Group","og_description":"SPACE - struttura di copertura per verande e attici, regolabile in larghezza e contenente il sistema di tensionamento con molle a gas. Vedi il modello.","og_url":"https:\/\/www.batgroup.com\/es\/prodotto\/space\/","og_site_name":"Bat Group","article_modified_time":"2023-08-10T10:13:37+00:00","og_image":[{"width":2560,"height":1810,"url":"https:\/\/www.batgroup.com\/wp-content\/uploads\/2018\/01\/Space_22_low.jpg","type":"image\/jpeg"}],"twitter_card":"summary_large_image","schema":{"@context":"https:\/\/schema.org","@graph":[{"@type":"WebPage","@id":"https:\/\/www.batgroup.com\/es\/prodotto\/space\/","url":"https:\/\/www.batgroup.com\/es\/prodotto\/space\/","name":"Copertura per Verande e Attici - SPACE - Bat Group","isPartOf":{"@id":"https:\/\/www.batgroup.com\/us\/#website"},"primaryImageOfPage":{"@id":"https:\/\/www.batgroup.com\/es\/prodotto\/space\/#primaryimage"},"image":{"@id":"https:\/\/www.batgroup.com\/es\/prodotto\/space\/#primaryimage"},"thumbnailUrl":"https:\/\/www.batgroup.com\/wp-content\/uploads\/2018\/01\/Space_ambiente2_LOW-ps-1.jpg","datePublished":"2018-01-31T14:59:49+00:00","dateModified":"2023-08-10T10:13:37+00:00","description":"SPACE - struttura di copertura per verande e attici, regolabile in larghezza e contenente il sistema di tensionamento con molle a gas. Vedi il modello.","breadcrumb":{"@id":"https:\/\/www.batgroup.com\/es\/prodotto\/space\/#breadcrumb"},"inLanguage":"es","potentialAction":[{"@type":"ReadAction","target":["https:\/\/www.batgroup.com\/es\/prodotto\/space\/"]}]},{"@type":"ImageObject","inLanguage":"es","@id":"https:\/\/www.batgroup.com\/es\/prodotto\/space\/#primaryimage","url":"https:\/\/www.batgroup.com\/wp-content\/uploads\/2018\/01\/Space_ambiente2_LOW-ps-1.jpg","contentUrl":"https:\/\/www.batgroup.com\/wp-content\/uploads\/2018\/01\/Space_ambiente2_LOW-ps-1.jpg","width":2490,"height":1400},{"@type":"BreadcrumbList","@id":"https:\/\/www.batgroup.com\/es\/prodotto\/space\/#breadcrumb","itemListElement":[{"@type":"ListItem","position":1,"name":"Home","item":"https:\/\/www.batgroup.com\/es\/"},{"@type":"ListItem","position":2,"name":"Productos","item":"https:\/\/www.batgroup.com\/es\/productos\/"},{"@type":"ListItem","position":3,"name":"SPACE"}]},{"@type":"WebSite","@id":"https:\/\/www.batgroup.com\/us\/#website","url":"https:\/\/www.batgroup.com\/us\/","name":"Bat Group","description":"Accessori e componenti per sistemi di schermatura solare","potentialAction":[{"@type":"SearchAction","target":{"@type":"EntryPoint","urlTemplate":"https:\/\/www.batgroup.com\/us\/?s={search_term_string}"},"query-input":{"@type":"PropertyValueSpecification","valueRequired":true,"valueName":"search_term_string"}}],"inLanguage":"es"}]}},"_links":{"self":[{"href":"https:\/\/www.batgroup.com\/es\/wp-json\/wp\/v2\/product\/19450\/"}],"collection":[{"href":"https:\/\/www.batgroup.com\/es\/wp-json\/wp\/v2\/product\/"}],"about":[{"href":"https:\/\/www.batgroup.com\/es\/wp-json\/wp\/v2\/types\/product\/"}],"wp:featuredmedia":[{"embeddable":true,"href":"https:\/\/www.batgroup.com\/es\/wp-json\/wp\/v2\/media\/138676\/"}],"wp:attachment":[{"href":"https:\/\/www.batgroup.com\/es\/wp-json\/wp\/v2\/media\/?parent=19450"}],"curies":[{"name":"wp","href":"https:\/\/api.w.org\/{rel}","templated":true}]}}