{"id":18346,"date":"2018-01-12T16:45:17","date_gmt":"2018-01-12T16:51:00","guid":{"rendered":"http:\/\/www.batgroup.com\/?post_type=product&#038;p=18346"},"modified":"2022-02-28T15:01:26","modified_gmt":"2022-02-28T14:01:26","slug":"screeny-box-130","status":"publish","type":"product","link":"https:\/\/www.batgroup.com\/es\/prodotto\/screeny-box-130\/","title":{"rendered":"SCREENY BOX 130"},"content":{"rendered":"","protected":false},"excerpt":{"rendered":"<p>A la vasta gama Screeny se a\u00f1ade tambi\u00e9n <strong>SCREENY BOX<\/strong>, un sistema enrollable revolucionario, que responde a las exigencias actuales de proyectistas y arquitectos. SCREENY BOX es un toldo enrollable sin caj\u00f3n, dotado de gu\u00eda para empotrar con zip. El sistema resulta perfecto en las instalaciones con presencia de monobloc aislante donde es importante la relaci\u00f3n entre dise\u00f1o, funcionalidad y ahorro energ\u00e9tico.<\/p>\n<p>El sistema ZIP, unido a la utilizaci\u00f3n de tejidos t\u00e9cnicos que regulan la aportaci\u00f3n de energ\u00eda solar, ofrece una eficaz protecci\u00f3n del exterior. Dotado de un sistema patentado de fijaci\u00f3n de f\u00e1cil instalaci\u00f3n, SCREENY BOX es la soluci\u00f3n perfecta para el que desea una protecci\u00f3n solar de dimensiones reducidas y del m\u00ednimo impacto est\u00e9tico.<\/p>\n","protected":false},"featured_media":23870,"template":"","meta":{"_acf_changed":false},"class_list":["post-18346","product","type-product","status-publish","has-post-thumbnail","hentry","product_cat-screeny-es","product_cat-screeny-130-es"],"acf":[],"yoast_head":"<!-- This site is optimized with the Yoast SEO plugin v27.0 - https:\/\/yoast.com\/product\/yoast-seo-wordpress\/ -->\n<title>SCREENY BOX 130 - Bat Group<\/title>\n<meta name=\"robots\" content=\"index, follow, max-snippet:-1, max-image-preview:large, max-video-preview:-1\" \/>\n<link rel=\"canonical\" href=\"https:\/\/www.batgroup.com\/es\/prodotto\/screeny-box-130\/\" \/>\n<meta property=\"og:locale\" content=\"es_ES\" \/>\n<meta property=\"og:type\" content=\"article\" \/>\n<meta property=\"og:title\" content=\"SCREENY BOX 130 - Bat Group\" \/>\n<meta property=\"og:description\" content=\"A la vasta gama Screeny se a\u00f1ade tambi\u00e9n SCREENY BOX, un sistema enrollable revolucionario, que responde a las exigencias actuales de proyectistas y arquitectos. SCREENY BOX es un toldo enrollable sin caj\u00f3n, dotado de gu\u00eda para empotrar con zip. El sistema resulta perfecto en las instalaciones con presencia de monobloc aislante donde es importante la relaci\u00f3n entre dise\u00f1o, funcionalidad y ahorro energ\u00e9tico.  El sistema ZIP, unido a la utilizaci\u00f3n de tejidos t\u00e9cnicos que regulan la aportaci\u00f3n de energ\u00eda solar, ofrece una eficaz protecci\u00f3n del exterior. Dotado de un sistema patentado de fijaci\u00f3n de f\u00e1cil instalaci\u00f3n, SCREENY BOX es la soluci\u00f3n perfecta para el que desea una protecci\u00f3n solar de dimensiones reducidas y del m\u00ednimo impacto est\u00e9tico.\" \/>\n<meta property=\"og:url\" content=\"https:\/\/www.batgroup.com\/es\/prodotto\/screeny-box-130\/\" \/>\n<meta property=\"og:site_name\" content=\"Bat Group\" \/>\n<meta property=\"article:modified_time\" content=\"2022-02-28T14:01:26+00:00\" \/>\n<meta property=\"og:image\" content=\"https:\/\/www.batgroup.com\/wp-content\/uploads\/2018\/05\/Screeny-box_low.jpg\" \/>\n\t<meta property=\"og:image:width\" content=\"2000\" \/>\n\t<meta property=\"og:image:height\" content=\"1335\" \/>\n\t<meta property=\"og:image:type\" content=\"image\/jpeg\" \/>\n<meta name=\"twitter:card\" content=\"summary_large_image\" \/>\n<!-- \/ Yoast SEO plugin. -->","yoast_head_json":{"title":"SCREENY BOX 130 - Bat Group","robots":{"index":"index","follow":"follow","max-snippet":"max-snippet:-1","max-image-preview":"max-image-preview:large","max-video-preview":"max-video-preview:-1"},"canonical":"https:\/\/www.batgroup.com\/es\/prodotto\/screeny-box-130\/","og_locale":"es_ES","og_type":"article","og_title":"SCREENY BOX 130 - Bat Group","og_description":"A la vasta gama Screeny se a\u00f1ade tambi\u00e9n SCREENY BOX, un sistema enrollable revolucionario, que responde a las exigencias actuales de proyectistas y arquitectos. SCREENY BOX es un toldo enrollable sin caj\u00f3n, dotado de gu\u00eda para empotrar con zip. El sistema resulta perfecto en las instalaciones con presencia de monobloc aislante donde es importante la relaci\u00f3n entre dise\u00f1o, funcionalidad y ahorro energ\u00e9tico.  El sistema ZIP, unido a la utilizaci\u00f3n de tejidos t\u00e9cnicos que regulan la aportaci\u00f3n de energ\u00eda solar, ofrece una eficaz protecci\u00f3n del exterior. Dotado de un sistema patentado de fijaci\u00f3n de f\u00e1cil instalaci\u00f3n, SCREENY BOX es la soluci\u00f3n perfecta para el que desea una protecci\u00f3n solar de dimensiones reducidas y del m\u00ednimo impacto est\u00e9tico.","og_url":"https:\/\/www.batgroup.com\/es\/prodotto\/screeny-box-130\/","og_site_name":"Bat Group","article_modified_time":"2022-02-28T14:01:26+00:00","og_image":[{"width":2000,"height":1335,"url":"https:\/\/www.batgroup.com\/wp-content\/uploads\/2018\/05\/Screeny-box_low.jpg","type":"image\/jpeg"}],"twitter_card":"summary_large_image","schema":{"@context":"https:\/\/schema.org","@graph":[{"@type":"WebPage","@id":"https:\/\/www.batgroup.com\/es\/prodotto\/screeny-box-130\/","url":"https:\/\/www.batgroup.com\/es\/prodotto\/screeny-box-130\/","name":"SCREENY BOX 130 - Bat Group","isPartOf":{"@id":"https:\/\/www.batgroup.com\/us\/#website"},"primaryImageOfPage":{"@id":"https:\/\/www.batgroup.com\/es\/prodotto\/screeny-box-130\/#primaryimage"},"image":{"@id":"https:\/\/www.batgroup.com\/es\/prodotto\/screeny-box-130\/#primaryimage"},"thumbnailUrl":"https:\/\/www.batgroup.com\/wp-content\/uploads\/2018\/05\/Screeny-box_low.jpg","datePublished":"2018-01-12T16:51:00+00:00","dateModified":"2022-02-28T14:01:26+00:00","breadcrumb":{"@id":"https:\/\/www.batgroup.com\/es\/prodotto\/screeny-box-130\/#breadcrumb"},"inLanguage":"es","potentialAction":[{"@type":"ReadAction","target":["https:\/\/www.batgroup.com\/es\/prodotto\/screeny-box-130\/"]}]},{"@type":"ImageObject","inLanguage":"es","@id":"https:\/\/www.batgroup.com\/es\/prodotto\/screeny-box-130\/#primaryimage","url":"https:\/\/www.batgroup.com\/wp-content\/uploads\/2018\/05\/Screeny-box_low.jpg","contentUrl":"https:\/\/www.batgroup.com\/wp-content\/uploads\/2018\/05\/Screeny-box_low.jpg","width":2000,"height":1335},{"@type":"BreadcrumbList","@id":"https:\/\/www.batgroup.com\/es\/prodotto\/screeny-box-130\/#breadcrumb","itemListElement":[{"@type":"ListItem","position":1,"name":"Home","item":"https:\/\/www.batgroup.com\/es\/"},{"@type":"ListItem","position":2,"name":"Productos","item":"https:\/\/www.batgroup.com\/es\/productos\/"},{"@type":"ListItem","position":3,"name":"SCREENY BOX 130"}]},{"@type":"WebSite","@id":"https:\/\/www.batgroup.com\/us\/#website","url":"https:\/\/www.batgroup.com\/us\/","name":"Bat Group","description":"Accessori e componenti per sistemi di schermatura solare","potentialAction":[{"@type":"SearchAction","target":{"@type":"EntryPoint","urlTemplate":"https:\/\/www.batgroup.com\/us\/?s={search_term_string}"},"query-input":{"@type":"PropertyValueSpecification","valueRequired":true,"valueName":"search_term_string"}}],"inLanguage":"es"}]}},"_links":{"self":[{"href":"https:\/\/www.batgroup.com\/es\/wp-json\/wp\/v2\/product\/18346\/"}],"collection":[{"href":"https:\/\/www.batgroup.com\/es\/wp-json\/wp\/v2\/product\/"}],"about":[{"href":"https:\/\/www.batgroup.com\/es\/wp-json\/wp\/v2\/types\/product\/"}],"wp:featuredmedia":[{"embeddable":true,"href":"https:\/\/www.batgroup.com\/es\/wp-json\/wp\/v2\/media\/23870\/"}],"wp:attachment":[{"href":"https:\/\/www.batgroup.com\/es\/wp-json\/wp\/v2\/media\/?parent=18346"}],"curies":[{"name":"wp","href":"https:\/\/api.w.org\/{rel}","templated":true}]}}