{"id":164531,"date":"2026-02-17T12:17:37","date_gmt":"2026-02-18T09:36:08","guid":{"rendered":"https:\/\/www.batgroup.com\/?post_type=product&#038;p=164531"},"modified":"2026-02-18T10:39:36","modified_gmt":"2026-02-18T09:39:36","slug":"base-q","status":"publish","type":"product","link":"https:\/\/www.batgroup.com\/es\/prodotto\/base-q\/","title":{"rendered":"Base Q"},"content":{"rendered":"","protected":false},"excerpt":{"rendered":"<p><strong>BASE Q <\/strong>es el nuevo modelo que se incorpora a la familia BASE. Su dise\u00f1o de l\u00edneas cuadradas con \u00e1ngulos suavizados combina elegancia y funcionalidad, garantizando una coherencia est\u00e9tica ideal para proyectos contempor\u00e1neos. Una soluci\u00f3n concebida para una integraci\u00f3n discreta y armoniosa en las fachadas de los edificios de nueva construcci\u00f3n.<\/p>\n<p>BASE Q puede alcanzar hasta <strong>4,5 metros de ancho<\/strong> y <strong>2,6 metros de salida<\/strong>, con <strong>certificaci\u00f3n de resistencia al viento clase 2<\/strong>. El cofre, suministrado en dos perfiles independientes, simplifica la fase de montaje, mientras que el ajuste continuo mediante tornillo permite una regulaci\u00f3n precisa de la inclinaci\u00f3n.<\/p>\n<p>La ausencia de tornillos y elementos visibles, junto con sus dimensiones reducidas, hacen de este toldo una soluci\u00f3n ideal para contextos arquitect\u00f3nicos de \u00faltima generaci\u00f3n, mientras que todos los componentes de aluminio lacado garantizan durabilidad y un rendimiento est\u00e9tico duradero.<\/p>\n<p>Compatible con los <strong>brazos Balteus Lite<\/strong>, BASE Q puede configurarse en <strong>versi\u00f3n manual o motorizada<\/strong>, en funci\u00f3n de los requisitos espec\u00edficos del proyecto.<\/p>\n","protected":false},"featured_media":163162,"template":"","meta":{"_acf_changed":false},"class_list":["post-164531","product","type-product","status-publish","has-post-thumbnail","hentry","product_cat-toldos-con-brazos-extensibles-con-cofre","product_cat-toldos-de-sol"],"acf":[],"yoast_head":"<!-- This site is optimized with the Yoast SEO plugin v27.0 - https:\/\/yoast.com\/product\/yoast-seo-wordpress\/ -->\n<title>Base Q - Bat Group<\/title>\n<meta name=\"description\" content=\"BASE Q es el nuevo modelo que se incorpora a la familia BASE. Su dise\u00f1o de l\u00edneas cuadradas con \u00e1ngulos suavizados combina elegancia y funcionalidad,.\" \/>\n<meta name=\"robots\" content=\"index, follow, max-snippet:-1, max-image-preview:large, max-video-preview:-1\" \/>\n<link rel=\"canonical\" href=\"https:\/\/www.batgroup.com\/es\/prodotto\/base-q\/\" \/>\n<meta property=\"og:locale\" content=\"es_ES\" \/>\n<meta property=\"og:type\" content=\"article\" \/>\n<meta property=\"og:title\" content=\"Base Q - Bat Group\" \/>\n<meta property=\"og:description\" content=\"BASE Q es el nuevo modelo que se incorpora a la familia BASE. Su dise\u00f1o de l\u00edneas cuadradas con \u00e1ngulos suavizados combina elegancia y funcionalidad,.\" \/>\n<meta property=\"og:url\" content=\"https:\/\/www.batgroup.com\/es\/prodotto\/base-q\/\" \/>\n<meta property=\"og:site_name\" content=\"Bat Group\" \/>\n<meta property=\"article:modified_time\" content=\"2026-02-18T09:39:36+00:00\" \/>\n<meta property=\"og:image\" content=\"https:\/\/www.batgroup.com\/wp-content\/uploads\/2026\/01\/BAT_BASE-Q-2026-GENERALE_GIORNO__HD_02.jpeg\" \/>\n\t<meta property=\"og:image:width\" content=\"2560\" \/>\n\t<meta property=\"og:image:height\" content=\"1810\" \/>\n\t<meta property=\"og:image:type\" content=\"image\/jpeg\" \/>\n<meta name=\"twitter:card\" content=\"summary_large_image\" \/>\n<meta name=\"twitter:label1\" content=\"Tiempo de lectura\" \/>\n\t<meta name=\"twitter:data1\" content=\"1 minuto\" \/>\n<!-- \/ Yoast SEO plugin. -->","yoast_head_json":{"title":"Base Q - Bat Group","description":"BASE Q es el nuevo modelo que se incorpora a la familia BASE. Su dise\u00f1o de l\u00edneas cuadradas con \u00e1ngulos suavizados combina elegancia y funcionalidad,.","robots":{"index":"index","follow":"follow","max-snippet":"max-snippet:-1","max-image-preview":"max-image-preview:large","max-video-preview":"max-video-preview:-1"},"canonical":"https:\/\/www.batgroup.com\/es\/prodotto\/base-q\/","og_locale":"es_ES","og_type":"article","og_title":"Base Q - Bat Group","og_description":"BASE Q es el nuevo modelo que se incorpora a la familia BASE. Su dise\u00f1o de l\u00edneas cuadradas con \u00e1ngulos suavizados combina elegancia y funcionalidad,.","og_url":"https:\/\/www.batgroup.com\/es\/prodotto\/base-q\/","og_site_name":"Bat Group","article_modified_time":"2026-02-18T09:39:36+00:00","og_image":[{"width":2560,"height":1810,"url":"https:\/\/www.batgroup.com\/wp-content\/uploads\/2026\/01\/BAT_BASE-Q-2026-GENERALE_GIORNO__HD_02.jpeg","type":"image\/jpeg"}],"twitter_card":"summary_large_image","twitter_misc":{"Tiempo de lectura":"1 minuto"},"schema":{"@context":"https:\/\/schema.org","@graph":[{"@type":"WebPage","@id":"https:\/\/www.batgroup.com\/es\/prodotto\/base-q\/","url":"https:\/\/www.batgroup.com\/es\/prodotto\/base-q\/","name":"Base Q - Bat Group","isPartOf":{"@id":"https:\/\/www.batgroup.com\/us\/#website"},"primaryImageOfPage":{"@id":"https:\/\/www.batgroup.com\/es\/prodotto\/base-q\/#primaryimage"},"image":{"@id":"https:\/\/www.batgroup.com\/es\/prodotto\/base-q\/#primaryimage"},"thumbnailUrl":"https:\/\/www.batgroup.com\/wp-content\/uploads\/2026\/01\/BAT_BASE-Q-2026-GENERALE_GIORNO__HD_02.jpeg","datePublished":"2026-02-18T09:36:08+00:00","dateModified":"2026-02-18T09:39:36+00:00","description":"BASE Q es el nuevo modelo que se incorpora a la familia BASE. Su dise\u00f1o de l\u00edneas cuadradas con \u00e1ngulos suavizados combina elegancia y funcionalidad,.","breadcrumb":{"@id":"https:\/\/www.batgroup.com\/es\/prodotto\/base-q\/#breadcrumb"},"inLanguage":"es","potentialAction":[{"@type":"ReadAction","target":["https:\/\/www.batgroup.com\/es\/prodotto\/base-q\/"]}]},{"@type":"ImageObject","inLanguage":"es","@id":"https:\/\/www.batgroup.com\/es\/prodotto\/base-q\/#primaryimage","url":"https:\/\/www.batgroup.com\/wp-content\/uploads\/2026\/01\/BAT_BASE-Q-2026-GENERALE_GIORNO__HD_02.jpeg","contentUrl":"https:\/\/www.batgroup.com\/wp-content\/uploads\/2026\/01\/BAT_BASE-Q-2026-GENERALE_GIORNO__HD_02.jpeg","width":2560,"height":1810},{"@type":"BreadcrumbList","@id":"https:\/\/www.batgroup.com\/es\/prodotto\/base-q\/#breadcrumb","itemListElement":[{"@type":"ListItem","position":1,"name":"Home","item":"https:\/\/www.batgroup.com\/es\/"},{"@type":"ListItem","position":2,"name":"Productos","item":"https:\/\/www.batgroup.com\/es\/productos\/"},{"@type":"ListItem","position":3,"name":"Base Q"}]},{"@type":"WebSite","@id":"https:\/\/www.batgroup.com\/us\/#website","url":"https:\/\/www.batgroup.com\/us\/","name":"Bat Group","description":"Accessori e componenti per sistemi di schermatura solare","potentialAction":[{"@type":"SearchAction","target":{"@type":"EntryPoint","urlTemplate":"https:\/\/www.batgroup.com\/us\/?s={search_term_string}"},"query-input":{"@type":"PropertyValueSpecification","valueRequired":true,"valueName":"search_term_string"}}],"inLanguage":"es"}]}},"_links":{"self":[{"href":"https:\/\/www.batgroup.com\/es\/wp-json\/wp\/v2\/product\/164531\/"}],"collection":[{"href":"https:\/\/www.batgroup.com\/es\/wp-json\/wp\/v2\/product\/"}],"about":[{"href":"https:\/\/www.batgroup.com\/es\/wp-json\/wp\/v2\/types\/product\/"}],"wp:featuredmedia":[{"embeddable":true,"href":"https:\/\/www.batgroup.com\/es\/wp-json\/wp\/v2\/media\/163162\/"}],"wp:attachment":[{"href":"https:\/\/www.batgroup.com\/es\/wp-json\/wp\/v2\/media\/?parent=164531"}],"curies":[{"name":"wp","href":"https:\/\/api.w.org\/{rel}","templated":true}]}}