{"id":163239,"date":"2026-01-21T10:57:08","date_gmt":"2026-01-21T09:57:09","guid":{"rendered":"https:\/\/www.batgroup.com\/?post_type=product&#038;p=163239"},"modified":"2026-03-25T14:30:35","modified_gmt":"2026-03-25T13:30:35","slug":"base-q-max","status":"publish","type":"product","link":"https:\/\/www.batgroup.com\/es\/prodotto\/base-q-max\/","title":{"rendered":"BASE Q MAX"},"content":{"rendered":"","protected":false},"excerpt":{"rendered":"<p><strong>BASE Q MAX<\/strong> es un toldo de brazos extensibles con cofre, montado sobre soportes laterales fijos con contraplaca de anclaje, equipado con brazos Balteus o Spin. El dise\u00f1o cuadrado del cofre est\u00e1 pensado para integrarse en la est\u00e9tica moderna y lineal de las nuevas arquitecturas. El cofre es registrable. Los soportes permiten instalar el toldo tanto en pared como en techo, y el ajuste puede realizarse en una sola operaci\u00f3n gracias al sistema de tornillo pasante. El producto puede completarse con el kit de iluminaci\u00f3n opcional en el cofre y en los soportes. Todos los componentes est\u00e1n fabricados en aluminio pintado, lo que garantiza una apariencia est\u00e9tica y durabilidad.<\/p>\n","protected":false},"featured_media":163261,"template":"","meta":{"_acf_changed":false},"class_list":["post-163239","product","type-product","status-publish","has-post-thumbnail","hentry","product_cat-toldos-con-brazos-extensibles-con-cofre","product_cat-toldos-de-sol","product_cat-tende-da-sole","product_cat-tende-a-bracci-estensibili-con-cassonetto"],"acf":[],"yoast_head":"<!-- This site is optimized with the Yoast SEO plugin v27.3 - https:\/\/yoast.com\/product\/yoast-seo-wordpress\/ -->\n<title>Toldos con brazos extensibles - BASE Q MAX - Bat Group<\/title>\n<meta name=\"description\" content=\"BASE Q MAX es un toldo de brazos extensibles con cofre, montadosobre soportes laterales fijos con contraplaca de anclaje, equipadocon brazos Balteus o Spin.\" \/>\n<meta name=\"robots\" content=\"index, follow, max-snippet:-1, max-image-preview:large, max-video-preview:-1\" \/>\n<link rel=\"canonical\" href=\"https:\/\/www.batgroup.com\/es\/prodotto\/base-q-max\/\" \/>\n<meta property=\"og:locale\" content=\"es_ES\" \/>\n<meta property=\"og:type\" content=\"article\" \/>\n<meta property=\"og:title\" content=\"Toldos con brazos extensibles - BASE Q MAX - Bat Group\" \/>\n<meta property=\"og:description\" content=\"BASE Q MAX es un toldo de brazos extensibles con cofre, montadosobre soportes laterales fijos con contraplaca de anclaje, equipadocon brazos Balteus o Spin.\" \/>\n<meta property=\"og:url\" content=\"https:\/\/www.batgroup.com\/es\/prodotto\/base-q-max\/\" \/>\n<meta property=\"og:site_name\" content=\"Bat Group\" \/>\n<meta property=\"article:modified_time\" content=\"2026-03-25T13:30:35+00:00\" \/>\n<meta property=\"og:image\" content=\"https:\/\/www.batgroup.com\/wp-content\/uploads\/2026\/01\/BAT_BASE-Q-MAX-2026-A-PARETE-LED_NOTTE_PARTICOLARE-2_HD_02.jpeg\" \/>\n\t<meta property=\"og:image:width\" content=\"2560\" \/>\n\t<meta property=\"og:image:height\" content=\"1810\" \/>\n\t<meta property=\"og:image:type\" content=\"image\/jpeg\" \/>\n<meta name=\"twitter:card\" content=\"summary_large_image\" \/>\n<meta name=\"twitter:label1\" content=\"Tiempo de lectura\" \/>\n\t<meta name=\"twitter:data1\" content=\"1 minuto\" \/>\n<!-- \/ Yoast SEO plugin. -->","yoast_head_json":{"title":"Toldos con brazos extensibles - BASE Q MAX - Bat Group","description":"BASE Q MAX es un toldo de brazos extensibles con cofre, montadosobre soportes laterales fijos con contraplaca de anclaje, equipadocon brazos Balteus o Spin.","robots":{"index":"index","follow":"follow","max-snippet":"max-snippet:-1","max-image-preview":"max-image-preview:large","max-video-preview":"max-video-preview:-1"},"canonical":"https:\/\/www.batgroup.com\/es\/prodotto\/base-q-max\/","og_locale":"es_ES","og_type":"article","og_title":"Toldos con brazos extensibles - BASE Q MAX - Bat Group","og_description":"BASE Q MAX es un toldo de brazos extensibles con cofre, montadosobre soportes laterales fijos con contraplaca de anclaje, equipadocon brazos Balteus o Spin.","og_url":"https:\/\/www.batgroup.com\/es\/prodotto\/base-q-max\/","og_site_name":"Bat Group","article_modified_time":"2026-03-25T13:30:35+00:00","og_image":[{"width":2560,"height":1810,"url":"https:\/\/www.batgroup.com\/wp-content\/uploads\/2026\/01\/BAT_BASE-Q-MAX-2026-A-PARETE-LED_NOTTE_PARTICOLARE-2_HD_02.jpeg","type":"image\/jpeg"}],"twitter_card":"summary_large_image","twitter_misc":{"Tiempo de lectura":"1 minuto"},"schema":{"@context":"https:\/\/schema.org","@graph":[{"@type":"WebPage","@id":"https:\/\/www.batgroup.com\/es\/prodotto\/base-q-max\/","url":"https:\/\/www.batgroup.com\/es\/prodotto\/base-q-max\/","name":"Toldos con brazos extensibles - BASE Q MAX - Bat Group","isPartOf":{"@id":"https:\/\/www.batgroup.com\/us\/#website"},"primaryImageOfPage":{"@id":"https:\/\/www.batgroup.com\/es\/prodotto\/base-q-max\/#primaryimage"},"image":{"@id":"https:\/\/www.batgroup.com\/es\/prodotto\/base-q-max\/#primaryimage"},"thumbnailUrl":"https:\/\/www.batgroup.com\/wp-content\/uploads\/2026\/01\/BAT_BASE-Q-MAX-2026-A-PARETE-LED_NOTTE_PARTICOLARE-2_HD_02.jpeg","datePublished":"2026-01-21T09:57:09+00:00","dateModified":"2026-03-25T13:30:35+00:00","description":"BASE Q MAX es un toldo de brazos extensibles con cofre, montadosobre soportes laterales fijos con contraplaca de anclaje, equipadocon brazos Balteus o Spin.","breadcrumb":{"@id":"https:\/\/www.batgroup.com\/es\/prodotto\/base-q-max\/#breadcrumb"},"inLanguage":"es","potentialAction":[{"@type":"ReadAction","target":["https:\/\/www.batgroup.com\/es\/prodotto\/base-q-max\/"]}]},{"@type":"ImageObject","inLanguage":"es","@id":"https:\/\/www.batgroup.com\/es\/prodotto\/base-q-max\/#primaryimage","url":"https:\/\/www.batgroup.com\/wp-content\/uploads\/2026\/01\/BAT_BASE-Q-MAX-2026-A-PARETE-LED_NOTTE_PARTICOLARE-2_HD_02.jpeg","contentUrl":"https:\/\/www.batgroup.com\/wp-content\/uploads\/2026\/01\/BAT_BASE-Q-MAX-2026-A-PARETE-LED_NOTTE_PARTICOLARE-2_HD_02.jpeg","width":2560,"height":1810},{"@type":"BreadcrumbList","@id":"https:\/\/www.batgroup.com\/es\/prodotto\/base-q-max\/#breadcrumb","itemListElement":[{"@type":"ListItem","position":1,"name":"Home","item":"https:\/\/www.batgroup.com\/es\/"},{"@type":"ListItem","position":2,"name":"Productos","item":"https:\/\/www.batgroup.com\/es\/productos\/"},{"@type":"ListItem","position":3,"name":"BASE Q MAX"}]},{"@type":"WebSite","@id":"https:\/\/www.batgroup.com\/us\/#website","url":"https:\/\/www.batgroup.com\/us\/","name":"Bat Group","description":"Accessori e componenti per sistemi di schermatura solare","potentialAction":[{"@type":"SearchAction","target":{"@type":"EntryPoint","urlTemplate":"https:\/\/www.batgroup.com\/us\/?s={search_term_string}"},"query-input":{"@type":"PropertyValueSpecification","valueRequired":true,"valueName":"search_term_string"}}],"inLanguage":"es"}]}},"_links":{"self":[{"href":"https:\/\/www.batgroup.com\/es\/wp-json\/wp\/v2\/product\/163239\/"}],"collection":[{"href":"https:\/\/www.batgroup.com\/es\/wp-json\/wp\/v2\/product\/"}],"about":[{"href":"https:\/\/www.batgroup.com\/es\/wp-json\/wp\/v2\/types\/product\/"}],"wp:featuredmedia":[{"embeddable":true,"href":"https:\/\/www.batgroup.com\/es\/wp-json\/wp\/v2\/media\/163261\/"}],"wp:attachment":[{"href":"https:\/\/www.batgroup.com\/es\/wp-json\/wp\/v2\/media\/?parent=163239"}],"curies":[{"name":"wp","href":"https:\/\/api.w.org\/{rel}","templated":true}]}}