{"id":10809,"date":"2017-10-10T10:58:12","date_gmt":"2017-11-07T10:16:22","guid":{"rendered":"http:\/\/bat.itpowernet.it\/?post_type=product&#038;p=10809"},"modified":"2023-08-01T14:21:56","modified_gmt":"2023-08-01T12:21:56","slug":"grandangolo","status":"publish","type":"product","link":"https:\/\/www.batgroup.com\/es\/prodotto\/grandangolo\/","title":{"rendered":"GRANDANGOLO"},"content":{"rendered":"","protected":false},"excerpt":{"rendered":"<p>GRANDANGOLO es el complemento natural de la gama de toldos de brazos extensibles de BAT. Su particular configuraci\u00f3n, a trav\u00e9s de la inclinaci\u00f3n del brazo, permite alcanzar \u00e1ngulos de sombra mayores a aquellos de los toldos tradicionales manteniendo, no obstante, el resto de sus prestaciones. Disponible tanto con soporte Helix como con soporte Gold, GRANDANGOLO es compatible con todos los sistemas de barra cuadrada 40mm de BAT.<\/p>\n","protected":false},"featured_media":5194,"template":"","meta":{"_acf_changed":false},"class_list":["post-10809","product","type-product","status-publish","has-post-thumbnail","hentry","product_cat-toldos-con-brazos-extensibles","product_cat-toldos-de-sol"],"acf":[],"yoast_head":"<!-- This site is optimized with the Yoast SEO plugin v27.3 - https:\/\/yoast.com\/product\/yoast-seo-wordpress\/ -->\n<title>Sistema per Tenda a Bracci Estensibili - GRANDANGOLO - Bat Group<\/title>\n<meta name=\"description\" content=\"GRANDANGOLO, grazie alla configurazione tramite l\u2019inclinazione del braccio, permette di raggiungere angoli di ombreggiatura maggiori. Vedi il modello.\" \/>\n<meta name=\"robots\" content=\"index, follow, max-snippet:-1, max-image-preview:large, max-video-preview:-1\" \/>\n<link rel=\"canonical\" href=\"https:\/\/www.batgroup.com\/es\/prodotto\/grandangolo\/\" \/>\n<meta property=\"og:locale\" content=\"es_ES\" \/>\n<meta property=\"og:type\" content=\"article\" \/>\n<meta property=\"og:title\" content=\"Sistema per Tenda a Bracci Estensibili - GRANDANGOLO - Bat Group\" \/>\n<meta property=\"og:description\" content=\"GRANDANGOLO, grazie alla configurazione tramite l\u2019inclinazione del braccio, permette di raggiungere angoli di ombreggiatura maggiori. Vedi il modello.\" \/>\n<meta property=\"og:url\" content=\"https:\/\/www.batgroup.com\/es\/prodotto\/grandangolo\/\" \/>\n<meta property=\"og:site_name\" content=\"Bat Group\" \/>\n<meta property=\"article:modified_time\" content=\"2023-08-01T12:21:56+00:00\" \/>\n<meta property=\"og:image\" content=\"https:\/\/www.batgroup.com\/wp-content\/uploads\/2017\/10\/grandangolo.jpg\" \/>\n\t<meta property=\"og:image:width\" content=\"460\" \/>\n\t<meta property=\"og:image:height\" content=\"180\" \/>\n\t<meta property=\"og:image:type\" content=\"image\/jpeg\" \/>\n<meta name=\"twitter:card\" content=\"summary_large_image\" \/>\n<!-- \/ Yoast SEO plugin. -->","yoast_head_json":{"title":"Sistema per Tenda a Bracci Estensibili - GRANDANGOLO - Bat Group","description":"GRANDANGOLO, grazie alla configurazione tramite l\u2019inclinazione del braccio, permette di raggiungere angoli di ombreggiatura maggiori. Vedi il modello.","robots":{"index":"index","follow":"follow","max-snippet":"max-snippet:-1","max-image-preview":"max-image-preview:large","max-video-preview":"max-video-preview:-1"},"canonical":"https:\/\/www.batgroup.com\/es\/prodotto\/grandangolo\/","og_locale":"es_ES","og_type":"article","og_title":"Sistema per Tenda a Bracci Estensibili - GRANDANGOLO - Bat Group","og_description":"GRANDANGOLO, grazie alla configurazione tramite l\u2019inclinazione del braccio, permette di raggiungere angoli di ombreggiatura maggiori. Vedi il modello.","og_url":"https:\/\/www.batgroup.com\/es\/prodotto\/grandangolo\/","og_site_name":"Bat Group","article_modified_time":"2023-08-01T12:21:56+00:00","og_image":[{"width":460,"height":180,"url":"https:\/\/www.batgroup.com\/wp-content\/uploads\/2017\/10\/grandangolo.jpg","type":"image\/jpeg"}],"twitter_card":"summary_large_image","schema":{"@context":"https:\/\/schema.org","@graph":[{"@type":"WebPage","@id":"https:\/\/www.batgroup.com\/es\/prodotto\/grandangolo\/","url":"https:\/\/www.batgroup.com\/es\/prodotto\/grandangolo\/","name":"Sistema per Tenda a Bracci Estensibili - GRANDANGOLO - Bat Group","isPartOf":{"@id":"https:\/\/www.batgroup.com\/us\/#website"},"primaryImageOfPage":{"@id":"https:\/\/www.batgroup.com\/es\/prodotto\/grandangolo\/#primaryimage"},"image":{"@id":"https:\/\/www.batgroup.com\/es\/prodotto\/grandangolo\/#primaryimage"},"thumbnailUrl":"https:\/\/www.batgroup.com\/wp-content\/uploads\/2017\/10\/grandangolo.jpg","datePublished":"2017-11-07T10:16:22+00:00","dateModified":"2023-08-01T12:21:56+00:00","description":"GRANDANGOLO, grazie alla configurazione tramite l\u2019inclinazione del braccio, permette di raggiungere angoli di ombreggiatura maggiori. Vedi il modello.","breadcrumb":{"@id":"https:\/\/www.batgroup.com\/es\/prodotto\/grandangolo\/#breadcrumb"},"inLanguage":"es","potentialAction":[{"@type":"ReadAction","target":["https:\/\/www.batgroup.com\/es\/prodotto\/grandangolo\/"]}]},{"@type":"ImageObject","inLanguage":"es","@id":"https:\/\/www.batgroup.com\/es\/prodotto\/grandangolo\/#primaryimage","url":"https:\/\/www.batgroup.com\/wp-content\/uploads\/2017\/10\/grandangolo.jpg","contentUrl":"https:\/\/www.batgroup.com\/wp-content\/uploads\/2017\/10\/grandangolo.jpg","width":460,"height":180},{"@type":"BreadcrumbList","@id":"https:\/\/www.batgroup.com\/es\/prodotto\/grandangolo\/#breadcrumb","itemListElement":[{"@type":"ListItem","position":1,"name":"Home","item":"https:\/\/www.batgroup.com\/es\/"},{"@type":"ListItem","position":2,"name":"Productos","item":"https:\/\/www.batgroup.com\/es\/productos\/"},{"@type":"ListItem","position":3,"name":"GRANDANGOLO"}]},{"@type":"WebSite","@id":"https:\/\/www.batgroup.com\/us\/#website","url":"https:\/\/www.batgroup.com\/us\/","name":"Bat Group","description":"Accessori e componenti per sistemi di schermatura solare","potentialAction":[{"@type":"SearchAction","target":{"@type":"EntryPoint","urlTemplate":"https:\/\/www.batgroup.com\/us\/?s={search_term_string}"},"query-input":{"@type":"PropertyValueSpecification","valueRequired":true,"valueName":"search_term_string"}}],"inLanguage":"es"}]}},"_links":{"self":[{"href":"https:\/\/www.batgroup.com\/es\/wp-json\/wp\/v2\/product\/10809\/"}],"collection":[{"href":"https:\/\/www.batgroup.com\/es\/wp-json\/wp\/v2\/product\/"}],"about":[{"href":"https:\/\/www.batgroup.com\/es\/wp-json\/wp\/v2\/types\/product\/"}],"wp:featuredmedia":[{"embeddable":true,"href":"https:\/\/www.batgroup.com\/es\/wp-json\/wp\/v2\/media\/5194\/"}],"wp:attachment":[{"href":"https:\/\/www.batgroup.com\/es\/wp-json\/wp\/v2\/media\/?parent=10809"}],"curies":[{"name":"wp","href":"https:\/\/api.w.org\/{rel}","templated":true}]}}