{"id":10806,"date":"2017-10-17T10:53:09","date_gmt":"2017-11-07T10:13:09","guid":{"rendered":"http:\/\/bat.itpowernet.it\/?post_type=product&#038;p=10806"},"modified":"2020-02-17T15:12:30","modified_gmt":"2020-02-17T14:12:30","slug":"eco-40-bq","status":"publish","type":"product","link":"https:\/\/www.batgroup.com\/es\/prodotto\/eco-40-bq\/","title":{"rendered":"ECO 40 BQ"},"content":{"rendered":"","protected":false},"excerpt":{"rendered":"<p>ECO 40 es un toldo con brazos articulados en barra cuadrada de 40mm en acero galvanizado y tubo de enrolle pintado, cable doble o brazo con cadena en acero inoxidable y soporte brazo con regulaci\u00f3n de posici\u00f3n fija. Es un toldo modular. Las barras de ca\u00edda se pueden intercambiar con otras barras de ca\u00edda de la gama BAT. Hay una opci\u00f3n con tejadillo en aluminio extruido y escuadras de techo especiales.<\/p>\n","protected":false},"featured_media":5979,"template":"","meta":{"_acf_changed":false},"class_list":["post-10806","product","type-product","status-publish","has-post-thumbnail","hentry","product_cat-toldos-con-brazos-extensibles","product_cat-toldos-de-sol"],"acf":[],"yoast_head":"<!-- This site is optimized with the Yoast SEO plugin v27.0 - https:\/\/yoast.com\/product\/yoast-seo-wordpress\/ -->\n<title>Sistema per Tende a Bracci Estensibili - ECO 40 BQ - Bat Group<\/title>\n<meta name=\"description\" content=\"ECO 40 \u00e8 un sistema adatto per l&#039;installazione della tenda a bracci estensibili di fascia economica. Barra in acciaio verniciato con bracci a doppio cavetto.\" \/>\n<meta name=\"robots\" content=\"index, follow, max-snippet:-1, max-image-preview:large, max-video-preview:-1\" \/>\n<link rel=\"canonical\" href=\"https:\/\/www.batgroup.com\/es\/prodotto\/eco-40-bq\/\" \/>\n<meta property=\"og:locale\" content=\"es_ES\" \/>\n<meta property=\"og:type\" content=\"article\" \/>\n<meta property=\"og:title\" content=\"Sistema per Tende a Bracci Estensibili - ECO 40 BQ - Bat Group\" \/>\n<meta property=\"og:description\" content=\"ECO 40 \u00e8 un sistema adatto per l&#039;installazione della tenda a bracci estensibili di fascia economica. Barra in acciaio verniciato con bracci a doppio cavetto.\" \/>\n<meta property=\"og:url\" content=\"https:\/\/www.batgroup.com\/es\/prodotto\/eco-40-bq\/\" \/>\n<meta property=\"og:site_name\" content=\"Bat Group\" \/>\n<meta property=\"article:modified_time\" content=\"2020-02-17T14:12:30+00:00\" \/>\n<meta property=\"og:image\" content=\"https:\/\/www.batgroup.com\/wp-content\/uploads\/2017\/10\/tende_sole_braccioEstensibile_ECO40_BQ.jpg\" \/>\n\t<meta property=\"og:image:width\" content=\"460\" \/>\n\t<meta property=\"og:image:height\" content=\"180\" \/>\n\t<meta property=\"og:image:type\" content=\"image\/jpeg\" \/>\n<meta name=\"twitter:card\" content=\"summary_large_image\" \/>\n<!-- \/ Yoast SEO plugin. -->","yoast_head_json":{"title":"Sistema per Tende a Bracci Estensibili - ECO 40 BQ - Bat Group","description":"ECO 40 \u00e8 un sistema adatto per l'installazione della tenda a bracci estensibili di fascia economica. Barra in acciaio verniciato con bracci a doppio cavetto.","robots":{"index":"index","follow":"follow","max-snippet":"max-snippet:-1","max-image-preview":"max-image-preview:large","max-video-preview":"max-video-preview:-1"},"canonical":"https:\/\/www.batgroup.com\/es\/prodotto\/eco-40-bq\/","og_locale":"es_ES","og_type":"article","og_title":"Sistema per Tende a Bracci Estensibili - ECO 40 BQ - Bat Group","og_description":"ECO 40 \u00e8 un sistema adatto per l'installazione della tenda a bracci estensibili di fascia economica. Barra in acciaio verniciato con bracci a doppio cavetto.","og_url":"https:\/\/www.batgroup.com\/es\/prodotto\/eco-40-bq\/","og_site_name":"Bat Group","article_modified_time":"2020-02-17T14:12:30+00:00","og_image":[{"width":460,"height":180,"url":"https:\/\/www.batgroup.com\/wp-content\/uploads\/2017\/10\/tende_sole_braccioEstensibile_ECO40_BQ.jpg","type":"image\/jpeg"}],"twitter_card":"summary_large_image","schema":{"@context":"https:\/\/schema.org","@graph":[{"@type":"WebPage","@id":"https:\/\/www.batgroup.com\/es\/prodotto\/eco-40-bq\/","url":"https:\/\/www.batgroup.com\/es\/prodotto\/eco-40-bq\/","name":"Sistema per Tende a Bracci Estensibili - ECO 40 BQ - Bat Group","isPartOf":{"@id":"https:\/\/www.batgroup.com\/us\/#website"},"primaryImageOfPage":{"@id":"https:\/\/www.batgroup.com\/es\/prodotto\/eco-40-bq\/#primaryimage"},"image":{"@id":"https:\/\/www.batgroup.com\/es\/prodotto\/eco-40-bq\/#primaryimage"},"thumbnailUrl":"https:\/\/www.batgroup.com\/wp-content\/uploads\/2017\/10\/tende_sole_braccioEstensibile_ECO40_BQ.jpg","datePublished":"2017-11-07T10:13:09+00:00","dateModified":"2020-02-17T14:12:30+00:00","description":"ECO 40 \u00e8 un sistema adatto per l'installazione della tenda a bracci estensibili di fascia economica. Barra in acciaio verniciato con bracci a doppio cavetto.","breadcrumb":{"@id":"https:\/\/www.batgroup.com\/es\/prodotto\/eco-40-bq\/#breadcrumb"},"inLanguage":"es","potentialAction":[{"@type":"ReadAction","target":["https:\/\/www.batgroup.com\/es\/prodotto\/eco-40-bq\/"]}]},{"@type":"ImageObject","inLanguage":"es","@id":"https:\/\/www.batgroup.com\/es\/prodotto\/eco-40-bq\/#primaryimage","url":"https:\/\/www.batgroup.com\/wp-content\/uploads\/2017\/10\/tende_sole_braccioEstensibile_ECO40_BQ.jpg","contentUrl":"https:\/\/www.batgroup.com\/wp-content\/uploads\/2017\/10\/tende_sole_braccioEstensibile_ECO40_BQ.jpg","width":460,"height":180},{"@type":"BreadcrumbList","@id":"https:\/\/www.batgroup.com\/es\/prodotto\/eco-40-bq\/#breadcrumb","itemListElement":[{"@type":"ListItem","position":1,"name":"Home","item":"https:\/\/www.batgroup.com\/es\/"},{"@type":"ListItem","position":2,"name":"Productos","item":"https:\/\/www.batgroup.com\/es\/productos\/"},{"@type":"ListItem","position":3,"name":"ECO 40 BQ"}]},{"@type":"WebSite","@id":"https:\/\/www.batgroup.com\/us\/#website","url":"https:\/\/www.batgroup.com\/us\/","name":"Bat Group","description":"Accessori e componenti per sistemi di schermatura solare","potentialAction":[{"@type":"SearchAction","target":{"@type":"EntryPoint","urlTemplate":"https:\/\/www.batgroup.com\/us\/?s={search_term_string}"},"query-input":{"@type":"PropertyValueSpecification","valueRequired":true,"valueName":"search_term_string"}}],"inLanguage":"es"}]}},"_links":{"self":[{"href":"https:\/\/www.batgroup.com\/es\/wp-json\/wp\/v2\/product\/10806\/"}],"collection":[{"href":"https:\/\/www.batgroup.com\/es\/wp-json\/wp\/v2\/product\/"}],"about":[{"href":"https:\/\/www.batgroup.com\/es\/wp-json\/wp\/v2\/types\/product\/"}],"wp:featuredmedia":[{"embeddable":true,"href":"https:\/\/www.batgroup.com\/es\/wp-json\/wp\/v2\/media\/5979\/"}],"wp:attachment":[{"href":"https:\/\/www.batgroup.com\/es\/wp-json\/wp\/v2\/media\/?parent=10806"}],"curies":[{"name":"wp","href":"https:\/\/api.w.org\/{rel}","templated":true}]}}