{"id":10790,"date":"2017-10-19T12:08:25","date_gmt":"2017-11-07T09:53:51","guid":{"rendered":"http:\/\/bat.itpowernet.it\/?post_type=product&#038;p=10790"},"modified":"2023-06-20T08:54:47","modified_gmt":"2023-06-20T06:54:47","slug":"ely","status":"publish","type":"product","link":"https:\/\/www.batgroup.com\/es\/prodotto\/ely\/","title":{"rendered":"ELY"},"content":{"rendered":"","protected":false},"excerpt":{"rendered":"<p>ELY es un nuevo <strong>sistema lateral de exterior <\/strong>que responde a las exigencias contempor\u00e1neas de restaurantes, hoteles, boutiques y otros ambientes del contract para aumentar los espacios a disfrutar por los clientes con completa seguridad o para modernizar el \u00e1rea externa del propio local.<\/p>\n<p>Se trata de hecho de un <strong>toldo lateral<\/strong> combinable en colores y tejidos, que se utiliza como \u201cseparador\u201d para crear zonas delimitadas. Perfecto tanto para cuando se desea una mayor privacidad como para grandes espacios externos p\u00fablicos en los cuales se quieran delimitar \u00e1reas espec\u00edficas.<\/p>\n<p>Gracias a su <strong>estructura lineal<\/strong>, a la <strong>facilidad de montaje <\/strong>y al <strong>dise\u00f1o minimalista<\/strong>, ELY es la soluci\u00f3n ideal que conjuga las exigencias de la protecci\u00f3n solar y las del mobiliario de exterior. Extremadamente <strong>simple de instalar<\/strong>, ELY es un sistema de oscurecimiento modular caracterizado por un dise\u00f1o lineal y compacto gracias al nuevo cofre y al perfil de sujeci\u00f3n sim\u00e9trico.<\/p>\n<p>La <strong>pr\u00e1ctica manilla<\/strong> puede ser instalada frontal o lateralmente, mientras la rueda de gu\u00eda hace el movimiento simple y seguro. Al palo central <strong>se pueden fijar hasta cuatro sistemas <\/strong>para dividir el espacio en otros tantos sectores.<\/p>\n<p>De este modo, se pueden optimizar y redistribuir los espacios externos: contando con la fiabilidad de BAT, restaurantes y hoteles pueden estar tranquilos y los clientes vivir una experiencia de hospitalidad a otro nivel, con total seguridad.<\/p>\n","protected":false},"featured_media":57953,"template":"","meta":{"_acf_changed":false},"class_list":["post-10790","product","type-product","status-publish","has-post-thumbnail","hentry","product_cat-toldos-de-sol","product_cat-toldos-telon-recto"],"acf":[],"yoast_head":"<!-- This site is optimized with the Yoast SEO plugin v27.0 - https:\/\/yoast.com\/product\/yoast-seo-wordpress\/ -->\n<title>Componenti Tenda da Sole Verticale - ELY - Bat Group<\/title>\n<meta name=\"description\" content=\"ELY \u00e8 una soluzione innovativa per installare la tenda verticale per uso esterno, anche grazie al nuovo cassonetto e al profilo di sostegno simmetrico.\" \/>\n<meta name=\"robots\" content=\"index, follow, max-snippet:-1, max-image-preview:large, max-video-preview:-1\" \/>\n<link rel=\"canonical\" href=\"https:\/\/www.batgroup.com\/es\/prodotto\/ely\/\" \/>\n<meta property=\"og:locale\" content=\"es_ES\" \/>\n<meta property=\"og:type\" content=\"article\" \/>\n<meta property=\"og:title\" content=\"Componenti Tenda da Sole Verticale - ELY - Bat Group\" \/>\n<meta property=\"og:description\" content=\"ELY \u00e8 una soluzione innovativa per installare la tenda verticale per uso esterno, anche grazie al nuovo cassonetto e al profilo di sostegno simmetrico.\" \/>\n<meta property=\"og:url\" content=\"https:\/\/www.batgroup.com\/es\/prodotto\/ely\/\" \/>\n<meta property=\"og:site_name\" content=\"Bat Group\" \/>\n<meta property=\"article:modified_time\" content=\"2023-06-20T06:54:47+00:00\" \/>\n<meta property=\"og:image\" content=\"https:\/\/www.batgroup.com\/wp-content\/uploads\/2017\/10\/KE_ELY-AMBIENTE-BAR_02-low-1024x724.jpg\" \/>\n\t<meta property=\"og:image:width\" content=\"1024\" \/>\n\t<meta property=\"og:image:height\" content=\"724\" \/>\n\t<meta property=\"og:image:type\" content=\"image\/jpeg\" \/>\n<meta name=\"twitter:card\" content=\"summary_large_image\" \/>\n<!-- \/ Yoast SEO plugin. -->","yoast_head_json":{"title":"Componenti Tenda da Sole Verticale - ELY - Bat Group","description":"ELY \u00e8 una soluzione innovativa per installare la tenda verticale per uso esterno, anche grazie al nuovo cassonetto e al profilo di sostegno simmetrico.","robots":{"index":"index","follow":"follow","max-snippet":"max-snippet:-1","max-image-preview":"max-image-preview:large","max-video-preview":"max-video-preview:-1"},"canonical":"https:\/\/www.batgroup.com\/es\/prodotto\/ely\/","og_locale":"es_ES","og_type":"article","og_title":"Componenti Tenda da Sole Verticale - ELY - Bat Group","og_description":"ELY \u00e8 una soluzione innovativa per installare la tenda verticale per uso esterno, anche grazie al nuovo cassonetto e al profilo di sostegno simmetrico.","og_url":"https:\/\/www.batgroup.com\/es\/prodotto\/ely\/","og_site_name":"Bat Group","article_modified_time":"2023-06-20T06:54:47+00:00","og_image":[{"width":1024,"height":724,"url":"https:\/\/www.batgroup.com\/wp-content\/uploads\/2017\/10\/KE_ELY-AMBIENTE-BAR_02-low-1024x724.jpg","type":"image\/jpeg"}],"twitter_card":"summary_large_image","schema":{"@context":"https:\/\/schema.org","@graph":[{"@type":"WebPage","@id":"https:\/\/www.batgroup.com\/es\/prodotto\/ely\/","url":"https:\/\/www.batgroup.com\/es\/prodotto\/ely\/","name":"Componenti Tenda da Sole Verticale - ELY - Bat Group","isPartOf":{"@id":"https:\/\/www.batgroup.com\/us\/#website"},"primaryImageOfPage":{"@id":"https:\/\/www.batgroup.com\/es\/prodotto\/ely\/#primaryimage"},"image":{"@id":"https:\/\/www.batgroup.com\/es\/prodotto\/ely\/#primaryimage"},"thumbnailUrl":"https:\/\/www.batgroup.com\/wp-content\/uploads\/2017\/10\/KE_ELY-AMBIENTE-BAR_02-low.jpg","datePublished":"2017-11-07T09:53:51+00:00","dateModified":"2023-06-20T06:54:47+00:00","description":"ELY \u00e8 una soluzione innovativa per installare la tenda verticale per uso esterno, anche grazie al nuovo cassonetto e al profilo di sostegno simmetrico.","breadcrumb":{"@id":"https:\/\/www.batgroup.com\/es\/prodotto\/ely\/#breadcrumb"},"inLanguage":"es","potentialAction":[{"@type":"ReadAction","target":["https:\/\/www.batgroup.com\/es\/prodotto\/ely\/"]}]},{"@type":"ImageObject","inLanguage":"es","@id":"https:\/\/www.batgroup.com\/es\/prodotto\/ely\/#primaryimage","url":"https:\/\/www.batgroup.com\/wp-content\/uploads\/2017\/10\/KE_ELY-AMBIENTE-BAR_02-low.jpg","contentUrl":"https:\/\/www.batgroup.com\/wp-content\/uploads\/2017\/10\/KE_ELY-AMBIENTE-BAR_02-low.jpg","width":1753,"height":1240},{"@type":"BreadcrumbList","@id":"https:\/\/www.batgroup.com\/es\/prodotto\/ely\/#breadcrumb","itemListElement":[{"@type":"ListItem","position":1,"name":"Home","item":"https:\/\/www.batgroup.com\/es\/"},{"@type":"ListItem","position":2,"name":"Productos","item":"https:\/\/www.batgroup.com\/es\/productos\/"},{"@type":"ListItem","position":3,"name":"ELY"}]},{"@type":"WebSite","@id":"https:\/\/www.batgroup.com\/us\/#website","url":"https:\/\/www.batgroup.com\/us\/","name":"Bat Group","description":"Accessori e componenti per sistemi di schermatura solare","potentialAction":[{"@type":"SearchAction","target":{"@type":"EntryPoint","urlTemplate":"https:\/\/www.batgroup.com\/us\/?s={search_term_string}"},"query-input":{"@type":"PropertyValueSpecification","valueRequired":true,"valueName":"search_term_string"}}],"inLanguage":"es"}]}},"_links":{"self":[{"href":"https:\/\/www.batgroup.com\/es\/wp-json\/wp\/v2\/product\/10790\/"}],"collection":[{"href":"https:\/\/www.batgroup.com\/es\/wp-json\/wp\/v2\/product\/"}],"about":[{"href":"https:\/\/www.batgroup.com\/es\/wp-json\/wp\/v2\/types\/product\/"}],"wp:featuredmedia":[{"embeddable":true,"href":"https:\/\/www.batgroup.com\/es\/wp-json\/wp\/v2\/media\/57953\/"}],"wp:attachment":[{"href":"https:\/\/www.batgroup.com\/es\/wp-json\/wp\/v2\/media\/?parent=10790"}],"curies":[{"name":"wp","href":"https:\/\/api.w.org\/{rel}","templated":true}]}}