{"id":10785,"date":"2017-10-20T14:58:24","date_gmt":"2017-11-07T09:47:21","guid":{"rendered":"http:\/\/bat.itpowernet.it\/?post_type=product&#038;p=10785"},"modified":"2017-11-08T09:01:07","modified_gmt":"2017-11-08T08:01:07","slug":"patio-v3","status":"publish","type":"product","link":"https:\/\/www.batgroup.com\/es\/prodotto\/patio-v3\/","title":{"rendered":"PATIO V3"},"content":{"rendered":"","protected":false},"excerpt":{"rendered":"<p>PATIO V3 dos porterias con cortinas laterales, ideal para lugares donde se requiere un poco m\u00e1s de privacidad o simplemente una protecci\u00f3n solar m\u00e1s herm\u00e9tica. La lona, con su movimiento, crea unas ondas que caracterizan este tipo de estructuras. Su dise\u00f1o particularmente refinado se pronuncia como una v\u00e1lida alternativa de las estructuras en madera.<\/p>\n","protected":false},"featured_media":7350,"template":"","meta":{"_acf_changed":false},"class_list":["post-10785","product","type-product","status-publish","has-post-thumbnail","hentry","product_cat-toldos-de-sol","product_cat-toldos-para-barandillas-y-techos-de-cristal-invernaderos"],"acf":[],"yoast_head":"<!-- This site is optimized with the Yoast SEO plugin v27.3 - https:\/\/yoast.com\/product\/yoast-seo-wordpress\/ -->\n<title>Coperture per Verande Esterne - PATIO V3 - Bat Group<\/title>\n<meta name=\"description\" content=\"Una struttura modulare per la copertura di verande, terrazze e aree di giardino. Si possono aggiungere tessuti a scorrimento verticale lungo le pareti.\" \/>\n<meta name=\"robots\" content=\"index, follow, max-snippet:-1, max-image-preview:large, max-video-preview:-1\" \/>\n<link rel=\"canonical\" href=\"https:\/\/www.batgroup.com\/es\/prodotto\/patio-v3\/\" \/>\n<meta property=\"og:locale\" content=\"es_ES\" \/>\n<meta property=\"og:type\" content=\"article\" \/>\n<meta property=\"og:title\" content=\"Coperture per Verande Esterne - PATIO V3 - Bat Group\" \/>\n<meta property=\"og:description\" content=\"Una struttura modulare per la copertura di verande, terrazze e aree di giardino. Si possono aggiungere tessuti a scorrimento verticale lungo le pareti.\" \/>\n<meta property=\"og:url\" content=\"https:\/\/www.batgroup.com\/es\/prodotto\/patio-v3\/\" \/>\n<meta property=\"og:site_name\" content=\"Bat Group\" \/>\n<meta property=\"article:modified_time\" content=\"2017-11-08T08:01:07+00:00\" \/>\n<meta property=\"og:image\" content=\"https:\/\/www.batgroup.com\/wp-content\/uploads\/2017\/10\/tende_sole_Attici_Verande_Patio_V3.jpg\" \/>\n\t<meta property=\"og:image:width\" content=\"460\" \/>\n\t<meta property=\"og:image:height\" content=\"180\" \/>\n\t<meta property=\"og:image:type\" content=\"image\/jpeg\" \/>\n<meta name=\"twitter:card\" content=\"summary_large_image\" \/>\n<!-- \/ Yoast SEO plugin. -->","yoast_head_json":{"title":"Coperture per Verande Esterne - PATIO V3 - Bat Group","description":"Una struttura modulare per la copertura di verande, terrazze e aree di giardino. Si possono aggiungere tessuti a scorrimento verticale lungo le pareti.","robots":{"index":"index","follow":"follow","max-snippet":"max-snippet:-1","max-image-preview":"max-image-preview:large","max-video-preview":"max-video-preview:-1"},"canonical":"https:\/\/www.batgroup.com\/es\/prodotto\/patio-v3\/","og_locale":"es_ES","og_type":"article","og_title":"Coperture per Verande Esterne - PATIO V3 - Bat Group","og_description":"Una struttura modulare per la copertura di verande, terrazze e aree di giardino. Si possono aggiungere tessuti a scorrimento verticale lungo le pareti.","og_url":"https:\/\/www.batgroup.com\/es\/prodotto\/patio-v3\/","og_site_name":"Bat Group","article_modified_time":"2017-11-08T08:01:07+00:00","og_image":[{"width":460,"height":180,"url":"https:\/\/www.batgroup.com\/wp-content\/uploads\/2017\/10\/tende_sole_Attici_Verande_Patio_V3.jpg","type":"image\/jpeg"}],"twitter_card":"summary_large_image","schema":{"@context":"https:\/\/schema.org","@graph":[{"@type":"WebPage","@id":"https:\/\/www.batgroup.com\/es\/prodotto\/patio-v3\/","url":"https:\/\/www.batgroup.com\/es\/prodotto\/patio-v3\/","name":"Coperture per Verande Esterne - PATIO V3 - Bat Group","isPartOf":{"@id":"https:\/\/www.batgroup.com\/us\/#website"},"primaryImageOfPage":{"@id":"https:\/\/www.batgroup.com\/es\/prodotto\/patio-v3\/#primaryimage"},"image":{"@id":"https:\/\/www.batgroup.com\/es\/prodotto\/patio-v3\/#primaryimage"},"thumbnailUrl":"https:\/\/www.batgroup.com\/wp-content\/uploads\/2017\/10\/tende_sole_Attici_Verande_Patio_V3.jpg","datePublished":"2017-11-07T09:47:21+00:00","dateModified":"2017-11-08T08:01:07+00:00","description":"Una struttura modulare per la copertura di verande, terrazze e aree di giardino. Si possono aggiungere tessuti a scorrimento verticale lungo le pareti.","breadcrumb":{"@id":"https:\/\/www.batgroup.com\/es\/prodotto\/patio-v3\/#breadcrumb"},"inLanguage":"es","potentialAction":[{"@type":"ReadAction","target":["https:\/\/www.batgroup.com\/es\/prodotto\/patio-v3\/"]}]},{"@type":"ImageObject","inLanguage":"es","@id":"https:\/\/www.batgroup.com\/es\/prodotto\/patio-v3\/#primaryimage","url":"https:\/\/www.batgroup.com\/wp-content\/uploads\/2017\/10\/tende_sole_Attici_Verande_Patio_V3.jpg","contentUrl":"https:\/\/www.batgroup.com\/wp-content\/uploads\/2017\/10\/tende_sole_Attici_Verande_Patio_V3.jpg","width":460,"height":180},{"@type":"BreadcrumbList","@id":"https:\/\/www.batgroup.com\/es\/prodotto\/patio-v3\/#breadcrumb","itemListElement":[{"@type":"ListItem","position":1,"name":"Home","item":"https:\/\/www.batgroup.com\/es\/"},{"@type":"ListItem","position":2,"name":"Productos","item":"https:\/\/www.batgroup.com\/es\/productos\/"},{"@type":"ListItem","position":3,"name":"PATIO V3"}]},{"@type":"WebSite","@id":"https:\/\/www.batgroup.com\/us\/#website","url":"https:\/\/www.batgroup.com\/us\/","name":"Bat Group","description":"Accessori e componenti per sistemi di schermatura solare","potentialAction":[{"@type":"SearchAction","target":{"@type":"EntryPoint","urlTemplate":"https:\/\/www.batgroup.com\/us\/?s={search_term_string}"},"query-input":{"@type":"PropertyValueSpecification","valueRequired":true,"valueName":"search_term_string"}}],"inLanguage":"es"}]}},"_links":{"self":[{"href":"https:\/\/www.batgroup.com\/es\/wp-json\/wp\/v2\/product\/10785\/"}],"collection":[{"href":"https:\/\/www.batgroup.com\/es\/wp-json\/wp\/v2\/product\/"}],"about":[{"href":"https:\/\/www.batgroup.com\/es\/wp-json\/wp\/v2\/types\/product\/"}],"wp:featuredmedia":[{"embeddable":true,"href":"https:\/\/www.batgroup.com\/es\/wp-json\/wp\/v2\/media\/7350\/"}],"wp:attachment":[{"href":"https:\/\/www.batgroup.com\/es\/wp-json\/wp\/v2\/media\/?parent=10785"}],"curies":[{"name":"wp","href":"https:\/\/api.w.org\/{rel}","templated":true}]}}