{"id":10767,"date":"2017-10-25T12:27:56","date_gmt":"2017-11-07T09:22:58","guid":{"rendered":"http:\/\/bat.itpowernet.it\/?post_type=product&#038;p=10767"},"modified":"2017-11-08T08:59:08","modified_gmt":"2017-11-08T07:59:08","slug":"screeny-150-gp-unica-am","status":"publish","type":"product","link":"https:\/\/www.batgroup.com\/es\/prodotto\/screeny-150-gp-unica-am\/","title":{"rendered":"SCREENY 150 GP UNICA A\/M"},"content":{"rendered":"","protected":false},"excerpt":{"rendered":"<p>Cofre Screen de 150 disponible en la sola versi\u00f3n Redondo dotada de sistema de guia libre. Adaptada para instalaciones con grandes luces, sea entreparedes o a frontal. La guia est\u00e1 compuesta de dos perfiles: soporte y cubierta; es r\u00e1pida y \u00e1gil de instalar e inspeccionar.<\/p>\n","protected":false},"featured_media":9266,"template":"","meta":{"_acf_changed":false},"class_list":["post-10767","product","type-product","status-publish","has-post-thumbnail","hentry","product_cat-screeny-es","product_cat-screeny-150-es"],"acf":[],"yoast_head":"<!-- This site is optimized with the Yoast SEO plugin v27.0 - https:\/\/yoast.com\/product\/yoast-seo-wordpress\/ -->\n<title>Tende a Rullo Eleganti - SCREENY 150 GP UNICA A\/M - Bat Group<\/title>\n<meta name=\"description\" content=\"SCREENY 150 GP UNICA A\/M \u00e8 adatta per installazioni su grandi fori luce, sia a nicchia che a parete. Guardala in tutta la sua eleganza.\" \/>\n<meta name=\"robots\" content=\"index, follow, max-snippet:-1, max-image-preview:large, max-video-preview:-1\" \/>\n<link rel=\"canonical\" href=\"https:\/\/www.batgroup.com\/es\/prodotto\/screeny-150-gp-unica-am\/\" \/>\n<meta property=\"og:locale\" content=\"es_ES\" \/>\n<meta property=\"og:type\" content=\"article\" \/>\n<meta property=\"og:title\" content=\"Tende a Rullo Eleganti - SCREENY 150 GP UNICA A\/M - Bat Group\" \/>\n<meta property=\"og:description\" content=\"SCREENY 150 GP UNICA A\/M \u00e8 adatta per installazioni su grandi fori luce, sia a nicchia che a parete. Guardala in tutta la sua eleganza.\" \/>\n<meta property=\"og:url\" content=\"https:\/\/www.batgroup.com\/es\/prodotto\/screeny-150-gp-unica-am\/\" \/>\n<meta property=\"og:site_name\" content=\"Bat Group\" \/>\n<meta property=\"article:modified_time\" content=\"2017-11-08T07:59:08+00:00\" \/>\n<meta property=\"og:image\" content=\"https:\/\/www.batgroup.com\/wp-content\/uploads\/2017\/10\/tende_rullo_verticale_Screeny150_Gp_Unica_Am.jpg\" \/>\n\t<meta property=\"og:image:width\" content=\"460\" \/>\n\t<meta property=\"og:image:height\" content=\"180\" \/>\n\t<meta property=\"og:image:type\" content=\"image\/jpeg\" \/>\n<meta name=\"twitter:card\" content=\"summary_large_image\" \/>\n<!-- \/ Yoast SEO plugin. -->","yoast_head_json":{"title":"Tende a Rullo Eleganti - SCREENY 150 GP UNICA A\/M - Bat Group","description":"SCREENY 150 GP UNICA A\/M \u00e8 adatta per installazioni su grandi fori luce, sia a nicchia che a parete. Guardala in tutta la sua eleganza.","robots":{"index":"index","follow":"follow","max-snippet":"max-snippet:-1","max-image-preview":"max-image-preview:large","max-video-preview":"max-video-preview:-1"},"canonical":"https:\/\/www.batgroup.com\/es\/prodotto\/screeny-150-gp-unica-am\/","og_locale":"es_ES","og_type":"article","og_title":"Tende a Rullo Eleganti - SCREENY 150 GP UNICA A\/M - Bat Group","og_description":"SCREENY 150 GP UNICA A\/M \u00e8 adatta per installazioni su grandi fori luce, sia a nicchia che a parete. Guardala in tutta la sua eleganza.","og_url":"https:\/\/www.batgroup.com\/es\/prodotto\/screeny-150-gp-unica-am\/","og_site_name":"Bat Group","article_modified_time":"2017-11-08T07:59:08+00:00","og_image":[{"width":460,"height":180,"url":"https:\/\/www.batgroup.com\/wp-content\/uploads\/2017\/10\/tende_rullo_verticale_Screeny150_Gp_Unica_Am.jpg","type":"image\/jpeg"}],"twitter_card":"summary_large_image","schema":{"@context":"https:\/\/schema.org","@graph":[{"@type":"WebPage","@id":"https:\/\/www.batgroup.com\/es\/prodotto\/screeny-150-gp-unica-am\/","url":"https:\/\/www.batgroup.com\/es\/prodotto\/screeny-150-gp-unica-am\/","name":"Tende a Rullo Eleganti - SCREENY 150 GP UNICA A\/M - Bat Group","isPartOf":{"@id":"https:\/\/www.batgroup.com\/us\/#website"},"primaryImageOfPage":{"@id":"https:\/\/www.batgroup.com\/es\/prodotto\/screeny-150-gp-unica-am\/#primaryimage"},"image":{"@id":"https:\/\/www.batgroup.com\/es\/prodotto\/screeny-150-gp-unica-am\/#primaryimage"},"thumbnailUrl":"https:\/\/www.batgroup.com\/wp-content\/uploads\/2017\/10\/tende_rullo_verticale_Screeny150_Gp_Unica_Am.jpg","datePublished":"2017-11-07T09:22:58+00:00","dateModified":"2017-11-08T07:59:08+00:00","description":"SCREENY 150 GP UNICA A\/M \u00e8 adatta per installazioni su grandi fori luce, sia a nicchia che a parete. Guardala in tutta la sua eleganza.","breadcrumb":{"@id":"https:\/\/www.batgroup.com\/es\/prodotto\/screeny-150-gp-unica-am\/#breadcrumb"},"inLanguage":"es","potentialAction":[{"@type":"ReadAction","target":["https:\/\/www.batgroup.com\/es\/prodotto\/screeny-150-gp-unica-am\/"]}]},{"@type":"ImageObject","inLanguage":"es","@id":"https:\/\/www.batgroup.com\/es\/prodotto\/screeny-150-gp-unica-am\/#primaryimage","url":"https:\/\/www.batgroup.com\/wp-content\/uploads\/2017\/10\/tende_rullo_verticale_Screeny150_Gp_Unica_Am.jpg","contentUrl":"https:\/\/www.batgroup.com\/wp-content\/uploads\/2017\/10\/tende_rullo_verticale_Screeny150_Gp_Unica_Am.jpg","width":460,"height":180},{"@type":"BreadcrumbList","@id":"https:\/\/www.batgroup.com\/es\/prodotto\/screeny-150-gp-unica-am\/#breadcrumb","itemListElement":[{"@type":"ListItem","position":1,"name":"Home","item":"https:\/\/www.batgroup.com\/es\/"},{"@type":"ListItem","position":2,"name":"Productos","item":"https:\/\/www.batgroup.com\/es\/productos\/"},{"@type":"ListItem","position":3,"name":"SCREENY 150 GP UNICA A\/M"}]},{"@type":"WebSite","@id":"https:\/\/www.batgroup.com\/us\/#website","url":"https:\/\/www.batgroup.com\/us\/","name":"Bat Group","description":"Accessori e componenti per sistemi di schermatura solare","potentialAction":[{"@type":"SearchAction","target":{"@type":"EntryPoint","urlTemplate":"https:\/\/www.batgroup.com\/us\/?s={search_term_string}"},"query-input":{"@type":"PropertyValueSpecification","valueRequired":true,"valueName":"search_term_string"}}],"inLanguage":"es"}]}},"_links":{"self":[{"href":"https:\/\/www.batgroup.com\/es\/wp-json\/wp\/v2\/product\/10767\/"}],"collection":[{"href":"https:\/\/www.batgroup.com\/es\/wp-json\/wp\/v2\/product\/"}],"about":[{"href":"https:\/\/www.batgroup.com\/es\/wp-json\/wp\/v2\/types\/product\/"}],"wp:featuredmedia":[{"embeddable":true,"href":"https:\/\/www.batgroup.com\/es\/wp-json\/wp\/v2\/media\/9266\/"}],"wp:attachment":[{"href":"https:\/\/www.batgroup.com\/es\/wp-json\/wp\/v2\/media\/?parent=10767"}],"curies":[{"name":"wp","href":"https:\/\/api.w.org\/{rel}","templated":true}]}}