{"id":12208,"date":"2017-10-04T12:26:35","date_gmt":"2017-10-04T10:26:35","guid":{"rendered":"http:\/\/bat.itpowernet.it\/qualita-e-certificazione\/"},"modified":"2022-04-22T16:49:04","modified_gmt":"2022-04-22T14:49:04","slug":"calidad-y-certificacion","status":"publish","type":"page","link":"https:\/\/www.batgroup.com\/es\/calidad-y-certificacion\/","title":{"rendered":"Calidad y Certificaci\u00f3n"},"content":{"rendered":"<p>[vc_row layout=&#8221;boxed&#8221; el_class=&#8221;margin-bottom-30&#8243;][vc_column width=&#8221;1\/4&#8243; el_class=&#8221;col-md-3 col-sm-12&#8243;]            <div class=\"heading color-dark size-md text-left \" >\n                                <div class=\"line-single\">\n                                                        <h2>\n                        CALIDAD                    <\/h2>\n                                    <\/div>\n                            <\/div>\n            [\/vc_column][vc_column width=&#8221;3\/4&#8243; el_class=&#8221;col-md-9 col-sm-12&#8243;][vc_column_text]La calidad y la seguridad son caracter\u00edsticas clave del producto BAT. Al perseguir y controlar constantemente estos requisitos, BAT est\u00e1 equipada con instrumentos de medida sujetos a auditor\u00edas regulares, plantillas de control para el uso de los departamentos de producci\u00f3n e instrucciones de control con m\u00f3dulos de recopilaci\u00f3n de datos en etapas cr\u00edticas del proceso.<br \/>\nTambi\u00e9n est\u00e1 equipado con un laboratorio de pruebas para realizar test de sellado de toldos tanto en sus componentes por separado como en los toldos acabados, banco dinamom\u00e9trico para prueba de tracci\u00f3n suave, comprobaci\u00f3n de brazos, as\u00ed como m\u00e1quinas de pruebas peri\u00f3dicas de fatiga de los brazos extensibles.<\/p>\n<p>[\/vc_column_text][\/vc_column][\/vc_row][vc_row layout=&#8221;fullwidth-visible&#8221; el_class=&#8221;margin-bottom-0&#8243; css=&#8221;.vc_custom_1511859510087{padding-top: 60px !important;padding-right: 50px !important;padding-bottom: 60px !important;padding-left: 40px !important;background-color: #eeeeee !important;}&#8221;][vc_column][vc_row_inner layout=&#8221;boxed&#8221;][vc_column_inner width=&#8221;1\/4&#8243;]            <div class=\"heading color-dark size-md text-left \" >\n                                <div class=\"line-single\">\n                                                        <h2>\n                        CERTIFICACIONES                    <\/h2>\n                                    <\/div>\n                            <\/div>\n            [\/vc_column_inner][vc_column_inner width=&#8221;3\/4&#8243;][vc_column_text]El laboratorio tambi\u00e9n consta de dos bancos de prueba de toldos acabados, ya sean de brazo extensible, verticales, screen o para grandes cubiertas, que se prueban de acuerdo con las normas europeas EN13561 y EN1932.<br \/>\nLos resultados de las pruebas de resistencia al viento son un elemento importante para la certificaci\u00f3n CE, hoy obligatoria.<\/p>\n<p>BAT ha estado actualizando e implementando certificaciones de productos y nos complace anunciar que nuestras nuevas pruebas, adem\u00e1s de acreditar algunos modelos de toldos en clases de resistencia superiores a las de a\u00f1os anteriores, tambi\u00e9n brindan una \u201cgarant\u00eda\u201d de impermeabilizaci\u00f3n.[\/vc_column_text]            <div class=\"heading color-dark size-sm text-left margin-top-60\" >\n                                                        <h2>\n                         CERTIFICACI\u00d3N CE                    <\/h2>\n                                <\/div>\n            [vc_column_text]BAT reserva a sus clientes la oportunidad de obtener los resultados de cada prueba de forma gratuita para poder llevar a cabo la auto certificaci\u00f3n y as\u00ed poder a\u00f1adir la etiqueta CE al producto final. BAT cree que la certificaci\u00f3n CE de sus productos es una garant\u00eda adicional de eficiencia, duraci\u00f3n en el tiempo y solidez.[\/vc_column_text]            <div class=\"heading color-dark size-sm text-left margin-top-60\" >\n                                                        <h2>\n                         CERTIFICACI\u00d3N AEO                    <\/h2>\n                                <\/div>\n            [vc_column_text]BAT Spa ha obtenido la Certificaci\u00f3n OEA de Operador Econ\u00f3mico Autorizado (autorizaci\u00f3n n. IT AEOF 21 1847), expedida por las Autoridades Aduaneras. Un hito importante que certifica la fiabilidad, eficiencia y seguridad de BAT Spa frente al mercado, garantiza la solvencia financiera y certifica la seguridad de los procesos relacionados con la log\u00edstica.[\/vc_column_text][\/vc_column_inner][\/vc_row_inner][\/vc_column][\/vc_row][vc_row layout=&#8221;boxed&#8221; equal_height=&#8221;yes&#8221; el_class=&#8221;margin-top-60&#8243;][vc_column]            <div class=\"heading color-dark size-sm text-center \" >\n                                                        <h2>\n                        MADE IN ITALY                    <\/h2>\n                                <\/div>\n            [\/vc_column][\/vc_row][vc_row layout=&#8221;boxed&#8221; equal_height=&#8221;yes&#8221; video_link=&#8221;&#8221; css=&#8221;.vc_custom_1511522758330{margin-bottom: 60px !important;}&#8221;][vc_column][vc_column_text]<\/p>\n<p style=\"text-align: center;\">La calidad de los productos BAT no est\u00e1 s\u00f3lo certificada por institutos nacionales e internacionales,<br \/>\nsino que toda la cadena productiva est\u00e1 auditada por un departamento interno del grupo.<\/p>\n<p>[\/vc_column_text][\/vc_column][\/vc_row][vc_row css=&#8221;.vc_custom_1511513307299{background-color: #eeeeee !important;}&#8221;][vc_column]            <div class=\"heading color-dark size-md text-center margin-top-95\" >\n                                <div class=\"line-single\">\n                                                        <h2>\n                        PATENTES                    <\/h2>\n                                    <\/div>\n                            <\/div>\n            [vc_row_inner el_class=&#8221;margin-top-55 margin-bottom-95&#8243;][vc_column_inner width=&#8221;1\/4&#8243;][vc_empty_space][\/vc_column_inner][vc_column_inner width=&#8221;1\/4&#8243;]            <div class=\"counter \">\n                                            <span class=\"display-percentage p-font\" style=\"color: \" data-percentage=\"16\">16<\/span>\n                                    <p class=\"counter-title s-font\" style=\"color: \">PATENTES DE DISE\u00d1O<\/p>\n                            <\/div>\n            [\/vc_column_inner][vc_column_inner width=&#8221;1\/4&#8243;]            <div class=\"counter \">\n                                            <span class=\"display-percentage p-font\" style=\"color: \" data-percentage=\"21\">21<\/span>\n                                    <p class=\"counter-title s-font\" style=\"color: \">PATENTES DE INVENCI\u00d3N<\/p>\n                            <\/div>\n            [\/vc_column_inner][vc_column_inner width=&#8221;1\/4&#8243;][vc_empty_space][\/vc_column_inner][\/vc_row_inner][\/vc_column][\/vc_row]<\/p>\n","protected":false},"excerpt":{"rendered":"<p>[vc_row layout=&#8221;boxed&#8221; el_class=&#8221;margin-bottom-30&#8243;][vc_column width=&#8221;1\/4&#8243; el_class=&#8221;col-md-3 col-sm-12&#8243;][\/vc_column][vc_column width=&#8221;3\/4&#8243; el_class=&#8221;col-md-9 col-sm-12&#8243;][vc_column_text]La calidad y la seguridad son caracter\u00edsticas clave del producto BAT. Al perseguir y controlar constantemente estos requisitos, BAT est\u00e1 equipada con instrumentos de medida sujetos a auditor\u00edas regulares, plantillas de control para el uso de los departamentos de producci\u00f3n e instrucciones de control con m\u00f3dulos de [&hellip;]<\/p>\n","protected":false},"author":2653,"featured_media":0,"parent":0,"menu_order":0,"comment_status":"closed","ping_status":"closed","template":"","meta":{"_acf_changed":false,"footnotes":""},"class_list":["post-12208","page","type-page","status-publish","hentry"],"acf":[],"yoast_head":"<!-- This site is optimized with the Yoast SEO plugin v27.3 - https:\/\/yoast.com\/product\/yoast-seo-wordpress\/ -->\n<title>Perfiles de Aluminio y Soportes para Toldos - Bat Group<\/title>\n<meta name=\"description\" content=\"Perfiles de aluminio y soportes para cada modelo de toldos basado en soluciones innovadoras, seguras y favorables. Amplia gama de perfiles y soportes.\" \/>\n<meta name=\"robots\" content=\"index, follow, max-snippet:-1, max-image-preview:large, max-video-preview:-1\" \/>\n<link rel=\"canonical\" href=\"https:\/\/www.batgroup.com\/es\/calidad-y-certificacion\/\" \/>\n<meta property=\"og:locale\" content=\"es_ES\" \/>\n<meta property=\"og:type\" content=\"article\" \/>\n<meta property=\"og:title\" content=\"Perfiles de Aluminio y Soportes para Toldos - Bat Group\" \/>\n<meta property=\"og:description\" content=\"Perfiles de aluminio y soportes para cada modelo de toldos basado en soluciones innovadoras, seguras y favorables. Amplia gama de perfiles y soportes.\" \/>\n<meta property=\"og:url\" content=\"https:\/\/www.batgroup.com\/es\/calidad-y-certificacion\/\" \/>\n<meta property=\"og:site_name\" content=\"Bat Group\" \/>\n<meta property=\"article:modified_time\" content=\"2022-04-22T14:49:04+00:00\" \/>\n<meta name=\"twitter:card\" content=\"summary_large_image\" \/>\n<meta name=\"twitter:label1\" content=\"Tiempo de lectura\" \/>\n\t<meta name=\"twitter:data1\" content=\"3 minutos\" \/>\n<!-- \/ Yoast SEO plugin. -->","yoast_head_json":{"title":"Perfiles de Aluminio y Soportes para Toldos - Bat Group","description":"Perfiles de aluminio y soportes para cada modelo de toldos basado en soluciones innovadoras, seguras y favorables. Amplia gama de perfiles y soportes.","robots":{"index":"index","follow":"follow","max-snippet":"max-snippet:-1","max-image-preview":"max-image-preview:large","max-video-preview":"max-video-preview:-1"},"canonical":"https:\/\/www.batgroup.com\/es\/calidad-y-certificacion\/","og_locale":"es_ES","og_type":"article","og_title":"Perfiles de Aluminio y Soportes para Toldos - Bat Group","og_description":"Perfiles de aluminio y soportes para cada modelo de toldos basado en soluciones innovadoras, seguras y favorables. Amplia gama de perfiles y soportes.","og_url":"https:\/\/www.batgroup.com\/es\/calidad-y-certificacion\/","og_site_name":"Bat Group","article_modified_time":"2022-04-22T14:49:04+00:00","twitter_card":"summary_large_image","twitter_misc":{"Tiempo de lectura":"3 minutos"},"schema":{"@context":"https:\/\/schema.org","@graph":[{"@type":"WebPage","@id":"https:\/\/www.batgroup.com\/es\/calidad-y-certificacion\/","url":"https:\/\/www.batgroup.com\/es\/calidad-y-certificacion\/","name":"Perfiles de Aluminio y Soportes para Toldos - Bat Group","isPartOf":{"@id":"https:\/\/www.batgroup.com\/us\/#website"},"datePublished":"2017-10-04T10:26:35+00:00","dateModified":"2022-04-22T14:49:04+00:00","description":"Perfiles de aluminio y soportes para cada modelo de toldos basado en soluciones innovadoras, seguras y favorables. Amplia gama de perfiles y soportes.","breadcrumb":{"@id":"https:\/\/www.batgroup.com\/es\/calidad-y-certificacion\/#breadcrumb"},"inLanguage":"es","potentialAction":[{"@type":"ReadAction","target":["https:\/\/www.batgroup.com\/es\/calidad-y-certificacion\/"]}]},{"@type":"BreadcrumbList","@id":"https:\/\/www.batgroup.com\/es\/calidad-y-certificacion\/#breadcrumb","itemListElement":[{"@type":"ListItem","position":1,"name":"Home","item":"https:\/\/www.batgroup.com\/es\/"},{"@type":"ListItem","position":2,"name":"Calidad y Certificaci\u00f3n"}]},{"@type":"WebSite","@id":"https:\/\/www.batgroup.com\/us\/#website","url":"https:\/\/www.batgroup.com\/us\/","name":"Bat Group","description":"Accessori e componenti per sistemi di schermatura solare","potentialAction":[{"@type":"SearchAction","target":{"@type":"EntryPoint","urlTemplate":"https:\/\/www.batgroup.com\/us\/?s={search_term_string}"},"query-input":{"@type":"PropertyValueSpecification","valueRequired":true,"valueName":"search_term_string"}}],"inLanguage":"es"}]}},"_links":{"self":[{"href":"https:\/\/www.batgroup.com\/es\/wp-json\/wp\/v2\/pages\/12208\/"}],"collection":[{"href":"https:\/\/www.batgroup.com\/es\/wp-json\/wp\/v2\/pages\/"}],"about":[{"href":"https:\/\/www.batgroup.com\/es\/wp-json\/wp\/v2\/types\/page\/"}],"author":[{"embeddable":true,"href":"https:\/\/www.batgroup.com\/es\/wp-json\/wp\/v2\/users\/2653\/"}],"replies":[{"embeddable":true,"href":"https:\/\/www.batgroup.com\/es\/wp-json\/wp\/v2\/comments\/?post=12208"}],"version-history":[{"count":0,"href":"https:\/\/www.batgroup.com\/es\/wp-json\/wp\/v2\/pages\/12208\/revisions\/"}],"wp:attachment":[{"href":"https:\/\/www.batgroup.com\/es\/wp-json\/wp\/v2\/media\/?parent=12208"}],"curies":[{"name":"wp","href":"https:\/\/api.w.org\/{rel}","templated":true}]}}