{"id":87139,"date":"2022-02-10T14:12:03","date_gmt":"2022-02-14T14:19:16","guid":{"rendered":"https:\/\/www.batgroup.com\/?post_type=product&#038;p=87139"},"modified":"2023-03-14T13:36:30","modified_gmt":"2023-03-14T12:36:30","slug":"screeny-150-gpz-storm","status":"publish","type":"product","link":"https:\/\/www.batgroup.com\/de\/prodotto\/screeny-150-gpz-storm\/","title":{"rendered":"SCREENY 150 GPZ STORM"},"content":{"rendered":"<p><strong>Senkrechtmarkise mit rundem 150mm Kasten und ZIP-System<\/strong>. Geeignet zur Montage in Nischen oder W\u00e4nden. Schnelle Befestigung und einfache Wartung. Die F\u00fchrungsschiene besteht aus zwei Profilen: Montage- und Abdeckungsprofil und ist so konzipiert, dass sie das mit ihr verbundene Abschlussprofil sowohl unter Einwirkung von starkem Winddruck als auch unter Einwirkung von St\u00f6\u00dfen aufnimmt. Nur mit Motorantrieb m\u00f6glich.<\/p>\n","protected":false},"excerpt":{"rendered":"<p>Senkrechtmarkise mit rundem 150mm Kasten und ZIP-System. Geeignet zur Montage in Nischen oder W\u00e4nden. Schnelle Befestigung und einfache Wartung. Die F\u00fchrungsschiene besteht aus zwei Profilen: Montage- und Abdeckungsprofil und ist so konzipiert, dass sie das mit ihr verbundene Abschlussprofil sowohl unter Einwirkung von starkem Winddruck als auch unter Einwirkung von St\u00f6\u00dfen aufnimmt. Nur mit Motorantrieb [&hellip;]<\/p>\n","protected":false},"featured_media":87298,"template":"","meta":{"_acf_changed":false},"class_list":["post-87139","product","type-product","status-publish","has-post-thumbnail","hentry","product_cat-screeny-de","product_cat-screeny-150-de"],"acf":[],"yoast_head":"<!-- This site is optimized with the Yoast SEO plugin v27.0 - https:\/\/yoast.com\/product\/yoast-seo-wordpress\/ -->\n<title>SCREENY 150 GPZ STORM - Bat Group<\/title>\n<meta name=\"robots\" content=\"index, follow, max-snippet:-1, max-image-preview:large, max-video-preview:-1\" \/>\n<link rel=\"canonical\" href=\"https:\/\/www.batgroup.com\/de\/prodotto\/screeny-150-gpz-storm\/\" \/>\n<meta property=\"og:locale\" content=\"de_DE\" \/>\n<meta property=\"og:type\" content=\"article\" \/>\n<meta property=\"og:title\" content=\"SCREENY 150 GPZ STORM - Bat Group\" \/>\n<meta property=\"og:description\" content=\"Senkrechtmarkise mit rundem 150mm Kasten und ZIP-System. Geeignet zur Montage in Nischen oder W\u00e4nden. Schnelle Befestigung und einfache Wartung. Die F\u00fchrungsschiene besteht aus zwei Profilen: Montage- und Abdeckungsprofil und ist so konzipiert, dass sie das mit ihr verbundene Abschlussprofil sowohl unter Einwirkung von starkem Winddruck als auch unter Einwirkung von St\u00f6\u00dfen aufnimmt. Nur mit Motorantrieb [&hellip;]\" \/>\n<meta property=\"og:url\" content=\"https:\/\/www.batgroup.com\/de\/prodotto\/screeny-150-gpz-storm\/\" \/>\n<meta property=\"og:site_name\" content=\"Bat Group\" \/>\n<meta property=\"article:modified_time\" content=\"2023-03-14T12:36:30+00:00\" \/>\n<meta property=\"og:image\" content=\"https:\/\/www.batgroup.com\/wp-content\/uploads\/2022\/02\/bat-screeny-storm_low_1500x586.jpg\" \/>\n\t<meta property=\"og:image:width\" content=\"1500\" \/>\n\t<meta property=\"og:image:height\" content=\"586\" \/>\n\t<meta property=\"og:image:type\" content=\"image\/jpeg\" \/>\n<meta name=\"twitter:card\" content=\"summary_large_image\" \/>\n<!-- \/ Yoast SEO plugin. -->","yoast_head_json":{"title":"SCREENY 150 GPZ STORM - Bat Group","robots":{"index":"index","follow":"follow","max-snippet":"max-snippet:-1","max-image-preview":"max-image-preview:large","max-video-preview":"max-video-preview:-1"},"canonical":"https:\/\/www.batgroup.com\/de\/prodotto\/screeny-150-gpz-storm\/","og_locale":"de_DE","og_type":"article","og_title":"SCREENY 150 GPZ STORM - Bat Group","og_description":"Senkrechtmarkise mit rundem 150mm Kasten und ZIP-System. Geeignet zur Montage in Nischen oder W\u00e4nden. Schnelle Befestigung und einfache Wartung. Die F\u00fchrungsschiene besteht aus zwei Profilen: Montage- und Abdeckungsprofil und ist so konzipiert, dass sie das mit ihr verbundene Abschlussprofil sowohl unter Einwirkung von starkem Winddruck als auch unter Einwirkung von St\u00f6\u00dfen aufnimmt. Nur mit Motorantrieb [&hellip;]","og_url":"https:\/\/www.batgroup.com\/de\/prodotto\/screeny-150-gpz-storm\/","og_site_name":"Bat Group","article_modified_time":"2023-03-14T12:36:30+00:00","og_image":[{"width":1500,"height":586,"url":"https:\/\/www.batgroup.com\/wp-content\/uploads\/2022\/02\/bat-screeny-storm_low_1500x586.jpg","type":"image\/jpeg"}],"twitter_card":"summary_large_image","schema":{"@context":"https:\/\/schema.org","@graph":[{"@type":"WebPage","@id":"https:\/\/www.batgroup.com\/de\/prodotto\/screeny-150-gpz-storm\/","url":"https:\/\/www.batgroup.com\/de\/prodotto\/screeny-150-gpz-storm\/","name":"SCREENY 150 GPZ STORM - Bat Group","isPartOf":{"@id":"https:\/\/www.batgroup.com\/us\/#website"},"primaryImageOfPage":{"@id":"https:\/\/www.batgroup.com\/de\/prodotto\/screeny-150-gpz-storm\/#primaryimage"},"image":{"@id":"https:\/\/www.batgroup.com\/de\/prodotto\/screeny-150-gpz-storm\/#primaryimage"},"thumbnailUrl":"https:\/\/www.batgroup.com\/wp-content\/uploads\/2022\/02\/bat-screeny-storm_low_1500x586.jpg","datePublished":"2022-02-14T14:19:16+00:00","dateModified":"2023-03-14T12:36:30+00:00","breadcrumb":{"@id":"https:\/\/www.batgroup.com\/de\/prodotto\/screeny-150-gpz-storm\/#breadcrumb"},"inLanguage":"de","potentialAction":[{"@type":"ReadAction","target":["https:\/\/www.batgroup.com\/de\/prodotto\/screeny-150-gpz-storm\/"]}]},{"@type":"ImageObject","inLanguage":"de","@id":"https:\/\/www.batgroup.com\/de\/prodotto\/screeny-150-gpz-storm\/#primaryimage","url":"https:\/\/www.batgroup.com\/wp-content\/uploads\/2022\/02\/bat-screeny-storm_low_1500x586.jpg","contentUrl":"https:\/\/www.batgroup.com\/wp-content\/uploads\/2022\/02\/bat-screeny-storm_low_1500x586.jpg","width":1500,"height":586,"caption":"bat-screeny-storm_low_1500x586"},{"@type":"BreadcrumbList","@id":"https:\/\/www.batgroup.com\/de\/prodotto\/screeny-150-gpz-storm\/#breadcrumb","itemListElement":[{"@type":"ListItem","position":1,"name":"Home","item":"https:\/\/www.batgroup.com\/de\/"},{"@type":"ListItem","position":2,"name":"Produkte","item":"https:\/\/www.batgroup.com\/de\/produkte\/"},{"@type":"ListItem","position":3,"name":"SCREENY 150 GPZ STORM"}]},{"@type":"WebSite","@id":"https:\/\/www.batgroup.com\/us\/#website","url":"https:\/\/www.batgroup.com\/us\/","name":"Bat Group","description":"Accessori e componenti per sistemi di schermatura solare","potentialAction":[{"@type":"SearchAction","target":{"@type":"EntryPoint","urlTemplate":"https:\/\/www.batgroup.com\/us\/?s={search_term_string}"},"query-input":{"@type":"PropertyValueSpecification","valueRequired":true,"valueName":"search_term_string"}}],"inLanguage":"de"}]}},"_links":{"self":[{"href":"https:\/\/www.batgroup.com\/de\/wp-json\/wp\/v2\/product\/87139\/"}],"collection":[{"href":"https:\/\/www.batgroup.com\/de\/wp-json\/wp\/v2\/product\/"}],"about":[{"href":"https:\/\/www.batgroup.com\/de\/wp-json\/wp\/v2\/types\/product\/"}],"wp:featuredmedia":[{"embeddable":true,"href":"https:\/\/www.batgroup.com\/de\/wp-json\/wp\/v2\/media\/87298\/"}],"wp:attachment":[{"href":"https:\/\/www.batgroup.com\/de\/wp-json\/wp\/v2\/media\/?parent=87139"}],"curies":[{"name":"wp","href":"https:\/\/api.w.org\/{rel}","templated":true}]}}