{"id":164468,"date":"2026-02-17T12:17:37","date_gmt":"2026-02-17T11:17:37","guid":{"rendered":"https:\/\/www.batgroup.com\/?post_type=product&#038;p=164468"},"modified":"2026-02-18T10:29:42","modified_gmt":"2026-02-18T09:29:42","slug":"base-q","status":"publish","type":"product","link":"https:\/\/www.batgroup.com\/de\/prodotto\/base-q\/","title":{"rendered":"BASE Q"},"content":{"rendered":"","protected":false},"excerpt":{"rendered":"<p><strong>BASE Q<\/strong> ist das neue Modell der BASE-Familie.<\/p>\n<p>BASE Q erreicht eine maximale <strong>Breite von 4,5 Metern<\/strong> und eine <strong>Ausladung von bis zu 2,6 Metern<\/strong> und ist nach <strong>Windwiderstandsklasse 2<\/strong> zertifiziert. Der Kasten, der aus zwei separaten Profilen besteht, vereinfacht die Montage, w\u00e4hrend die stufenlose Schraubenverstellung eine pr\u00e4zise Einstellung der Neigung erm\u00f6glicht.<\/p>\n<p>Das Fehlen sichtbarer Schrauben und Bauteile sowie die kompakten Abmessungen machen diese Markise ideal f\u00fcr Architekturkonzepte der neuesten Generation. S\u00e4mtliche Komponenten aus lackiertem Aluminium gew\u00e4hrleisten Langlebigkeit und eine dauerhafte \u00c4sthetik.<\/p>\n<p>Kompatibel mit den <strong>Balteus Lite Armen<\/strong>, kann BASE Q je nach den spezifischen Projektanforderungen<strong> manuell oder motorisiert konfiguriert<\/strong> werden.<\/p>\n","protected":false},"featured_media":163161,"template":"","meta":{"_acf_changed":false},"class_list":["post-164468","product","type-product","status-publish","has-post-thumbnail","hentry","product_cat-hulsen-und-kassettenmarkisen","product_cat-markisen"],"acf":[],"yoast_head":"<!-- This site is optimized with the Yoast SEO plugin v27.3 - https:\/\/yoast.com\/product\/yoast-seo-wordpress\/ -->\n<title>BASE Q - Bat Group<\/title>\n<meta name=\"description\" content=\"BASE Q is eue Modell der BASE-Familie. Das kantige Design mit abgerundeten Ecken vereint Eleganz und Funktionalit\u00e4t.\" \/>\n<meta name=\"robots\" content=\"index, follow, max-snippet:-1, max-image-preview:large, max-video-preview:-1\" \/>\n<link rel=\"canonical\" href=\"https:\/\/www.batgroup.com\/de\/prodotto\/base-q\/\" \/>\n<meta property=\"og:locale\" content=\"de_DE\" \/>\n<meta property=\"og:type\" content=\"article\" \/>\n<meta property=\"og:title\" content=\"BASE Q - Bat Group\" \/>\n<meta property=\"og:description\" content=\"BASE Q is eue Modell der BASE-Familie. Das kantige Design mit abgerundeten Ecken vereint Eleganz und Funktionalit\u00e4t.\" \/>\n<meta property=\"og:url\" content=\"https:\/\/www.batgroup.com\/de\/prodotto\/base-q\/\" \/>\n<meta property=\"og:site_name\" content=\"Bat Group\" \/>\n<meta property=\"article:modified_time\" content=\"2026-02-18T09:29:42+00:00\" \/>\n<meta property=\"og:image\" content=\"https:\/\/www.batgroup.com\/wp-content\/uploads\/2026\/01\/BAT_BASE-Q-2026-GENERALE_GIORNO__HD_02.jpeg\" \/>\n\t<meta property=\"og:image:width\" content=\"2560\" \/>\n\t<meta property=\"og:image:height\" content=\"1810\" \/>\n\t<meta property=\"og:image:type\" content=\"image\/jpeg\" \/>\n<meta name=\"twitter:card\" content=\"summary_large_image\" \/>\n<meta name=\"twitter:label1\" content=\"Gesch\u00e4tzte Lesezeit\" \/>\n\t<meta name=\"twitter:data1\" content=\"1\u00a0Minute\" \/>\n<!-- \/ Yoast SEO plugin. -->","yoast_head_json":{"title":"BASE Q - Bat Group","description":"BASE Q is eue Modell der BASE-Familie. Das kantige Design mit abgerundeten Ecken vereint Eleganz und Funktionalit\u00e4t.","robots":{"index":"index","follow":"follow","max-snippet":"max-snippet:-1","max-image-preview":"max-image-preview:large","max-video-preview":"max-video-preview:-1"},"canonical":"https:\/\/www.batgroup.com\/de\/prodotto\/base-q\/","og_locale":"de_DE","og_type":"article","og_title":"BASE Q - Bat Group","og_description":"BASE Q is eue Modell der BASE-Familie. Das kantige Design mit abgerundeten Ecken vereint Eleganz und Funktionalit\u00e4t.","og_url":"https:\/\/www.batgroup.com\/de\/prodotto\/base-q\/","og_site_name":"Bat Group","article_modified_time":"2026-02-18T09:29:42+00:00","og_image":[{"width":2560,"height":1810,"url":"https:\/\/www.batgroup.com\/wp-content\/uploads\/2026\/01\/BAT_BASE-Q-2026-GENERALE_GIORNO__HD_02.jpeg","type":"image\/jpeg"}],"twitter_card":"summary_large_image","twitter_misc":{"Gesch\u00e4tzte Lesezeit":"1\u00a0Minute"},"schema":{"@context":"https:\/\/schema.org","@graph":[{"@type":"WebPage","@id":"https:\/\/www.batgroup.com\/de\/prodotto\/base-q\/","url":"https:\/\/www.batgroup.com\/de\/prodotto\/base-q\/","name":"BASE Q - Bat Group","isPartOf":{"@id":"https:\/\/www.batgroup.com\/us\/#website"},"primaryImageOfPage":{"@id":"https:\/\/www.batgroup.com\/de\/prodotto\/base-q\/#primaryimage"},"image":{"@id":"https:\/\/www.batgroup.com\/de\/prodotto\/base-q\/#primaryimage"},"thumbnailUrl":"https:\/\/www.batgroup.com\/wp-content\/uploads\/2026\/01\/BAT_BASE-Q-2026-GENERALE_GIORNO__HD_02.jpeg","datePublished":"2026-02-17T11:17:37+00:00","dateModified":"2026-02-18T09:29:42+00:00","description":"BASE Q is eue Modell der BASE-Familie. Das kantige Design mit abgerundeten Ecken vereint Eleganz und Funktionalit\u00e4t.","breadcrumb":{"@id":"https:\/\/www.batgroup.com\/de\/prodotto\/base-q\/#breadcrumb"},"inLanguage":"de","potentialAction":[{"@type":"ReadAction","target":["https:\/\/www.batgroup.com\/de\/prodotto\/base-q\/"]}]},{"@type":"ImageObject","inLanguage":"de","@id":"https:\/\/www.batgroup.com\/de\/prodotto\/base-q\/#primaryimage","url":"https:\/\/www.batgroup.com\/wp-content\/uploads\/2026\/01\/BAT_BASE-Q-2026-GENERALE_GIORNO__HD_02.jpeg","contentUrl":"https:\/\/www.batgroup.com\/wp-content\/uploads\/2026\/01\/BAT_BASE-Q-2026-GENERALE_GIORNO__HD_02.jpeg","width":2560,"height":1810},{"@type":"BreadcrumbList","@id":"https:\/\/www.batgroup.com\/de\/prodotto\/base-q\/#breadcrumb","itemListElement":[{"@type":"ListItem","position":1,"name":"Home","item":"https:\/\/www.batgroup.com\/de\/"},{"@type":"ListItem","position":2,"name":"Produkte","item":"https:\/\/www.batgroup.com\/de\/produkte\/"},{"@type":"ListItem","position":3,"name":"BASE Q"}]},{"@type":"WebSite","@id":"https:\/\/www.batgroup.com\/us\/#website","url":"https:\/\/www.batgroup.com\/us\/","name":"Bat Group","description":"Accessori e componenti per sistemi di schermatura solare","potentialAction":[{"@type":"SearchAction","target":{"@type":"EntryPoint","urlTemplate":"https:\/\/www.batgroup.com\/us\/?s={search_term_string}"},"query-input":{"@type":"PropertyValueSpecification","valueRequired":true,"valueName":"search_term_string"}}],"inLanguage":"de"}]}},"_links":{"self":[{"href":"https:\/\/www.batgroup.com\/de\/wp-json\/wp\/v2\/product\/164468\/"}],"collection":[{"href":"https:\/\/www.batgroup.com\/de\/wp-json\/wp\/v2\/product\/"}],"about":[{"href":"https:\/\/www.batgroup.com\/de\/wp-json\/wp\/v2\/types\/product\/"}],"wp:featuredmedia":[{"embeddable":true,"href":"https:\/\/www.batgroup.com\/de\/wp-json\/wp\/v2\/media\/163161\/"}],"wp:attachment":[{"href":"https:\/\/www.batgroup.com\/de\/wp-json\/wp\/v2\/media\/?parent=164468"}],"curies":[{"name":"wp","href":"https:\/\/api.w.org\/{rel}","templated":true}]}}