{"id":163238,"date":"2026-01-21T10:57:08","date_gmt":"2026-01-21T09:57:09","guid":{"rendered":"https:\/\/www.batgroup.com\/?post_type=product&#038;p=163238"},"modified":"2026-03-25T14:42:13","modified_gmt":"2026-03-25T13:42:13","slug":"base-q-max","status":"publish","type":"product","link":"https:\/\/www.batgroup.com\/de\/prodotto\/base-q-max\/","title":{"rendered":"BASE Q MAX"},"content":{"rendered":"","protected":false},"excerpt":{"rendered":"<p><strong>BASE Q MAX<\/strong> ist eine Markise mit ausfahrbaren Armen und Kassette, die auf festen seitlichen Konsolen mit Gegenplatte der Verankerung montiert ist. Sie verf\u00fcgt \u00fcber Balteus Gelenkarme oder Spin Gelenkarme. Das kantige Design der Kassette ist darauf ausgelegt, sich in die moderne, klare \u00c4sthetik neuer Architektur einzuf\u00fcgen. Die Kassette ist inspizierbar. Die Konsolen erm\u00f6glichen eine Montage der Markise sowohl an der Wand als auch an der Decke, und die Einstellung kann dank des Durchgangsschraubsystems in einem einzigen Schritt vorgenommen werden. Das Produkt kann mit dem optionalen Beleuchtung Set am Kassettenteil und an den Wandarmkonsolen erg\u00e4nzt werden. Alle Komponenten bestehen aus lackiertem Aluminium, was eine \u00e4sthetische Optik und Langlebigkeit gew\u00e4hrleistet.<\/p>\n","protected":false},"featured_media":163260,"template":"","meta":{"_acf_changed":false},"class_list":["post-163238","product","type-product","status-publish","has-post-thumbnail","hentry","product_cat-hulsen-und-kassettenmarkisen","product_cat-markisen","product_cat-tende-da-sole","product_cat-tende-a-bracci-estensibili-con-cassonetto"],"acf":[],"yoast_head":"<!-- This site is optimized with the Yoast SEO plugin v27.3 - https:\/\/yoast.com\/product\/yoast-seo-wordpress\/ -->\n<title>H\u00fclsen und kassettenmarkisen - BASE Q MAX - Bat Group<\/title>\n<meta name=\"description\" content=\"BASE Q MAX ist eine Markise mit ausfahrbaren Armen undKassette, die auf festen seitlichen Konsolen mit Gegenplatte derVerankerung montiert ist.\" \/>\n<meta name=\"robots\" content=\"index, follow, max-snippet:-1, max-image-preview:large, max-video-preview:-1\" \/>\n<link rel=\"canonical\" href=\"https:\/\/www.batgroup.com\/de\/prodotto\/base-q-max\/\" \/>\n<meta property=\"og:locale\" content=\"de_DE\" \/>\n<meta property=\"og:type\" content=\"article\" \/>\n<meta property=\"og:title\" content=\"H\u00fclsen und kassettenmarkisen - BASE Q MAX - Bat Group\" \/>\n<meta property=\"og:description\" content=\"BASE Q MAX ist eine Markise mit ausfahrbaren Armen undKassette, die auf festen seitlichen Konsolen mit Gegenplatte derVerankerung montiert ist.\" \/>\n<meta property=\"og:url\" content=\"https:\/\/www.batgroup.com\/de\/prodotto\/base-q-max\/\" \/>\n<meta property=\"og:site_name\" content=\"Bat Group\" \/>\n<meta property=\"article:modified_time\" content=\"2026-03-25T13:42:13+00:00\" \/>\n<meta property=\"og:image\" content=\"https:\/\/www.batgroup.com\/wp-content\/uploads\/2026\/01\/BAT_BASE-Q-MAX-2026-A-PARETE-LED_NOTTE_PARTICOLARE-2_HD_02.jpeg\" \/>\n\t<meta property=\"og:image:width\" content=\"2560\" \/>\n\t<meta property=\"og:image:height\" content=\"1810\" \/>\n\t<meta property=\"og:image:type\" content=\"image\/jpeg\" \/>\n<meta name=\"twitter:card\" content=\"summary_large_image\" \/>\n<meta name=\"twitter:label1\" content=\"Gesch\u00e4tzte Lesezeit\" \/>\n\t<meta name=\"twitter:data1\" content=\"1\u00a0Minute\" \/>\n<!-- \/ Yoast SEO plugin. -->","yoast_head_json":{"title":"H\u00fclsen und kassettenmarkisen - BASE Q MAX - Bat Group","description":"BASE Q MAX ist eine Markise mit ausfahrbaren Armen undKassette, die auf festen seitlichen Konsolen mit Gegenplatte derVerankerung montiert ist.","robots":{"index":"index","follow":"follow","max-snippet":"max-snippet:-1","max-image-preview":"max-image-preview:large","max-video-preview":"max-video-preview:-1"},"canonical":"https:\/\/www.batgroup.com\/de\/prodotto\/base-q-max\/","og_locale":"de_DE","og_type":"article","og_title":"H\u00fclsen und kassettenmarkisen - BASE Q MAX - Bat Group","og_description":"BASE Q MAX ist eine Markise mit ausfahrbaren Armen undKassette, die auf festen seitlichen Konsolen mit Gegenplatte derVerankerung montiert ist.","og_url":"https:\/\/www.batgroup.com\/de\/prodotto\/base-q-max\/","og_site_name":"Bat Group","article_modified_time":"2026-03-25T13:42:13+00:00","og_image":[{"width":2560,"height":1810,"url":"https:\/\/www.batgroup.com\/wp-content\/uploads\/2026\/01\/BAT_BASE-Q-MAX-2026-A-PARETE-LED_NOTTE_PARTICOLARE-2_HD_02.jpeg","type":"image\/jpeg"}],"twitter_card":"summary_large_image","twitter_misc":{"Gesch\u00e4tzte Lesezeit":"1\u00a0Minute"},"schema":{"@context":"https:\/\/schema.org","@graph":[{"@type":"WebPage","@id":"https:\/\/www.batgroup.com\/de\/prodotto\/base-q-max\/","url":"https:\/\/www.batgroup.com\/de\/prodotto\/base-q-max\/","name":"H\u00fclsen und kassettenmarkisen - BASE Q MAX - Bat Group","isPartOf":{"@id":"https:\/\/www.batgroup.com\/us\/#website"},"primaryImageOfPage":{"@id":"https:\/\/www.batgroup.com\/de\/prodotto\/base-q-max\/#primaryimage"},"image":{"@id":"https:\/\/www.batgroup.com\/de\/prodotto\/base-q-max\/#primaryimage"},"thumbnailUrl":"https:\/\/www.batgroup.com\/wp-content\/uploads\/2026\/01\/BAT_BASE-Q-MAX-2026-A-PARETE-LED_NOTTE_PARTICOLARE-2_HD_02.jpeg","datePublished":"2026-01-21T09:57:09+00:00","dateModified":"2026-03-25T13:42:13+00:00","description":"BASE Q MAX ist eine Markise mit ausfahrbaren Armen undKassette, die auf festen seitlichen Konsolen mit Gegenplatte derVerankerung montiert ist.","breadcrumb":{"@id":"https:\/\/www.batgroup.com\/de\/prodotto\/base-q-max\/#breadcrumb"},"inLanguage":"de","potentialAction":[{"@type":"ReadAction","target":["https:\/\/www.batgroup.com\/de\/prodotto\/base-q-max\/"]}]},{"@type":"ImageObject","inLanguage":"de","@id":"https:\/\/www.batgroup.com\/de\/prodotto\/base-q-max\/#primaryimage","url":"https:\/\/www.batgroup.com\/wp-content\/uploads\/2026\/01\/BAT_BASE-Q-MAX-2026-A-PARETE-LED_NOTTE_PARTICOLARE-2_HD_02.jpeg","contentUrl":"https:\/\/www.batgroup.com\/wp-content\/uploads\/2026\/01\/BAT_BASE-Q-MAX-2026-A-PARETE-LED_NOTTE_PARTICOLARE-2_HD_02.jpeg","width":2560,"height":1810},{"@type":"BreadcrumbList","@id":"https:\/\/www.batgroup.com\/de\/prodotto\/base-q-max\/#breadcrumb","itemListElement":[{"@type":"ListItem","position":1,"name":"Home","item":"https:\/\/www.batgroup.com\/de\/"},{"@type":"ListItem","position":2,"name":"Produkte","item":"https:\/\/www.batgroup.com\/de\/produkte\/"},{"@type":"ListItem","position":3,"name":"BASE Q MAX"}]},{"@type":"WebSite","@id":"https:\/\/www.batgroup.com\/us\/#website","url":"https:\/\/www.batgroup.com\/us\/","name":"Bat Group","description":"Accessori e componenti per sistemi di schermatura solare","potentialAction":[{"@type":"SearchAction","target":{"@type":"EntryPoint","urlTemplate":"https:\/\/www.batgroup.com\/us\/?s={search_term_string}"},"query-input":{"@type":"PropertyValueSpecification","valueRequired":true,"valueName":"search_term_string"}}],"inLanguage":"de"}]}},"_links":{"self":[{"href":"https:\/\/www.batgroup.com\/de\/wp-json\/wp\/v2\/product\/163238\/"}],"collection":[{"href":"https:\/\/www.batgroup.com\/de\/wp-json\/wp\/v2\/product\/"}],"about":[{"href":"https:\/\/www.batgroup.com\/de\/wp-json\/wp\/v2\/types\/product\/"}],"wp:featuredmedia":[{"embeddable":true,"href":"https:\/\/www.batgroup.com\/de\/wp-json\/wp\/v2\/media\/163260\/"}],"wp:attachment":[{"href":"https:\/\/www.batgroup.com\/de\/wp-json\/wp\/v2\/media\/?parent=163238"}],"curies":[{"name":"wp","href":"https:\/\/api.w.org\/{rel}","templated":true}]}}