{"id":133228,"date":"2024-04-22T09:17:39","date_gmt":"2024-04-22T07:17:39","guid":{"rendered":"https:\/\/www.batgroup.com\/prodotto\/screeny-4-0-110-gpz-storm\/"},"modified":"2024-04-22T09:37:19","modified_gmt":"2024-04-22T07:37:19","slug":"screeny-4-0-110-gpz-storm","status":"publish","type":"product","link":"https:\/\/www.batgroup.com\/de\/prodotto\/screeny-4-0-110-gpz-storm\/","title":{"rendered":"SCREENY 4.0 110 GPZ STORM"},"content":{"rendered":"","protected":false},"excerpt":{"rendered":"<p>Senkrechtmarkise mit 110mm Kasten und verdeckt liegender Ausfallstange, ZIP-System. Geeignet zur Montage in Nische oder an Wand. Schnelle Befestigung und einfache Wartung. Die F\u00fchrungsschiene besteht aus zwei Profilen: F\u00fchrung und Abdeckung und ist so konzipiert, dass sie das mit ihr verbundene Abschlussprofil sowohl unter Einwirkung von starkem Winddruck als auch unter Einwirkung von St\u00f6\u00dfen h\u00e4lt. Bedienbar manuell oder mit Motor.<\/p>\n","protected":false},"featured_media":133196,"template":"","meta":{"_acf_changed":false},"class_list":["post-133228","product","type-product","status-publish","has-post-thumbnail","hentry","product_cat-screeny-de","product_cat-screeny-4-0-110-de"],"acf":[],"yoast_head":"<!-- This site is optimized with the Yoast SEO plugin v27.3 - https:\/\/yoast.com\/product\/yoast-seo-wordpress\/ -->\n<title>SCREENY 4.0 110 GPZ STORM - Bat Group<\/title>\n<meta name=\"description\" content=\"Senkrechtmarkise mit 110mm Kasten und verdeckt liegenderAusfallstange, ZIP-System. Geeignet zur Montage in Nischeoder an Wand.\" \/>\n<meta name=\"robots\" content=\"index, follow, max-snippet:-1, max-image-preview:large, max-video-preview:-1\" \/>\n<link rel=\"canonical\" href=\"https:\/\/www.batgroup.com\/de\/prodotto\/screeny-4-0-110-gpz-storm\/\" \/>\n<meta property=\"og:locale\" content=\"de_DE\" \/>\n<meta property=\"og:type\" content=\"article\" \/>\n<meta property=\"og:title\" content=\"SCREENY 4.0 110 GPZ STORM - Bat Group\" \/>\n<meta property=\"og:description\" content=\"Senkrechtmarkise mit 110mm Kasten und verdeckt liegenderAusfallstange, ZIP-System. Geeignet zur Montage in Nischeoder an Wand.\" \/>\n<meta property=\"og:url\" content=\"https:\/\/www.batgroup.com\/de\/prodotto\/screeny-4-0-110-gpz-storm\/\" \/>\n<meta property=\"og:site_name\" content=\"Bat Group\" \/>\n<meta property=\"article:modified_time\" content=\"2024-04-22T07:37:19+00:00\" \/>\n<meta property=\"og:image\" content=\"https:\/\/www.batgroup.com\/wp-content\/uploads\/2024\/04\/911.55.700.jpg\" \/>\n\t<meta property=\"og:image:width\" content=\"2102\" \/>\n\t<meta property=\"og:image:height\" content=\"2560\" \/>\n\t<meta property=\"og:image:type\" content=\"image\/jpeg\" \/>\n<meta name=\"twitter:card\" content=\"summary_large_image\" \/>\n<!-- \/ Yoast SEO plugin. -->","yoast_head_json":{"title":"SCREENY 4.0 110 GPZ STORM - Bat Group","description":"Senkrechtmarkise mit 110mm Kasten und verdeckt liegenderAusfallstange, ZIP-System. Geeignet zur Montage in Nischeoder an Wand.","robots":{"index":"index","follow":"follow","max-snippet":"max-snippet:-1","max-image-preview":"max-image-preview:large","max-video-preview":"max-video-preview:-1"},"canonical":"https:\/\/www.batgroup.com\/de\/prodotto\/screeny-4-0-110-gpz-storm\/","og_locale":"de_DE","og_type":"article","og_title":"SCREENY 4.0 110 GPZ STORM - Bat Group","og_description":"Senkrechtmarkise mit 110mm Kasten und verdeckt liegenderAusfallstange, ZIP-System. Geeignet zur Montage in Nischeoder an Wand.","og_url":"https:\/\/www.batgroup.com\/de\/prodotto\/screeny-4-0-110-gpz-storm\/","og_site_name":"Bat Group","article_modified_time":"2024-04-22T07:37:19+00:00","og_image":[{"width":2102,"height":2560,"url":"https:\/\/www.batgroup.com\/wp-content\/uploads\/2024\/04\/911.55.700.jpg","type":"image\/jpeg"}],"twitter_card":"summary_large_image","schema":{"@context":"https:\/\/schema.org","@graph":[{"@type":"WebPage","@id":"https:\/\/www.batgroup.com\/de\/prodotto\/screeny-4-0-110-gpz-storm\/","url":"https:\/\/www.batgroup.com\/de\/prodotto\/screeny-4-0-110-gpz-storm\/","name":"SCREENY 4.0 110 GPZ STORM - Bat Group","isPartOf":{"@id":"https:\/\/www.batgroup.com\/us\/#website"},"primaryImageOfPage":{"@id":"https:\/\/www.batgroup.com\/de\/prodotto\/screeny-4-0-110-gpz-storm\/#primaryimage"},"image":{"@id":"https:\/\/www.batgroup.com\/de\/prodotto\/screeny-4-0-110-gpz-storm\/#primaryimage"},"thumbnailUrl":"https:\/\/www.batgroup.com\/wp-content\/uploads\/2024\/04\/911.55.700.jpg","datePublished":"2024-04-22T07:17:39+00:00","dateModified":"2024-04-22T07:37:19+00:00","description":"Senkrechtmarkise mit 110mm Kasten und verdeckt liegenderAusfallstange, ZIP-System. Geeignet zur Montage in Nischeoder an Wand.","breadcrumb":{"@id":"https:\/\/www.batgroup.com\/de\/prodotto\/screeny-4-0-110-gpz-storm\/#breadcrumb"},"inLanguage":"de","potentialAction":[{"@type":"ReadAction","target":["https:\/\/www.batgroup.com\/de\/prodotto\/screeny-4-0-110-gpz-storm\/"]}]},{"@type":"ImageObject","inLanguage":"de","@id":"https:\/\/www.batgroup.com\/de\/prodotto\/screeny-4-0-110-gpz-storm\/#primaryimage","url":"https:\/\/www.batgroup.com\/wp-content\/uploads\/2024\/04\/911.55.700.jpg","contentUrl":"https:\/\/www.batgroup.com\/wp-content\/uploads\/2024\/04\/911.55.700.jpg","width":2102,"height":2560},{"@type":"BreadcrumbList","@id":"https:\/\/www.batgroup.com\/de\/prodotto\/screeny-4-0-110-gpz-storm\/#breadcrumb","itemListElement":[{"@type":"ListItem","position":1,"name":"Home","item":"https:\/\/www.batgroup.com\/de\/"},{"@type":"ListItem","position":2,"name":"Produkte","item":"https:\/\/www.batgroup.com\/de\/produkte\/"},{"@type":"ListItem","position":3,"name":"SCREENY 4.0 110 GPZ STORM"}]},{"@type":"WebSite","@id":"https:\/\/www.batgroup.com\/us\/#website","url":"https:\/\/www.batgroup.com\/us\/","name":"Bat Group","description":"Accessori e componenti per sistemi di schermatura solare","potentialAction":[{"@type":"SearchAction","target":{"@type":"EntryPoint","urlTemplate":"https:\/\/www.batgroup.com\/us\/?s={search_term_string}"},"query-input":{"@type":"PropertyValueSpecification","valueRequired":true,"valueName":"search_term_string"}}],"inLanguage":"de"}]}},"_links":{"self":[{"href":"https:\/\/www.batgroup.com\/de\/wp-json\/wp\/v2\/product\/133228\/"}],"collection":[{"href":"https:\/\/www.batgroup.com\/de\/wp-json\/wp\/v2\/product\/"}],"about":[{"href":"https:\/\/www.batgroup.com\/de\/wp-json\/wp\/v2\/types\/product\/"}],"wp:featuredmedia":[{"embeddable":true,"href":"https:\/\/www.batgroup.com\/de\/wp-json\/wp\/v2\/media\/133196\/"}],"wp:attachment":[{"href":"https:\/\/www.batgroup.com\/de\/wp-json\/wp\/v2\/media\/?parent=133228"}],"curies":[{"name":"wp","href":"https:\/\/api.w.org\/{rel}","templated":true}]}}