{"id":10688,"date":"2017-10-20T14:58:24","date_gmt":"2017-11-06T11:26:10","guid":{"rendered":"http:\/\/bat.itpowernet.it\/?post_type=product&#038;p=10688"},"modified":"2018-01-09T14:31:35","modified_gmt":"2018-01-09T13:31:35","slug":"patio-v3","status":"publish","type":"product","link":"https:\/\/www.batgroup.com\/de\/prodotto\/patio-v3\/","title":{"rendered":"PATIO V3"},"content":{"rendered":"","protected":false},"excerpt":{"rendered":"<p>PATIO V3 ist eine vielseitige und modulare Sonnenschutzanlage f\u00fcr Boden\/Wandmontage oder als Insel f\u00fcr Winterg\u00e4rten, Terrassen, Dachterrassen und Gartenbereiche geeignet.<\/p>\n<p>Die Besonderheit dieser Ausf\u00fchrung ist, dass die Seitenschlie\u00dfung mit senkrechten Markisen m\u00f6glich ist. Das obere Tuch, mit manueller Bet\u00e4tigung abgerollt, hat die klassische Wellenform und kann in beide Richtungen zusammengefaltet werden.<\/p>\n<p>Die besondere Aufmerksamkeit, die dem Design gewidmet wurde, macht die Markise zu einer guten Alternative zu Holzstrukturen.<\/p>\n","protected":false},"featured_media":7349,"template":"","meta":{"_acf_changed":false},"class_list":["post-10688","product","type-product","status-publish","has-post-thumbnail","hentry","product_cat-markisen","product_cat-verandas-und-wintergarten-markisen"],"acf":[],"yoast_head":"<!-- This site is optimized with the Yoast SEO plugin v27.3 - https:\/\/yoast.com\/product\/yoast-seo-wordpress\/ -->\n<title>Coperture per Verande Esterne - PATIO V3 - Bat Group<\/title>\n<meta name=\"description\" content=\"Una struttura modulare per la copertura di verande, terrazze e aree di giardino. Si possono aggiungere tessuti a scorrimento verticale lungo le pareti.\" \/>\n<meta name=\"robots\" content=\"index, follow, max-snippet:-1, max-image-preview:large, max-video-preview:-1\" \/>\n<link rel=\"canonical\" href=\"https:\/\/www.batgroup.com\/de\/prodotto\/patio-v3\/\" \/>\n<meta property=\"og:locale\" content=\"de_DE\" \/>\n<meta property=\"og:type\" content=\"article\" \/>\n<meta property=\"og:title\" content=\"Coperture per Verande Esterne - PATIO V3 - Bat Group\" \/>\n<meta property=\"og:description\" content=\"Una struttura modulare per la copertura di verande, terrazze e aree di giardino. Si possono aggiungere tessuti a scorrimento verticale lungo le pareti.\" \/>\n<meta property=\"og:url\" content=\"https:\/\/www.batgroup.com\/de\/prodotto\/patio-v3\/\" \/>\n<meta property=\"og:site_name\" content=\"Bat Group\" \/>\n<meta property=\"article:modified_time\" content=\"2018-01-09T13:31:35+00:00\" \/>\n<meta property=\"og:image\" content=\"https:\/\/www.batgroup.com\/wp-content\/uploads\/2017\/10\/tende_sole_Attici_Verande_Patio_V3.jpg\" \/>\n\t<meta property=\"og:image:width\" content=\"460\" \/>\n\t<meta property=\"og:image:height\" content=\"180\" \/>\n\t<meta property=\"og:image:type\" content=\"image\/jpeg\" \/>\n<meta name=\"twitter:card\" content=\"summary_large_image\" \/>\n<!-- \/ Yoast SEO plugin. -->","yoast_head_json":{"title":"Coperture per Verande Esterne - PATIO V3 - Bat Group","description":"Una struttura modulare per la copertura di verande, terrazze e aree di giardino. Si possono aggiungere tessuti a scorrimento verticale lungo le pareti.","robots":{"index":"index","follow":"follow","max-snippet":"max-snippet:-1","max-image-preview":"max-image-preview:large","max-video-preview":"max-video-preview:-1"},"canonical":"https:\/\/www.batgroup.com\/de\/prodotto\/patio-v3\/","og_locale":"de_DE","og_type":"article","og_title":"Coperture per Verande Esterne - PATIO V3 - Bat Group","og_description":"Una struttura modulare per la copertura di verande, terrazze e aree di giardino. Si possono aggiungere tessuti a scorrimento verticale lungo le pareti.","og_url":"https:\/\/www.batgroup.com\/de\/prodotto\/patio-v3\/","og_site_name":"Bat Group","article_modified_time":"2018-01-09T13:31:35+00:00","og_image":[{"width":460,"height":180,"url":"https:\/\/www.batgroup.com\/wp-content\/uploads\/2017\/10\/tende_sole_Attici_Verande_Patio_V3.jpg","type":"image\/jpeg"}],"twitter_card":"summary_large_image","schema":{"@context":"https:\/\/schema.org","@graph":[{"@type":"WebPage","@id":"https:\/\/www.batgroup.com\/de\/prodotto\/patio-v3\/","url":"https:\/\/www.batgroup.com\/de\/prodotto\/patio-v3\/","name":"Coperture per Verande Esterne - PATIO V3 - Bat Group","isPartOf":{"@id":"https:\/\/www.batgroup.com\/us\/#website"},"primaryImageOfPage":{"@id":"https:\/\/www.batgroup.com\/de\/prodotto\/patio-v3\/#primaryimage"},"image":{"@id":"https:\/\/www.batgroup.com\/de\/prodotto\/patio-v3\/#primaryimage"},"thumbnailUrl":"https:\/\/www.batgroup.com\/wp-content\/uploads\/2017\/10\/tende_sole_Attici_Verande_Patio_V3.jpg","datePublished":"2017-11-06T11:26:10+00:00","dateModified":"2018-01-09T13:31:35+00:00","description":"Una struttura modulare per la copertura di verande, terrazze e aree di giardino. Si possono aggiungere tessuti a scorrimento verticale lungo le pareti.","breadcrumb":{"@id":"https:\/\/www.batgroup.com\/de\/prodotto\/patio-v3\/#breadcrumb"},"inLanguage":"de","potentialAction":[{"@type":"ReadAction","target":["https:\/\/www.batgroup.com\/de\/prodotto\/patio-v3\/"]}]},{"@type":"ImageObject","inLanguage":"de","@id":"https:\/\/www.batgroup.com\/de\/prodotto\/patio-v3\/#primaryimage","url":"https:\/\/www.batgroup.com\/wp-content\/uploads\/2017\/10\/tende_sole_Attici_Verande_Patio_V3.jpg","contentUrl":"https:\/\/www.batgroup.com\/wp-content\/uploads\/2017\/10\/tende_sole_Attici_Verande_Patio_V3.jpg","width":460,"height":180},{"@type":"BreadcrumbList","@id":"https:\/\/www.batgroup.com\/de\/prodotto\/patio-v3\/#breadcrumb","itemListElement":[{"@type":"ListItem","position":1,"name":"Home","item":"https:\/\/www.batgroup.com\/de\/"},{"@type":"ListItem","position":2,"name":"Produkte","item":"https:\/\/www.batgroup.com\/de\/produkte\/"},{"@type":"ListItem","position":3,"name":"PATIO V3"}]},{"@type":"WebSite","@id":"https:\/\/www.batgroup.com\/us\/#website","url":"https:\/\/www.batgroup.com\/us\/","name":"Bat Group","description":"Accessori e componenti per sistemi di schermatura solare","potentialAction":[{"@type":"SearchAction","target":{"@type":"EntryPoint","urlTemplate":"https:\/\/www.batgroup.com\/us\/?s={search_term_string}"},"query-input":{"@type":"PropertyValueSpecification","valueRequired":true,"valueName":"search_term_string"}}],"inLanguage":"de"}]}},"_links":{"self":[{"href":"https:\/\/www.batgroup.com\/de\/wp-json\/wp\/v2\/product\/10688\/"}],"collection":[{"href":"https:\/\/www.batgroup.com\/de\/wp-json\/wp\/v2\/product\/"}],"about":[{"href":"https:\/\/www.batgroup.com\/de\/wp-json\/wp\/v2\/types\/product\/"}],"wp:featuredmedia":[{"embeddable":true,"href":"https:\/\/www.batgroup.com\/de\/wp-json\/wp\/v2\/media\/7349\/"}],"wp:attachment":[{"href":"https:\/\/www.batgroup.com\/de\/wp-json\/wp\/v2\/media\/?parent=10688"}],"curies":[{"name":"wp","href":"https:\/\/api.w.org\/{rel}","templated":true}]}}