{"id":10666,"date":"2017-10-25T09:57:14","date_gmt":"2017-11-06T10:50:48","guid":{"rendered":"http:\/\/bat.itpowernet.it\/?post_type=product&#038;p=10666"},"modified":"2020-02-21T15:51:25","modified_gmt":"2020-02-21T14:51:25","slug":"screeny-130-gpz-unica-m","status":"publish","type":"product","link":"https:\/\/www.batgroup.com\/de\/prodotto\/screeny-130-gpz-unica-m\/","title":{"rendered":"SCREENY 130 GPZ UNICA M"},"content":{"rendered":"","protected":false},"excerpt":{"rendered":"<p>Fenster- und Fassadenmarkise mit eckigem oder rundem 130mm Kasten, ZIP-System und freitragender H\u00fclse. Geeignet f\u00fcr Montage in T\u00fcren- und Fensterrahmen, sowohl in Nische als auch an der Wand. Schnelle Befestigung und einfache Wartung. Die F\u00fchrungsschiene besteht aus zwei Profilen: Montage- und Abdeckungsprofil. Die schmalere F\u00fchrungsschiene (36mm) wurde ausschlie\u00dflich f\u00fcr Anlagen mit Motor entwickelt.<\/p>\n","protected":false},"featured_media":8705,"template":"","meta":{"_acf_changed":false},"class_list":["post-10666","product","type-product","status-publish","has-post-thumbnail","hentry","product_cat-screeny-de","product_cat-screeny-130-de"],"acf":[],"yoast_head":"<!-- This site is optimized with the Yoast SEO plugin v27.3 - https:\/\/yoast.com\/product\/yoast-seo-wordpress\/ -->\n<title>Tende da Sole Moderne - SCREENY 130 GPZ UNICA M - Bat Group<\/title>\n<meta name=\"description\" content=\"La modernit\u00e0 \u00e8 di casa in BAT Group, guarda e approfondisci la nostra vasta gamma di tende da sole verticali come la SCREENY 130 GPZ UNICA M.\" \/>\n<meta name=\"robots\" content=\"index, follow, max-snippet:-1, max-image-preview:large, max-video-preview:-1\" \/>\n<link rel=\"canonical\" href=\"https:\/\/www.batgroup.com\/de\/prodotto\/screeny-130-gpz-unica-m\/\" \/>\n<meta property=\"og:locale\" content=\"de_DE\" \/>\n<meta property=\"og:type\" content=\"article\" \/>\n<meta property=\"og:title\" content=\"Tende da Sole Moderne - SCREENY 130 GPZ UNICA M - Bat Group\" \/>\n<meta property=\"og:description\" content=\"La modernit\u00e0 \u00e8 di casa in BAT Group, guarda e approfondisci la nostra vasta gamma di tende da sole verticali come la SCREENY 130 GPZ UNICA M.\" \/>\n<meta property=\"og:url\" content=\"https:\/\/www.batgroup.com\/de\/prodotto\/screeny-130-gpz-unica-m\/\" \/>\n<meta property=\"og:site_name\" content=\"Bat Group\" \/>\n<meta property=\"article:modified_time\" content=\"2020-02-21T14:51:25+00:00\" \/>\n<meta property=\"og:image\" content=\"https:\/\/www.batgroup.com\/wp-content\/uploads\/2017\/10\/tende_rullo_verticale_Screeny130_Gpz_Unica_M.jpg\" \/>\n\t<meta property=\"og:image:width\" content=\"460\" \/>\n\t<meta property=\"og:image:height\" content=\"180\" \/>\n\t<meta property=\"og:image:type\" content=\"image\/jpeg\" \/>\n<meta name=\"twitter:card\" content=\"summary_large_image\" \/>\n<!-- \/ Yoast SEO plugin. -->","yoast_head_json":{"title":"Tende da Sole Moderne - SCREENY 130 GPZ UNICA M - Bat Group","description":"La modernit\u00e0 \u00e8 di casa in BAT Group, guarda e approfondisci la nostra vasta gamma di tende da sole verticali come la SCREENY 130 GPZ UNICA M.","robots":{"index":"index","follow":"follow","max-snippet":"max-snippet:-1","max-image-preview":"max-image-preview:large","max-video-preview":"max-video-preview:-1"},"canonical":"https:\/\/www.batgroup.com\/de\/prodotto\/screeny-130-gpz-unica-m\/","og_locale":"de_DE","og_type":"article","og_title":"Tende da Sole Moderne - SCREENY 130 GPZ UNICA M - Bat Group","og_description":"La modernit\u00e0 \u00e8 di casa in BAT Group, guarda e approfondisci la nostra vasta gamma di tende da sole verticali come la SCREENY 130 GPZ UNICA M.","og_url":"https:\/\/www.batgroup.com\/de\/prodotto\/screeny-130-gpz-unica-m\/","og_site_name":"Bat Group","article_modified_time":"2020-02-21T14:51:25+00:00","og_image":[{"width":460,"height":180,"url":"https:\/\/www.batgroup.com\/wp-content\/uploads\/2017\/10\/tende_rullo_verticale_Screeny130_Gpz_Unica_M.jpg","type":"image\/jpeg"}],"twitter_card":"summary_large_image","schema":{"@context":"https:\/\/schema.org","@graph":[{"@type":"WebPage","@id":"https:\/\/www.batgroup.com\/de\/prodotto\/screeny-130-gpz-unica-m\/","url":"https:\/\/www.batgroup.com\/de\/prodotto\/screeny-130-gpz-unica-m\/","name":"Tende da Sole Moderne - SCREENY 130 GPZ UNICA M - Bat Group","isPartOf":{"@id":"https:\/\/www.batgroup.com\/us\/#website"},"primaryImageOfPage":{"@id":"https:\/\/www.batgroup.com\/de\/prodotto\/screeny-130-gpz-unica-m\/#primaryimage"},"image":{"@id":"https:\/\/www.batgroup.com\/de\/prodotto\/screeny-130-gpz-unica-m\/#primaryimage"},"thumbnailUrl":"https:\/\/www.batgroup.com\/wp-content\/uploads\/2017\/10\/tende_rullo_verticale_Screeny130_Gpz_Unica_M.jpg","datePublished":"2017-11-06T10:50:48+00:00","dateModified":"2020-02-21T14:51:25+00:00","description":"La modernit\u00e0 \u00e8 di casa in BAT Group, guarda e approfondisci la nostra vasta gamma di tende da sole verticali come la SCREENY 130 GPZ UNICA M.","breadcrumb":{"@id":"https:\/\/www.batgroup.com\/de\/prodotto\/screeny-130-gpz-unica-m\/#breadcrumb"},"inLanguage":"de","potentialAction":[{"@type":"ReadAction","target":["https:\/\/www.batgroup.com\/de\/prodotto\/screeny-130-gpz-unica-m\/"]}]},{"@type":"ImageObject","inLanguage":"de","@id":"https:\/\/www.batgroup.com\/de\/prodotto\/screeny-130-gpz-unica-m\/#primaryimage","url":"https:\/\/www.batgroup.com\/wp-content\/uploads\/2017\/10\/tende_rullo_verticale_Screeny130_Gpz_Unica_M.jpg","contentUrl":"https:\/\/www.batgroup.com\/wp-content\/uploads\/2017\/10\/tende_rullo_verticale_Screeny130_Gpz_Unica_M.jpg","width":460,"height":180},{"@type":"BreadcrumbList","@id":"https:\/\/www.batgroup.com\/de\/prodotto\/screeny-130-gpz-unica-m\/#breadcrumb","itemListElement":[{"@type":"ListItem","position":1,"name":"Home","item":"https:\/\/www.batgroup.com\/de\/"},{"@type":"ListItem","position":2,"name":"Produkte","item":"https:\/\/www.batgroup.com\/de\/produkte\/"},{"@type":"ListItem","position":3,"name":"SCREENY 130 GPZ UNICA M"}]},{"@type":"WebSite","@id":"https:\/\/www.batgroup.com\/us\/#website","url":"https:\/\/www.batgroup.com\/us\/","name":"Bat Group","description":"Accessori e componenti per sistemi di schermatura solare","potentialAction":[{"@type":"SearchAction","target":{"@type":"EntryPoint","urlTemplate":"https:\/\/www.batgroup.com\/us\/?s={search_term_string}"},"query-input":{"@type":"PropertyValueSpecification","valueRequired":true,"valueName":"search_term_string"}}],"inLanguage":"de"}]}},"_links":{"self":[{"href":"https:\/\/www.batgroup.com\/de\/wp-json\/wp\/v2\/product\/10666\/"}],"collection":[{"href":"https:\/\/www.batgroup.com\/de\/wp-json\/wp\/v2\/product\/"}],"about":[{"href":"https:\/\/www.batgroup.com\/de\/wp-json\/wp\/v2\/types\/product\/"}],"wp:featuredmedia":[{"embeddable":true,"href":"https:\/\/www.batgroup.com\/de\/wp-json\/wp\/v2\/media\/8705\/"}],"wp:attachment":[{"href":"https:\/\/www.batgroup.com\/de\/wp-json\/wp\/v2\/media\/?parent=10666"}],"curies":[{"name":"wp","href":"https:\/\/api.w.org\/{rel}","templated":true}]}}