{"id":10663,"date":"2017-10-25T09:30:12","date_gmt":"2017-11-06T10:47:34","guid":{"rendered":"http:\/\/bat.itpowernet.it\/?post_type=product&#038;p=10663"},"modified":"2017-11-07T18:37:14","modified_gmt":"2017-11-07T17:37:14","slug":"screeny-130-gpz-tens-to","status":"publish","type":"product","link":"https:\/\/www.batgroup.com\/de\/prodotto\/screeny-130-gpz-tens-to\/","title":{"rendered":"SCREENY 130 GPZ TENS TO"},"content":{"rendered":"","protected":false},"excerpt":{"rendered":"<p>130mm Kassettenmarkise erh\u00e4ltlich nur in eckiger Version, mit Zipf\u00fchrung ausgestattet. Dank der Spannung des Tuches kann sie als Abdeckung bei Winterg\u00e4rten, Glasd\u00e4chern oder im allgemeinen bei Veranden installiert werden. Sie ist zur Wand oder Deckenmontage geeignet. Nur mit Motorantrieb m\u00f6glich.<\/p>\n","protected":false},"featured_media":8569,"template":"","meta":{"_acf_changed":false},"class_list":["post-10663","product","type-product","status-publish","has-post-thumbnail","hentry","product_cat-screeny-de","product_cat-screeny-130-de"],"acf":[],"yoast_head":"<!-- This site is optimized with the Yoast SEO plugin v27.3 - https:\/\/yoast.com\/product\/yoast-seo-wordpress\/ -->\n<title>Tende Orizzontali per Esterni - SCREENY 130 GPZ TENS TO - Bat Group<\/title>\n<meta name=\"description\" content=\"Per tenere al riparo da luce e intemperie i tuoi spazi esterni come verande o giardini installa SCREENY 130 GPZ TENS TO. Guarda le caratteristiche tecniche.\" \/>\n<meta name=\"robots\" content=\"index, follow, max-snippet:-1, max-image-preview:large, max-video-preview:-1\" \/>\n<link rel=\"canonical\" href=\"https:\/\/www.batgroup.com\/de\/prodotto\/screeny-130-gpz-tens-to\/\" \/>\n<meta property=\"og:locale\" content=\"de_DE\" \/>\n<meta property=\"og:type\" content=\"article\" \/>\n<meta property=\"og:title\" content=\"Tende Orizzontali per Esterni - SCREENY 130 GPZ TENS TO - Bat Group\" \/>\n<meta property=\"og:description\" content=\"Per tenere al riparo da luce e intemperie i tuoi spazi esterni come verande o giardini installa SCREENY 130 GPZ TENS TO. Guarda le caratteristiche tecniche.\" \/>\n<meta property=\"og:url\" content=\"https:\/\/www.batgroup.com\/de\/prodotto\/screeny-130-gpz-tens-to\/\" \/>\n<meta property=\"og:site_name\" content=\"Bat Group\" \/>\n<meta property=\"article:modified_time\" content=\"2017-11-07T17:37:14+00:00\" \/>\n<meta property=\"og:image\" content=\"https:\/\/www.batgroup.com\/wp-content\/uploads\/2017\/10\/tende_rullo_verticale_Screeny130_Gpz_Tens_To.jpg\" \/>\n\t<meta property=\"og:image:width\" content=\"460\" \/>\n\t<meta property=\"og:image:height\" content=\"180\" \/>\n\t<meta property=\"og:image:type\" content=\"image\/jpeg\" \/>\n<meta name=\"twitter:card\" content=\"summary_large_image\" \/>\n<!-- \/ Yoast SEO plugin. -->","yoast_head_json":{"title":"Tende Orizzontali per Esterni - SCREENY 130 GPZ TENS TO - Bat Group","description":"Per tenere al riparo da luce e intemperie i tuoi spazi esterni come verande o giardini installa SCREENY 130 GPZ TENS TO. Guarda le caratteristiche tecniche.","robots":{"index":"index","follow":"follow","max-snippet":"max-snippet:-1","max-image-preview":"max-image-preview:large","max-video-preview":"max-video-preview:-1"},"canonical":"https:\/\/www.batgroup.com\/de\/prodotto\/screeny-130-gpz-tens-to\/","og_locale":"de_DE","og_type":"article","og_title":"Tende Orizzontali per Esterni - SCREENY 130 GPZ TENS TO - Bat Group","og_description":"Per tenere al riparo da luce e intemperie i tuoi spazi esterni come verande o giardini installa SCREENY 130 GPZ TENS TO. Guarda le caratteristiche tecniche.","og_url":"https:\/\/www.batgroup.com\/de\/prodotto\/screeny-130-gpz-tens-to\/","og_site_name":"Bat Group","article_modified_time":"2017-11-07T17:37:14+00:00","og_image":[{"width":460,"height":180,"url":"https:\/\/www.batgroup.com\/wp-content\/uploads\/2017\/10\/tende_rullo_verticale_Screeny130_Gpz_Tens_To.jpg","type":"image\/jpeg"}],"twitter_card":"summary_large_image","schema":{"@context":"https:\/\/schema.org","@graph":[{"@type":"WebPage","@id":"https:\/\/www.batgroup.com\/de\/prodotto\/screeny-130-gpz-tens-to\/","url":"https:\/\/www.batgroup.com\/de\/prodotto\/screeny-130-gpz-tens-to\/","name":"Tende Orizzontali per Esterni - SCREENY 130 GPZ TENS TO - Bat Group","isPartOf":{"@id":"https:\/\/www.batgroup.com\/us\/#website"},"primaryImageOfPage":{"@id":"https:\/\/www.batgroup.com\/de\/prodotto\/screeny-130-gpz-tens-to\/#primaryimage"},"image":{"@id":"https:\/\/www.batgroup.com\/de\/prodotto\/screeny-130-gpz-tens-to\/#primaryimage"},"thumbnailUrl":"https:\/\/www.batgroup.com\/wp-content\/uploads\/2017\/10\/tende_rullo_verticale_Screeny130_Gpz_Tens_To.jpg","datePublished":"2017-11-06T10:47:34+00:00","dateModified":"2017-11-07T17:37:14+00:00","description":"Per tenere al riparo da luce e intemperie i tuoi spazi esterni come verande o giardini installa SCREENY 130 GPZ TENS TO. Guarda le caratteristiche tecniche.","breadcrumb":{"@id":"https:\/\/www.batgroup.com\/de\/prodotto\/screeny-130-gpz-tens-to\/#breadcrumb"},"inLanguage":"de","potentialAction":[{"@type":"ReadAction","target":["https:\/\/www.batgroup.com\/de\/prodotto\/screeny-130-gpz-tens-to\/"]}]},{"@type":"ImageObject","inLanguage":"de","@id":"https:\/\/www.batgroup.com\/de\/prodotto\/screeny-130-gpz-tens-to\/#primaryimage","url":"https:\/\/www.batgroup.com\/wp-content\/uploads\/2017\/10\/tende_rullo_verticale_Screeny130_Gpz_Tens_To.jpg","contentUrl":"https:\/\/www.batgroup.com\/wp-content\/uploads\/2017\/10\/tende_rullo_verticale_Screeny130_Gpz_Tens_To.jpg","width":460,"height":180},{"@type":"BreadcrumbList","@id":"https:\/\/www.batgroup.com\/de\/prodotto\/screeny-130-gpz-tens-to\/#breadcrumb","itemListElement":[{"@type":"ListItem","position":1,"name":"Home","item":"https:\/\/www.batgroup.com\/de\/"},{"@type":"ListItem","position":2,"name":"Produkte","item":"https:\/\/www.batgroup.com\/de\/produkte\/"},{"@type":"ListItem","position":3,"name":"SCREENY 130 GPZ TENS TO"}]},{"@type":"WebSite","@id":"https:\/\/www.batgroup.com\/us\/#website","url":"https:\/\/www.batgroup.com\/us\/","name":"Bat Group","description":"Accessori e componenti per sistemi di schermatura solare","potentialAction":[{"@type":"SearchAction","target":{"@type":"EntryPoint","urlTemplate":"https:\/\/www.batgroup.com\/us\/?s={search_term_string}"},"query-input":{"@type":"PropertyValueSpecification","valueRequired":true,"valueName":"search_term_string"}}],"inLanguage":"de"}]}},"_links":{"self":[{"href":"https:\/\/www.batgroup.com\/de\/wp-json\/wp\/v2\/product\/10663\/"}],"collection":[{"href":"https:\/\/www.batgroup.com\/de\/wp-json\/wp\/v2\/product\/"}],"about":[{"href":"https:\/\/www.batgroup.com\/de\/wp-json\/wp\/v2\/types\/product\/"}],"wp:featuredmedia":[{"embeddable":true,"href":"https:\/\/www.batgroup.com\/de\/wp-json\/wp\/v2\/media\/8569\/"}],"wp:attachment":[{"href":"https:\/\/www.batgroup.com\/de\/wp-json\/wp\/v2\/media\/?parent=10663"}],"curies":[{"name":"wp","href":"https:\/\/api.w.org\/{rel}","templated":true}]}}