{"id":10646,"date":"2017-10-24T12:57:01","date_gmt":"2017-11-06T10:08:22","guid":{"rendered":"http:\/\/bat.itpowernet.it\/?post_type=product&#038;p=10646"},"modified":"2017-11-07T18:37:32","modified_gmt":"2017-11-07T17:37:32","slug":"screeny-110-gpz-tens-t","status":"publish","type":"product","link":"https:\/\/www.batgroup.com\/de\/prodotto\/screeny-110-gpz-tens-t\/","title":{"rendered":"SCREENY 110 GPZ TENS T"},"content":{"rendered":"","protected":false},"excerpt":{"rendered":"<p>110mm Kassettenmarkise erh\u00e4ltlich nur in eckiger Version, mit Zipf\u00fchrung und selbsttragendem Kasten ausgestattet. Geeignet zur Montage auf Fensterrahmen, in Nischen oder auf W\u00e4nden. Dank der Spannung des Tuches kann sie auch in geneigter Position montiert werden. Nur mit Motorantrieb m\u00f6glich.<\/p>\n","protected":false},"featured_media":8408,"template":"","meta":{"_acf_changed":false},"class_list":["post-10646","product","type-product","status-publish","has-post-thumbnail","hentry","product_cat-screeny-de","product_cat-screeny-110-de"],"acf":[],"yoast_head":"<!-- This site is optimized with the Yoast SEO plugin v27.3 - https:\/\/yoast.com\/product\/yoast-seo-wordpress\/ -->\n<title>Tenda da Sole con Motore - SCREENY 110 GPZ TENS T - Bat Group<\/title>\n<meta name=\"description\" content=\"&quot;Questa tenda da sole funziona esclusivamente con motore ma grazieal sistema di tensionamento lavora anche in posizione inclinata. Vedi la scheda tecnica.&quot;\" \/>\n<meta name=\"robots\" content=\"index, follow, max-snippet:-1, max-image-preview:large, max-video-preview:-1\" \/>\n<link rel=\"canonical\" href=\"https:\/\/www.batgroup.com\/de\/prodotto\/screeny-110-gpz-tens-t\/\" \/>\n<meta property=\"og:locale\" content=\"de_DE\" \/>\n<meta property=\"og:type\" content=\"article\" \/>\n<meta property=\"og:title\" content=\"Tenda da Sole con Motore - SCREENY 110 GPZ TENS T - Bat Group\" \/>\n<meta property=\"og:description\" content=\"&quot;Questa tenda da sole funziona esclusivamente con motore ma grazieal sistema di tensionamento lavora anche in posizione inclinata. Vedi la scheda tecnica.&quot;\" \/>\n<meta property=\"og:url\" content=\"https:\/\/www.batgroup.com\/de\/prodotto\/screeny-110-gpz-tens-t\/\" \/>\n<meta property=\"og:site_name\" content=\"Bat Group\" \/>\n<meta property=\"article:modified_time\" content=\"2017-11-07T17:37:32+00:00\" \/>\n<meta property=\"og:image\" content=\"https:\/\/www.batgroup.com\/wp-content\/uploads\/2017\/10\/tende_rullo_verticale_Screeny110_Gpz_Tens_T.jpg\" \/>\n\t<meta property=\"og:image:width\" content=\"460\" \/>\n\t<meta property=\"og:image:height\" content=\"180\" \/>\n\t<meta property=\"og:image:type\" content=\"image\/jpeg\" \/>\n<meta name=\"twitter:card\" content=\"summary_large_image\" \/>\n<!-- \/ Yoast SEO plugin. -->","yoast_head_json":{"title":"Tenda da Sole con Motore - SCREENY 110 GPZ TENS T - Bat Group","description":"\"Questa tenda da sole funziona esclusivamente con motore ma grazieal sistema di tensionamento lavora anche in posizione inclinata. Vedi la scheda tecnica.\"","robots":{"index":"index","follow":"follow","max-snippet":"max-snippet:-1","max-image-preview":"max-image-preview:large","max-video-preview":"max-video-preview:-1"},"canonical":"https:\/\/www.batgroup.com\/de\/prodotto\/screeny-110-gpz-tens-t\/","og_locale":"de_DE","og_type":"article","og_title":"Tenda da Sole con Motore - SCREENY 110 GPZ TENS T - Bat Group","og_description":"\"Questa tenda da sole funziona esclusivamente con motore ma grazieal sistema di tensionamento lavora anche in posizione inclinata. Vedi la scheda tecnica.\"","og_url":"https:\/\/www.batgroup.com\/de\/prodotto\/screeny-110-gpz-tens-t\/","og_site_name":"Bat Group","article_modified_time":"2017-11-07T17:37:32+00:00","og_image":[{"width":460,"height":180,"url":"https:\/\/www.batgroup.com\/wp-content\/uploads\/2017\/10\/tende_rullo_verticale_Screeny110_Gpz_Tens_T.jpg","type":"image\/jpeg"}],"twitter_card":"summary_large_image","schema":{"@context":"https:\/\/schema.org","@graph":[{"@type":"WebPage","@id":"https:\/\/www.batgroup.com\/de\/prodotto\/screeny-110-gpz-tens-t\/","url":"https:\/\/www.batgroup.com\/de\/prodotto\/screeny-110-gpz-tens-t\/","name":"Tenda da Sole con Motore - SCREENY 110 GPZ TENS T - Bat Group","isPartOf":{"@id":"https:\/\/www.batgroup.com\/us\/#website"},"primaryImageOfPage":{"@id":"https:\/\/www.batgroup.com\/de\/prodotto\/screeny-110-gpz-tens-t\/#primaryimage"},"image":{"@id":"https:\/\/www.batgroup.com\/de\/prodotto\/screeny-110-gpz-tens-t\/#primaryimage"},"thumbnailUrl":"https:\/\/www.batgroup.com\/wp-content\/uploads\/2017\/10\/tende_rullo_verticale_Screeny110_Gpz_Tens_T.jpg","datePublished":"2017-11-06T10:08:22+00:00","dateModified":"2017-11-07T17:37:32+00:00","description":"\"Questa tenda da sole funziona esclusivamente con motore ma grazieal sistema di tensionamento lavora anche in posizione inclinata. Vedi la scheda tecnica.\"","breadcrumb":{"@id":"https:\/\/www.batgroup.com\/de\/prodotto\/screeny-110-gpz-tens-t\/#breadcrumb"},"inLanguage":"de","potentialAction":[{"@type":"ReadAction","target":["https:\/\/www.batgroup.com\/de\/prodotto\/screeny-110-gpz-tens-t\/"]}]},{"@type":"ImageObject","inLanguage":"de","@id":"https:\/\/www.batgroup.com\/de\/prodotto\/screeny-110-gpz-tens-t\/#primaryimage","url":"https:\/\/www.batgroup.com\/wp-content\/uploads\/2017\/10\/tende_rullo_verticale_Screeny110_Gpz_Tens_T.jpg","contentUrl":"https:\/\/www.batgroup.com\/wp-content\/uploads\/2017\/10\/tende_rullo_verticale_Screeny110_Gpz_Tens_T.jpg","width":460,"height":180},{"@type":"BreadcrumbList","@id":"https:\/\/www.batgroup.com\/de\/prodotto\/screeny-110-gpz-tens-t\/#breadcrumb","itemListElement":[{"@type":"ListItem","position":1,"name":"Home","item":"https:\/\/www.batgroup.com\/de\/"},{"@type":"ListItem","position":2,"name":"Produkte","item":"https:\/\/www.batgroup.com\/de\/produkte\/"},{"@type":"ListItem","position":3,"name":"SCREENY 110 GPZ TENS T"}]},{"@type":"WebSite","@id":"https:\/\/www.batgroup.com\/us\/#website","url":"https:\/\/www.batgroup.com\/us\/","name":"Bat Group","description":"Accessori e componenti per sistemi di schermatura solare","potentialAction":[{"@type":"SearchAction","target":{"@type":"EntryPoint","urlTemplate":"https:\/\/www.batgroup.com\/us\/?s={search_term_string}"},"query-input":{"@type":"PropertyValueSpecification","valueRequired":true,"valueName":"search_term_string"}}],"inLanguage":"de"}]}},"_links":{"self":[{"href":"https:\/\/www.batgroup.com\/de\/wp-json\/wp\/v2\/product\/10646\/"}],"collection":[{"href":"https:\/\/www.batgroup.com\/de\/wp-json\/wp\/v2\/product\/"}],"about":[{"href":"https:\/\/www.batgroup.com\/de\/wp-json\/wp\/v2\/types\/product\/"}],"wp:featuredmedia":[{"embeddable":true,"href":"https:\/\/www.batgroup.com\/de\/wp-json\/wp\/v2\/media\/8408\/"}],"wp:attachment":[{"href":"https:\/\/www.batgroup.com\/de\/wp-json\/wp\/v2\/media\/?parent=10646"}],"curies":[{"name":"wp","href":"https:\/\/api.w.org\/{rel}","templated":true}]}}