{"id":12046,"date":"2017-10-04T12:26:35","date_gmt":"2017-10-04T10:26:35","guid":{"rendered":"http:\/\/bat.itpowernet.it\/qualita-e-certificazione\/"},"modified":"2022-04-22T16:46:03","modified_gmt":"2022-04-22T14:46:03","slug":"qualitaet-und-zertifizierung","status":"publish","type":"page","link":"https:\/\/www.batgroup.com\/de\/qualitaet-und-zertifizierung\/","title":{"rendered":"Qualit\u00e4t und Zertifizierung"},"content":{"rendered":"<p>[vc_row layout=&#8221;boxed&#8221; el_class=&#8221;margin-bottom-30&#8243;][vc_column width=&#8221;1\/4&#8243; el_class=&#8221;col-md-3 col-sm-12&#8243;]            <div class=\"heading color-dark size-md text-left \" >\n                                <div class=\"line-single\">\n                                                        <h2>\n                        Qualit\u00e4t                     <\/h2>\n                                    <\/div>\n                            <\/div>\n            [\/vc_column][vc_column width=&#8221;3\/4&#8243; el_class=&#8221;col-md-9 col-sm-12&#8243;][vc_column_text]Qualit\u00e4t und Sicherheit sind die Haupteigenschaften der Produkte von BAT. In dem wir diese Eigenschaften st\u00e4ndig befolgen und kontrollieren, verf\u00fcgt BAT \u00fcber die metrologische Ausstattung, die regelm\u00e4\u00dfigen Kontrollen unterzogen wird, sowie \u00fcber \u00dcberpr\u00fcfungsmuster f\u00fcr die Produktionsabteilungen und \u00dcberpr\u00fcfungsanleitungen mit Formularen f\u00fcr die Datensammlung zu entsprechenden kritischen Prozessphasen.<br \/>\nBAT ist au\u00dferdem ausgestattet mit einem Pr\u00fcflabor, um Best\u00e4ndigkeitstest auf einzelne Komponenten und fertigen Markisen durchzuf\u00fchren, mit einer dynamometrischen Werkbank f\u00fcr die \u00dcberpr\u00fcfung der Federspannung, einem Werkplatz f\u00fcr die \u00dcberpr\u00fcfung der Spannung der Gelenkarme, sowie \u00fcber Maschinen zur zyklischen Belastungs\u00fcberpr\u00fcfung der ausfahrbaren Arme.[\/vc_column_text][\/vc_column][\/vc_row][vc_row layout=&#8221;fullwidth-visible&#8221; el_class=&#8221;margin-bottom-0&#8243; css=&#8221;.vc_custom_1511859510087{padding-top: 60px !important;padding-right: 50px !important;padding-bottom: 60px !important;padding-left: 40px !important;background-color: #eeeeee !important;}&#8221;][vc_column][vc_row_inner layout=&#8221;boxed&#8221;][vc_column_inner width=&#8221;1\/4&#8243;]            <div class=\"heading color-dark size-md text-left \" >\n                                <div class=\"line-single\">\n                                                        <h2>\n                        zertifizierung                    <\/h2>\n                                    <\/div>\n                            <\/div>\n            [\/vc_column_inner][vc_column_inner width=&#8221;3\/4&#8243;][vc_column_text]Das Labor verf\u00fcgt au\u00dferdem \u00fcber zwei Spannrahmen f\u00fcr fertige Markisen, unabh\u00e4ngig davon, ob es sich dabei um Gelenkarm-Markisen, Fallarm-Markisen, Screen oder Anlagen f\u00fcr gro\u00dfe \u00dcberdachungen handelt, die gem\u00e4\u00df den europ\u00e4ischen Normen EN 13561 und EN 1932 getestet werden.<br \/>\nDie Ergebnisse des Tests zur Windbest\u00e4ndigkeit sind ein wichtiges Element f\u00fcr die CE Zertifizierung, die heutzutage Pflicht ist.<br \/>\nBAT hat die Zertifizierungen des Produkts erneuert und implementiert und wir freuen uns daher mitzuteilen, dass die neuen Tests, auch eine Best\u00e4ndigkeits- \u201eGarantie\u201c gegen Wassertaschen bieten, zus\u00e4tzlich zur Erh\u00f6hung der Akkreditierungsklasse bei einigen Modellen.[\/vc_column_text]            <div class=\"heading color-dark size-sm text-left margin-top-60\" >\n                                                        <h2>\n                        CE-ZERTIFIZIERUNG                    <\/h2>\n                                <\/div>\n            [vc_column_text]BAT erm\u00f6glicht es den eigenen Kunden, kostenlos, \u00fcber die Ergebnisse eines jeden Tests zu verf\u00fcgen, um eine Autozertifizierung zu erm\u00f6glichen und so das CE-Etikett auf dem fertigen Produkt anbringen zu k\u00f6nnen. F\u00fcr BAT ist die CE-Zertifizierung der eigenen Produkte eine weitere Garantie f\u00fcr die Effizienz, Best\u00e4ndigkeit und Langlebigkeit der Produkte.[\/vc_column_text]            <div class=\"heading color-dark size-sm text-left margin-top-60\" >\n                                                        <h2>\n                        AEO-ZERTIFIZIERUNG                    <\/h2>\n                                <\/div>\n            [vc_column_text]BAT Spa wurde die von den Zollbeh\u00f6rden ausgestellte AEO-Zertifizierung als zugelassener Wirtschaftsbeteiligter (Bewilligung Nr. n IT AEOF 21 1847) erteilt. Ein wichtiger Meilenstein, der die Zuverl\u00e4ssigkeit, Effizienz und Sicherheit von BAT Spa gegen\u00fcber dem Markt bescheinigt, die Zahlungsf\u00e4higkeit garantiert und die Sicherheit der Logistikprozesse zertifiziert.[\/vc_column_text][\/vc_column_inner][\/vc_row_inner][\/vc_column][\/vc_row][vc_row layout=&#8221;boxed&#8221; equal_height=&#8221;yes&#8221; el_class=&#8221;margin-top-60&#8243;][vc_column]            <div class=\"heading color-dark size-sm text-center \" >\n                                                        <h2>\n                        MADE IN ITALY                    <\/h2>\n                                <\/div>\n            [\/vc_column][\/vc_row][vc_row layout=&#8221;boxed&#8221; equal_height=&#8221;yes&#8221; video_link=&#8221;&#8221; css=&#8221;.vc_custom_1511522758330{margin-bottom: 60px !important;}&#8221;][vc_column][vc_column_text]<\/p>\n<p style=\"text-align: center;\">Die Qualit\u00e4t der Produkte BAT ist nicht nur durch nationale und internationale<br \/>\nInstitute zertifiziert, sondern auch durch die Tatsache, dass die gesamte Produktionskette gruppenintern vorgegeben ist.<\/p>\n<p>[\/vc_column_text][\/vc_column][\/vc_row][vc_row css=&#8221;.vc_custom_1511513307299{background-color: #eeeeee !important;}&#8221;][vc_column]            <div class=\"heading color-dark size-md text-center margin-top-95\" >\n                                <div class=\"line-single\">\n                                                        <h2>\n                        PATENTE                    <\/h2>\n                                    <\/div>\n                            <\/div>\n            [vc_row_inner el_class=&#8221;margin-top-55 margin-bottom-95&#8243;][vc_column_inner width=&#8221;1\/4&#8243;][vc_empty_space][\/vc_column_inner][vc_column_inner width=&#8221;1\/4&#8243;]            <div class=\"counter \">\n                                            <span class=\"display-percentage p-font\" style=\"color: \" data-percentage=\"16\">16<\/span>\n                                    <p class=\"counter-title s-font\" style=\"color: \">DESIGN-PATENTE<\/p>\n                            <\/div>\n            [\/vc_column_inner][vc_column_inner width=&#8221;1\/4&#8243;]            <div class=\"counter \">\n                                            <span class=\"display-percentage p-font\" style=\"color: \" data-percentage=\"21\">21<\/span>\n                                    <p class=\"counter-title s-font\" style=\"color: \">ERFINDUNGSPATENTE<\/p>\n                            <\/div>\n            [\/vc_column_inner][vc_column_inner width=&#8221;1\/4&#8243;][vc_empty_space][\/vc_column_inner][\/vc_row_inner][\/vc_column][\/vc_row]<\/p>\n","protected":false},"excerpt":{"rendered":"<p>[vc_row layout=&#8221;boxed&#8221; el_class=&#8221;margin-bottom-30&#8243;][vc_column width=&#8221;1\/4&#8243; el_class=&#8221;col-md-3 col-sm-12&#8243;][\/vc_column][vc_column width=&#8221;3\/4&#8243; el_class=&#8221;col-md-9 col-sm-12&#8243;][vc_column_text]Qualit\u00e4t und Sicherheit sind die Haupteigenschaften der Produkte von BAT. In dem wir diese Eigenschaften st\u00e4ndig befolgen und kontrollieren, verf\u00fcgt BAT \u00fcber die metrologische Ausstattung, die regelm\u00e4\u00dfigen Kontrollen unterzogen wird, sowie \u00fcber \u00dcberpr\u00fcfungsmuster f\u00fcr die Produktionsabteilungen und \u00dcberpr\u00fcfungsanleitungen mit Formularen f\u00fcr die Datensammlung zu entsprechenden kritischen Prozessphasen. [&hellip;]<\/p>\n","protected":false},"author":2653,"featured_media":0,"parent":0,"menu_order":0,"comment_status":"closed","ping_status":"closed","template":"","meta":{"_acf_changed":false,"footnotes":""},"class_list":["post-12046","page","type-page","status-publish","hentry"],"acf":[],"yoast_head":"<!-- This site is optimized with the Yoast SEO plugin v27.3 - https:\/\/yoast.com\/product\/yoast-seo-wordpress\/ -->\n<title>Aluminiumprofile und Gestelle f\u00fcr Markisen - Bat Group<\/title>\n<meta name=\"description\" content=\"Aluminiumprofile und Befestigungen f\u00fcr jede Art von Sonnensegel - innovativ und vorteilhaft. BAT Group bietet eine breite Produktpalette an Ersatzteilen.\" \/>\n<meta name=\"robots\" content=\"index, follow, max-snippet:-1, max-image-preview:large, max-video-preview:-1\" \/>\n<link rel=\"canonical\" href=\"https:\/\/www.batgroup.com\/de\/qualitaet-und-zertifizierung\/\" \/>\n<meta property=\"og:locale\" content=\"de_DE\" \/>\n<meta property=\"og:type\" content=\"article\" \/>\n<meta property=\"og:title\" content=\"Aluminiumprofile und Gestelle f\u00fcr Markisen - Bat Group\" \/>\n<meta property=\"og:description\" content=\"Aluminiumprofile und Befestigungen f\u00fcr jede Art von Sonnensegel - innovativ und vorteilhaft. BAT Group bietet eine breite Produktpalette an Ersatzteilen.\" \/>\n<meta property=\"og:url\" content=\"https:\/\/www.batgroup.com\/de\/qualitaet-und-zertifizierung\/\" \/>\n<meta property=\"og:site_name\" content=\"Bat Group\" \/>\n<meta property=\"article:modified_time\" content=\"2022-04-22T14:46:03+00:00\" \/>\n<meta name=\"twitter:card\" content=\"summary_large_image\" \/>\n<meta name=\"twitter:label1\" content=\"Gesch\u00e4tzte Lesezeit\" \/>\n\t<meta name=\"twitter:data1\" content=\"2\u00a0Minuten\" \/>\n<!-- \/ Yoast SEO plugin. -->","yoast_head_json":{"title":"Aluminiumprofile und Gestelle f\u00fcr Markisen - Bat Group","description":"Aluminiumprofile und Befestigungen f\u00fcr jede Art von Sonnensegel - innovativ und vorteilhaft. BAT Group bietet eine breite Produktpalette an Ersatzteilen.","robots":{"index":"index","follow":"follow","max-snippet":"max-snippet:-1","max-image-preview":"max-image-preview:large","max-video-preview":"max-video-preview:-1"},"canonical":"https:\/\/www.batgroup.com\/de\/qualitaet-und-zertifizierung\/","og_locale":"de_DE","og_type":"article","og_title":"Aluminiumprofile und Gestelle f\u00fcr Markisen - Bat Group","og_description":"Aluminiumprofile und Befestigungen f\u00fcr jede Art von Sonnensegel - innovativ und vorteilhaft. BAT Group bietet eine breite Produktpalette an Ersatzteilen.","og_url":"https:\/\/www.batgroup.com\/de\/qualitaet-und-zertifizierung\/","og_site_name":"Bat Group","article_modified_time":"2022-04-22T14:46:03+00:00","twitter_card":"summary_large_image","twitter_misc":{"Gesch\u00e4tzte Lesezeit":"2\u00a0Minuten"},"schema":{"@context":"https:\/\/schema.org","@graph":[{"@type":"WebPage","@id":"https:\/\/www.batgroup.com\/de\/qualitaet-und-zertifizierung\/","url":"https:\/\/www.batgroup.com\/de\/qualitaet-und-zertifizierung\/","name":"Aluminiumprofile und Gestelle f\u00fcr Markisen - Bat Group","isPartOf":{"@id":"https:\/\/www.batgroup.com\/us\/#website"},"datePublished":"2017-10-04T10:26:35+00:00","dateModified":"2022-04-22T14:46:03+00:00","description":"Aluminiumprofile und Befestigungen f\u00fcr jede Art von Sonnensegel - innovativ und vorteilhaft. BAT Group bietet eine breite Produktpalette an Ersatzteilen.","breadcrumb":{"@id":"https:\/\/www.batgroup.com\/de\/qualitaet-und-zertifizierung\/#breadcrumb"},"inLanguage":"de","potentialAction":[{"@type":"ReadAction","target":["https:\/\/www.batgroup.com\/de\/qualitaet-und-zertifizierung\/"]}]},{"@type":"BreadcrumbList","@id":"https:\/\/www.batgroup.com\/de\/qualitaet-und-zertifizierung\/#breadcrumb","itemListElement":[{"@type":"ListItem","position":1,"name":"Home","item":"https:\/\/www.batgroup.com\/de\/"},{"@type":"ListItem","position":2,"name":"Qualit\u00e4t und Zertifizierung"}]},{"@type":"WebSite","@id":"https:\/\/www.batgroup.com\/us\/#website","url":"https:\/\/www.batgroup.com\/us\/","name":"Bat Group","description":"Accessori e componenti per sistemi di schermatura solare","potentialAction":[{"@type":"SearchAction","target":{"@type":"EntryPoint","urlTemplate":"https:\/\/www.batgroup.com\/us\/?s={search_term_string}"},"query-input":{"@type":"PropertyValueSpecification","valueRequired":true,"valueName":"search_term_string"}}],"inLanguage":"de"}]}},"_links":{"self":[{"href":"https:\/\/www.batgroup.com\/de\/wp-json\/wp\/v2\/pages\/12046\/"}],"collection":[{"href":"https:\/\/www.batgroup.com\/de\/wp-json\/wp\/v2\/pages\/"}],"about":[{"href":"https:\/\/www.batgroup.com\/de\/wp-json\/wp\/v2\/types\/page\/"}],"author":[{"embeddable":true,"href":"https:\/\/www.batgroup.com\/de\/wp-json\/wp\/v2\/users\/2653\/"}],"replies":[{"embeddable":true,"href":"https:\/\/www.batgroup.com\/de\/wp-json\/wp\/v2\/comments\/?post=12046"}],"version-history":[{"count":0,"href":"https:\/\/www.batgroup.com\/de\/wp-json\/wp\/v2\/pages\/12046\/revisions\/"}],"wp:attachment":[{"href":"https:\/\/www.batgroup.com\/de\/wp-json\/wp\/v2\/media\/?parent=12046"}],"curies":[{"name":"wp","href":"https:\/\/api.w.org\/{rel}","templated":true}]}}